{"id":838,"date":"2017-07-09T12:02:36","date_gmt":"2017-07-09T10:02:36","guid":{"rendered":"http:\/\/edicionesdelantal.es\/sobre-mi\/"},"modified":"2022-06-21T22:26:36","modified_gmt":"2022-06-21T20:26:36","slug":"about","status":"publish","type":"page","link":"https:\/\/edicionesdelantal.es\/en\/about\/","title":{"rendered":"About us"},"content":{"rendered":"<p>EdicionesDelantal is composer\u00a0<a href=\"http:\/\/soniamegias.es\/en\/\">Sonia Meg\u00edas<\/a>&#8216; publishing company. She created it in 2011 at the Newyorker neighborhood of Brooklyn as DelantalEditions, and it has the Madrilian neighborhood of Lavapi\u00e9s as its current headquarters. EdicionesDelantal is focused on publishing pieces by its editor, Sonia Meg\u00edas, and specially the ones that use staff on paper.<\/p>\n<p>The five collections:<br \/>\n&#8211; <strong>SoloCollection<\/strong> contains pieces for solo instrument or solo voice<br \/>\n&#8211; <strong>ChamberCollection<\/strong> is composed by pieces for chamber groups up to 4 instruments<br \/>\n&#8211; <strong>EnsembleCollection<\/strong>\u00a0is made by pieces for instrumental groups for 5 or more instruments<br \/>\n&#8211; <strong>SymphonicCollection<\/strong> is dedicated to pieces for bigger groups<br \/>\n&#8211; <strong>ChoralCollection<\/strong>\u00a0contains music for choir or vocal ensembles.<br \/>\n&#8211; <strong>PelCollection<\/strong> is dedicated to pieces by vocal duet D\u00faa de Pel (Eva Guillam\u00f3n and Sonia Meg\u00edas).<br \/>\n&#8211; <strong>EarthCollection<\/strong> are transcriptions of indigenous music.<br \/>\n&#8211; <strong>WordCollection <\/strong>are physical books mainly made of words.<\/p>\n<p>You can watch the composer&#8217;s<strong>\u00a0catalog<\/strong> (osm and asm), by following this <a href=\"http:\/\/soniamegias.es\/en\/catalogue\/\" target=\"_blank\" rel=\"noopener noreferrer\">link<\/a>.<br \/>\nIf you are interested in any work or arteSon\u00eda that you can&#8217;t find on the web, please let us know and we&#8217;l upload it for you.<\/p>\n<p>EdicionesDelantal&#8217;s logo is made in two parts: el title in Courier New, and the sound waves from the chorus CoroDelantal of New York saying homophonically \u00a0&#8220;CoroDelantal&#8221;, idea of artist\u00a0<a href=\"http:\/\/half-half.es\">Merche Blasco<\/a>.<\/p>\n<p>The current team is made by Orqu\u00eddea S\u00e1nchez Azor\u00edn, contents manager, and Sonia Meg\u00edas.<\/p>\n","protected":false},"excerpt":{"rendered":"<p>EdicionesDelantal is composer\u00a0Sonia Meg\u00edas&#8216; publishing company. She created it in 2011 at the Newyorker neighborhood of Brooklyn as DelantalEditions, and it has the Madrilian neighborhood of Lavapi\u00e9s as its current [&hellip;]<\/p>\n","protected":false},"author":2,"featured_media":2832,"parent":0,"menu_order":10,"comment_status":"closed","ping_status":"closed","template":"page-home-lvem.php","meta":{"_gspb_post_css":"","pmpro_default_level":"","_uag_custom_page_level_css":"","footnotes":""},"class_list":["post-838","page","type-page","status-publish","has-post-thumbnail","hentry","pmpro-has-access"],"acf":[],"yoast_head":"<!-- This site is optimized with the Yoast SEO plugin v27.3 - https:\/\/yoast.com\/product\/yoast-seo-wordpress\/ -->\n<title>About us - EdicionesDelantal<\/title>\n<meta name=\"robots\" content=\"index, follow, max-snippet:-1, max-image-preview:large, max-video-preview:-1\" \/>\n<link rel=\"canonical\" href=\"https:\/\/edicionesdelantal.es\/en\/about\/\" \/>\n<meta name=\"twitter:label1\" content=\"Est. reading time\" \/>\n\t<meta name=\"twitter:data1\" content=\"2 minutes\" \/>\n<script type=\"application\/ld+json\" class=\"yoast-schema-graph\">{\"@context\":\"https:\\\/\\\/schema.org\",\"@graph\":[{\"@type\":\"WebPage\",\"@id\":\"https:\\\/\\\/edicionesdelantal.es\\\/en\\\/about\\\/\",\"url\":\"https:\\\/\\\/edicionesdelantal.es\\\/en\\\/about\\\/\",\"name\":\"About us - EdicionesDelantal\",\"isPartOf\":{\"@id\":\"https:\\\/\\\/edicionesdelantal.es\\\/#website\"},\"primaryImageOfPage\":{\"@id\":\"https:\\\/\\\/edicionesdelantal.es\\\/en\\\/about\\\/#primaryimage\"},\"image\":{\"@id\":\"https:\\\/\\\/edicionesdelantal.es\\\/en\\\/about\\\/#primaryimage\"},\"thumbnailUrl\":\"https:\\\/\\\/edicionesdelantal.es\\\/wp-content\\\/uploads\\\/2020\\\/04\\\/a-EdicionesDelantal_LOGOCUADRADO.jpg\",\"datePublished\":\"2017-07-09T10:02:36+00:00\",\"dateModified\":\"2022-06-21T20:26:36+00:00\",\"breadcrumb\":{\"@id\":\"https:\\\/\\\/edicionesdelantal.es\\\/en\\\/about\\\/#breadcrumb\"},\"inLanguage\":\"en-US\",\"potentialAction\":[{\"@type\":\"ReadAction\",\"target\":[\"https:\\\/\\\/edicionesdelantal.es\\\/en\\\/about\\\/\"]}]},{\"@type\":\"ImageObject\",\"inLanguage\":\"en-US\",\"@id\":\"https:\\\/\\\/edicionesdelantal.es\\\/en\\\/about\\\/#primaryimage\",\"url\":\"https:\\\/\\\/edicionesdelantal.es\\\/wp-content\\\/uploads\\\/2020\\\/04\\\/a-EdicionesDelantal_LOGOCUADRADO.jpg\",\"contentUrl\":\"https:\\\/\\\/edicionesdelantal.es\\\/wp-content\\\/uploads\\\/2020\\\/04\\\/a-EdicionesDelantal_LOGOCUADRADO.jpg\",\"width\":948,\"height\":948},{\"@type\":\"BreadcrumbList\",\"@id\":\"https:\\\/\\\/edicionesdelantal.es\\\/en\\\/about\\\/#breadcrumb\",\"itemListElement\":[{\"@type\":\"ListItem\",\"position\":1,\"name\":\"Portada\",\"item\":\"https:\\\/\\\/edicionesdelantal.es\\\/en\\\/\"},{\"@type\":\"ListItem\",\"position\":2,\"name\":\"About us\"}]},{\"@type\":\"WebSite\",\"@id\":\"https:\\\/\\\/edicionesdelantal.es\\\/#website\",\"url\":\"https:\\\/\\\/edicionesdelantal.es\\\/\",\"name\":\"EdicionesDelantal\",\"description\":\"Composer Sonia Meg\u00edas&#039; publishing company\",\"publisher\":{\"@id\":\"https:\\\/\\\/edicionesdelantal.es\\\/#organization\"},\"potentialAction\":[{\"@type\":\"SearchAction\",\"target\":{\"@type\":\"EntryPoint\",\"urlTemplate\":\"https:\\\/\\\/edicionesdelantal.es\\\/?s={search_term_string}\"},\"query-input\":{\"@type\":\"PropertyValueSpecification\",\"valueRequired\":true,\"valueName\":\"search_term_string\"}}],\"inLanguage\":\"en-US\"},{\"@type\":\"Organization\",\"@id\":\"https:\\\/\\\/edicionesdelantal.es\\\/#organization\",\"name\":\"EdicionesDelantal\",\"url\":\"https:\\\/\\\/edicionesdelantal.es\\\/\",\"logo\":{\"@type\":\"ImageObject\",\"inLanguage\":\"en-US\",\"@id\":\"https:\\\/\\\/edicionesdelantal.es\\\/#\\\/schema\\\/logo\\\/image\\\/\",\"url\":\"https:\\\/\\\/edicionesdelantal.es\\\/wp-content\\\/uploads\\\/2017\\\/11\\\/a-EdicionesDelantal_LOGOCUADRADO.jpg\",\"contentUrl\":\"https:\\\/\\\/edicionesdelantal.es\\\/wp-content\\\/uploads\\\/2017\\\/11\\\/a-EdicionesDelantal_LOGOCUADRADO.jpg\",\"width\":948,\"height\":948,\"caption\":\"EdicionesDelantal\"},\"image\":{\"@id\":\"https:\\\/\\\/edicionesdelantal.es\\\/#\\\/schema\\\/logo\\\/image\\\/\"}}]}<\/script>\n<!-- \/ Yoast SEO plugin. -->","yoast_head_json":{"title":"About us - EdicionesDelantal","robots":{"index":"index","follow":"follow","max-snippet":"max-snippet:-1","max-image-preview":"max-image-preview:large","max-video-preview":"max-video-preview:-1"},"canonical":"https:\/\/edicionesdelantal.es\/en\/about\/","twitter_misc":{"Est. reading time":"2 minutes"},"schema":{"@context":"https:\/\/schema.org","@graph":[{"@type":"WebPage","@id":"https:\/\/edicionesdelantal.es\/en\/about\/","url":"https:\/\/edicionesdelantal.es\/en\/about\/","name":"About us - EdicionesDelantal","isPartOf":{"@id":"https:\/\/edicionesdelantal.es\/#website"},"primaryImageOfPage":{"@id":"https:\/\/edicionesdelantal.es\/en\/about\/#primaryimage"},"image":{"@id":"https:\/\/edicionesdelantal.es\/en\/about\/#primaryimage"},"thumbnailUrl":"https:\/\/edicionesdelantal.es\/wp-content\/uploads\/2020\/04\/a-EdicionesDelantal_LOGOCUADRADO.jpg","datePublished":"2017-07-09T10:02:36+00:00","dateModified":"2022-06-21T20:26:36+00:00","breadcrumb":{"@id":"https:\/\/edicionesdelantal.es\/en\/about\/#breadcrumb"},"inLanguage":"en-US","potentialAction":[{"@type":"ReadAction","target":["https:\/\/edicionesdelantal.es\/en\/about\/"]}]},{"@type":"ImageObject","inLanguage":"en-US","@id":"https:\/\/edicionesdelantal.es\/en\/about\/#primaryimage","url":"https:\/\/edicionesdelantal.es\/wp-content\/uploads\/2020\/04\/a-EdicionesDelantal_LOGOCUADRADO.jpg","contentUrl":"https:\/\/edicionesdelantal.es\/wp-content\/uploads\/2020\/04\/a-EdicionesDelantal_LOGOCUADRADO.jpg","width":948,"height":948},{"@type":"BreadcrumbList","@id":"https:\/\/edicionesdelantal.es\/en\/about\/#breadcrumb","itemListElement":[{"@type":"ListItem","position":1,"name":"Portada","item":"https:\/\/edicionesdelantal.es\/en\/"},{"@type":"ListItem","position":2,"name":"About us"}]},{"@type":"WebSite","@id":"https:\/\/edicionesdelantal.es\/#website","url":"https:\/\/edicionesdelantal.es\/","name":"EdicionesDelantal","description":"Composer Sonia Meg\u00edas&#039; publishing company","publisher":{"@id":"https:\/\/edicionesdelantal.es\/#organization"},"potentialAction":[{"@type":"SearchAction","target":{"@type":"EntryPoint","urlTemplate":"https:\/\/edicionesdelantal.es\/?s={search_term_string}"},"query-input":{"@type":"PropertyValueSpecification","valueRequired":true,"valueName":"search_term_string"}}],"inLanguage":"en-US"},{"@type":"Organization","@id":"https:\/\/edicionesdelantal.es\/#organization","name":"EdicionesDelantal","url":"https:\/\/edicionesdelantal.es\/","logo":{"@type":"ImageObject","inLanguage":"en-US","@id":"https:\/\/edicionesdelantal.es\/#\/schema\/logo\/image\/","url":"https:\/\/edicionesdelantal.es\/wp-content\/uploads\/2017\/11\/a-EdicionesDelantal_LOGOCUADRADO.jpg","contentUrl":"https:\/\/edicionesdelantal.es\/wp-content\/uploads\/2017\/11\/a-EdicionesDelantal_LOGOCUADRADO.jpg","width":948,"height":948,"caption":"EdicionesDelantal"},"image":{"@id":"https:\/\/edicionesdelantal.es\/#\/schema\/logo\/image\/"}}]}},"uagb_featured_image_src":{"full":["https:\/\/edicionesdelantal.es\/wp-content\/uploads\/2020\/04\/a-EdicionesDelantal_LOGOCUADRADO.jpg",948,948,false],"thumbnail":["https:\/\/edicionesdelantal.es\/wp-content\/uploads\/2020\/04\/a-EdicionesDelantal_LOGOCUADRADO-150x150.jpg",150,150,true],"medium":["https:\/\/edicionesdelantal.es\/wp-content\/uploads\/2020\/04\/a-EdicionesDelantal_LOGOCUADRADO-300x300.jpg",300,300,true],"medium_large":["https:\/\/edicionesdelantal.es\/wp-content\/uploads\/2020\/04\/a-EdicionesDelantal_LOGOCUADRADO-768x768.jpg",768,768,true],"large":["https:\/\/edicionesdelantal.es\/wp-content\/uploads\/2020\/04\/a-EdicionesDelantal_LOGOCUADRADO.jpg",948,948,false],"1536x1536":["https:\/\/edicionesdelantal.es\/wp-content\/uploads\/2020\/04\/a-EdicionesDelantal_LOGOCUADRADO.jpg",948,948,false],"2048x2048":["https:\/\/edicionesdelantal.es\/wp-content\/uploads\/2020\/04\/a-EdicionesDelantal_LOGOCUADRADO.jpg",948,948,false],"woocommerce_thumbnail":["https:\/\/edicionesdelantal.es\/wp-content\/uploads\/2020\/04\/a-EdicionesDelantal_LOGOCUADRADO-324x324.jpg",324,324,true],"woocommerce_single":["https:\/\/edicionesdelantal.es\/wp-content\/uploads\/2020\/04\/a-EdicionesDelantal_LOGOCUADRADO-416x416.jpg",416,416,true],"woocommerce_gallery_thumbnail":["https:\/\/edicionesdelantal.es\/wp-content\/uploads\/2020\/04\/a-EdicionesDelantal_LOGOCUADRADO-100x100.jpg",100,100,true]},"uagb_author_info":{"display_name":"Sonia Meg\u00edas","author_link":"https:\/\/edicionesdelantal.es\/en\/author\/sonia\/"},"uagb_comment_info":0,"uagb_excerpt":"EdicionesDelantal is composer\u00a0Sonia Meg\u00edas&#8216; publishing company. She created it in 2011 at the Newyorker neighborhood of Brooklyn as DelantalEditions, and it has the Madrilian neighborhood of Lavapi\u00e9s as its current [&hellip;]","jetpack_sharing_enabled":true,"_links":{"self":[{"href":"https:\/\/edicionesdelantal.es\/en\/wp-json\/wp\/v2\/pages\/838","targetHints":{"allow":["GET"]}}],"collection":[{"href":"https:\/\/edicionesdelantal.es\/en\/wp-json\/wp\/v2\/pages"}],"about":[{"href":"https:\/\/edicionesdelantal.es\/en\/wp-json\/wp\/v2\/types\/page"}],"author":[{"embeddable":true,"href":"https:\/\/edicionesdelantal.es\/en\/wp-json\/wp\/v2\/users\/2"}],"replies":[{"embeddable":true,"href":"https:\/\/edicionesdelantal.es\/en\/wp-json\/wp\/v2\/comments?post=838"}],"version-history":[{"count":2,"href":"https:\/\/edicionesdelantal.es\/en\/wp-json\/wp\/v2\/pages\/838\/revisions"}],"predecessor-version":[{"id":5487,"href":"https:\/\/edicionesdelantal.es\/en\/wp-json\/wp\/v2\/pages\/838\/revisions\/5487"}],"wp:featuredmedia":[{"embeddable":true,"href":"https:\/\/edicionesdelantal.es\/en\/wp-json\/wp\/v2\/media\/2832"}],"wp:attachment":[{"href":"https:\/\/edicionesdelantal.es\/en\/wp-json\/wp\/v2\/media?parent=838"}],"curies":[{"name":"wp","href":"https:\/\/api.w.org\/{rel}","templated":true}]}}