{"id":11421,"date":"2025-01-26T03:45:48","date_gmt":"2025-01-26T02:45:48","guid":{"rendered":"https:\/\/edicionesdelantal.es\/?post_type=product&#038;p=11421"},"modified":"2025-04-19T16:08:15","modified_gmt":"2025-04-19T14:08:15","slug":"el-laberinto-de-los-principios-ddp12n7v1","status":"publish","type":"product","link":"https:\/\/edicionesdelantal.es\/en\/product\/el-laberinto-de-los-principios-ddp12n7v1\/","title":{"rendered":"El laberinto de los principios"},"content":{"rendered":"","protected":false},"excerpt":{"rendered":"<p><em><strong>El laberinto de los principios <\/strong><\/em>(Labyrinth of the beginnings) is a song by D\u00faa da Pel (Eva Guillam\u00f3n and Sonia Meg\u00edas) inspired by the Temple of Quetzalcoatl in Teotihuacan, Mexico.<\/p>\n","protected":false},"featured_media":11423,"template":"","meta":{"_gspb_post_css":"","pmpro_default_level":"","_uag_custom_page_level_css":"","_price":"1","_stock":null,"_tribe_ticket_header":"","_tribe_default_ticket_provider":"","_tribe_ticket_capacity":"","_ticket_start_date":"","_ticket_end_date":"","_tribe_ticket_show_description":"","_tribe_ticket_show_not_going":false,"_tribe_ticket_use_global_stock":"","_tribe_ticket_global_stock_level":"","_global_stock_mode":"","_global_stock_cap":"","_tribe_rsvp_for_event":"","_tribe_ticket_going_count":"","_tribe_ticket_not_going_count":"","_tribe_tickets_list":"[]","_tribe_ticket_has_attendee_info_fields":false},"product_brand":[],"product_cat":[135,180,140,142,295,203,212,163,181,297,169,178,139],"product_tag":[1788],"class_list":{"0":"post-11421","1":"product","2":"type-product","3":"status-publish","4":"has-post-thumbnail","6":"product_cat-alto-en","7":"product_cat-camera","8":"product_cat-collections-en","9":"product_cat-genre-en","10":"product_cat-pelcollection","11":"product_cat-percussion","12":"product_cat-shaker-en","13":"product_cat-soloist","14":"product_cat-song","15":"product_cat-pandero-cuadrado-en","16":"product_cat-strings","17":"product_cat-violoncello","18":"product_cat-voice-en","19":"product_tag-dua-da-pel-en","20":"pmpro-has-access","22":"first","23":"instock","24":"taxable","25":"shipping-taxable","26":"product-type-grouped"},"acf":[],"yoast_head":"<!-- This site is optimized with the Yoast SEO plugin v27.3 - https:\/\/yoast.com\/product\/yoast-seo-wordpress\/ -->\n<title>El laberinto de los principios - EdicionesDelantal<\/title>\n<meta name=\"robots\" content=\"index, follow, max-snippet:-1, max-image-preview:large, max-video-preview:-1\" \/>\n<link rel=\"canonical\" href=\"https:\/\/edicionesdelantal.es\/en\/product\/el-laberinto-de-los-principios-ddp12n7v1\/\" \/>\n<meta name=\"twitter:label1\" content=\"Est. reading time\" \/>\n\t<meta name=\"twitter:data1\" content=\"1 minute\" \/>\n<script type=\"application\/ld+json\" class=\"yoast-schema-graph\">{\"@context\":\"https:\\\/\\\/schema.org\",\"@graph\":[{\"@type\":\"WebPage\",\"@id\":\"https:\\\/\\\/edicionesdelantal.es\\\/en\\\/product\\\/el-laberinto-de-los-principios-ddp12n7v1\\\/\",\"url\":\"https:\\\/\\\/edicionesdelantal.es\\\/en\\\/product\\\/el-laberinto-de-los-principios-ddp12n7v1\\\/\",\"name\":\"El laberinto de los principios - EdicionesDelantal\",\"isPartOf\":{\"@id\":\"https:\\\/\\\/edicionesdelantal.es\\\/#website\"},\"primaryImageOfPage\":{\"@id\":\"https:\\\/\\\/edicionesdelantal.es\\\/en\\\/product\\\/el-laberinto-de-los-principios-ddp12n7v1\\\/#primaryimage\"},\"image\":{\"@id\":\"https:\\\/\\\/edicionesdelantal.es\\\/en\\\/product\\\/el-laberinto-de-los-principios-ddp12n7v1\\\/#primaryimage\"},\"thumbnailUrl\":\"https:\\\/\\\/edicionesdelantal.es\\\/wp-content\\\/uploads\\\/2025\\\/01\\\/EDPE0022-icono-1.jpg\",\"datePublished\":\"2025-01-26T02:45:48+00:00\",\"dateModified\":\"2025-04-19T14:08:15+00:00\",\"breadcrumb\":{\"@id\":\"https:\\\/\\\/edicionesdelantal.es\\\/en\\\/product\\\/el-laberinto-de-los-principios-ddp12n7v1\\\/#breadcrumb\"},\"inLanguage\":\"en-US\",\"potentialAction\":[{\"@type\":\"ReadAction\",\"target\":[\"https:\\\/\\\/edicionesdelantal.es\\\/en\\\/product\\\/el-laberinto-de-los-principios-ddp12n7v1\\\/\"]}]},{\"@type\":\"ImageObject\",\"inLanguage\":\"en-US\",\"@id\":\"https:\\\/\\\/edicionesdelantal.es\\\/en\\\/product\\\/el-laberinto-de-los-principios-ddp12n7v1\\\/#primaryimage\",\"url\":\"https:\\\/\\\/edicionesdelantal.es\\\/wp-content\\\/uploads\\\/2025\\\/01\\\/EDPE0022-icono-1.jpg\",\"contentUrl\":\"https:\\\/\\\/edicionesdelantal.es\\\/wp-content\\\/uploads\\\/2025\\\/01\\\/EDPE0022-icono-1.jpg\",\"width\":1842,\"height\":1842,\"caption\":\"Screenshot\"},{\"@type\":\"BreadcrumbList\",\"@id\":\"https:\\\/\\\/edicionesdelantal.es\\\/en\\\/product\\\/el-laberinto-de-los-principios-ddp12n7v1\\\/#breadcrumb\",\"itemListElement\":[{\"@type\":\"ListItem\",\"position\":1,\"name\":\"Portada\",\"item\":\"https:\\\/\\\/edicionesdelantal.es\\\/en\\\/\"},{\"@type\":\"ListItem\",\"position\":2,\"name\":\"Tienda de Partituras\",\"item\":\"https:\\\/\\\/edicionesdelantal.es\\\/tienda\\\/\"},{\"@type\":\"ListItem\",\"position\":3,\"name\":\"El laberinto de los principios\"}]},{\"@type\":\"WebSite\",\"@id\":\"https:\\\/\\\/edicionesdelantal.es\\\/#website\",\"url\":\"https:\\\/\\\/edicionesdelantal.es\\\/\",\"name\":\"EdicionesDelantal\",\"description\":\"Composer Sonia Meg\u00edas&#039; publishing company\",\"publisher\":{\"@id\":\"https:\\\/\\\/edicionesdelantal.es\\\/#organization\"},\"potentialAction\":[{\"@type\":\"SearchAction\",\"target\":{\"@type\":\"EntryPoint\",\"urlTemplate\":\"https:\\\/\\\/edicionesdelantal.es\\\/?s={search_term_string}\"},\"query-input\":{\"@type\":\"PropertyValueSpecification\",\"valueRequired\":true,\"valueName\":\"search_term_string\"}}],\"inLanguage\":\"en-US\"},{\"@type\":\"Organization\",\"@id\":\"https:\\\/\\\/edicionesdelantal.es\\\/#organization\",\"name\":\"EdicionesDelantal\",\"url\":\"https:\\\/\\\/edicionesdelantal.es\\\/\",\"logo\":{\"@type\":\"ImageObject\",\"inLanguage\":\"en-US\",\"@id\":\"https:\\\/\\\/edicionesdelantal.es\\\/#\\\/schema\\\/logo\\\/image\\\/\",\"url\":\"https:\\\/\\\/edicionesdelantal.es\\\/wp-content\\\/uploads\\\/2017\\\/11\\\/a-EdicionesDelantal_LOGOCUADRADO.jpg\",\"contentUrl\":\"https:\\\/\\\/edicionesdelantal.es\\\/wp-content\\\/uploads\\\/2017\\\/11\\\/a-EdicionesDelantal_LOGOCUADRADO.jpg\",\"width\":948,\"height\":948,\"caption\":\"EdicionesDelantal\"},\"image\":{\"@id\":\"https:\\\/\\\/edicionesdelantal.es\\\/#\\\/schema\\\/logo\\\/image\\\/\"}}]}<\/script>\n<!-- \/ Yoast SEO plugin. -->","yoast_head_json":{"title":"El laberinto de los principios - EdicionesDelantal","robots":{"index":"index","follow":"follow","max-snippet":"max-snippet:-1","max-image-preview":"max-image-preview:large","max-video-preview":"max-video-preview:-1"},"canonical":"https:\/\/edicionesdelantal.es\/en\/product\/el-laberinto-de-los-principios-ddp12n7v1\/","twitter_misc":{"Est. reading time":"1 minute"},"schema":{"@context":"https:\/\/schema.org","@graph":[{"@type":"WebPage","@id":"https:\/\/edicionesdelantal.es\/en\/product\/el-laberinto-de-los-principios-ddp12n7v1\/","url":"https:\/\/edicionesdelantal.es\/en\/product\/el-laberinto-de-los-principios-ddp12n7v1\/","name":"El laberinto de los principios - EdicionesDelantal","isPartOf":{"@id":"https:\/\/edicionesdelantal.es\/#website"},"primaryImageOfPage":{"@id":"https:\/\/edicionesdelantal.es\/en\/product\/el-laberinto-de-los-principios-ddp12n7v1\/#primaryimage"},"image":{"@id":"https:\/\/edicionesdelantal.es\/en\/product\/el-laberinto-de-los-principios-ddp12n7v1\/#primaryimage"},"thumbnailUrl":"https:\/\/edicionesdelantal.es\/wp-content\/uploads\/2025\/01\/EDPE0022-icono-1.jpg","datePublished":"2025-01-26T02:45:48+00:00","dateModified":"2025-04-19T14:08:15+00:00","breadcrumb":{"@id":"https:\/\/edicionesdelantal.es\/en\/product\/el-laberinto-de-los-principios-ddp12n7v1\/#breadcrumb"},"inLanguage":"en-US","potentialAction":[{"@type":"ReadAction","target":["https:\/\/edicionesdelantal.es\/en\/product\/el-laberinto-de-los-principios-ddp12n7v1\/"]}]},{"@type":"ImageObject","inLanguage":"en-US","@id":"https:\/\/edicionesdelantal.es\/en\/product\/el-laberinto-de-los-principios-ddp12n7v1\/#primaryimage","url":"https:\/\/edicionesdelantal.es\/wp-content\/uploads\/2025\/01\/EDPE0022-icono-1.jpg","contentUrl":"https:\/\/edicionesdelantal.es\/wp-content\/uploads\/2025\/01\/EDPE0022-icono-1.jpg","width":1842,"height":1842,"caption":"Screenshot"},{"@type":"BreadcrumbList","@id":"https:\/\/edicionesdelantal.es\/en\/product\/el-laberinto-de-los-principios-ddp12n7v1\/#breadcrumb","itemListElement":[{"@type":"ListItem","position":1,"name":"Portada","item":"https:\/\/edicionesdelantal.es\/en\/"},{"@type":"ListItem","position":2,"name":"Tienda de Partituras","item":"https:\/\/edicionesdelantal.es\/tienda\/"},{"@type":"ListItem","position":3,"name":"El laberinto de los principios"}]},{"@type":"WebSite","@id":"https:\/\/edicionesdelantal.es\/#website","url":"https:\/\/edicionesdelantal.es\/","name":"EdicionesDelantal","description":"Composer Sonia Meg\u00edas&#039; publishing company","publisher":{"@id":"https:\/\/edicionesdelantal.es\/#organization"},"potentialAction":[{"@type":"SearchAction","target":{"@type":"EntryPoint","urlTemplate":"https:\/\/edicionesdelantal.es\/?s={search_term_string}"},"query-input":{"@type":"PropertyValueSpecification","valueRequired":true,"valueName":"search_term_string"}}],"inLanguage":"en-US"},{"@type":"Organization","@id":"https:\/\/edicionesdelantal.es\/#organization","name":"EdicionesDelantal","url":"https:\/\/edicionesdelantal.es\/","logo":{"@type":"ImageObject","inLanguage":"en-US","@id":"https:\/\/edicionesdelantal.es\/#\/schema\/logo\/image\/","url":"https:\/\/edicionesdelantal.es\/wp-content\/uploads\/2017\/11\/a-EdicionesDelantal_LOGOCUADRADO.jpg","contentUrl":"https:\/\/edicionesdelantal.es\/wp-content\/uploads\/2017\/11\/a-EdicionesDelantal_LOGOCUADRADO.jpg","width":948,"height":948,"caption":"EdicionesDelantal"},"image":{"@id":"https:\/\/edicionesdelantal.es\/#\/schema\/logo\/image\/"}}]}},"uagb_featured_image_src":{"full":["https:\/\/edicionesdelantal.es\/wp-content\/uploads\/2025\/01\/EDPE0022-icono-1.jpg",1842,1842,false],"thumbnail":["https:\/\/edicionesdelantal.es\/wp-content\/uploads\/2025\/01\/EDPE0022-icono-1-150x150.jpg",150,150,true],"medium":["https:\/\/edicionesdelantal.es\/wp-content\/uploads\/2025\/01\/EDPE0022-icono-1-300x300.jpg",300,300,true],"medium_large":["https:\/\/edicionesdelantal.es\/wp-content\/uploads\/2025\/01\/EDPE0022-icono-1-768x768.jpg",768,768,true],"large":["https:\/\/edicionesdelantal.es\/wp-content\/uploads\/2025\/01\/EDPE0022-icono-1-1024x1024.jpg",980,980,true],"1536x1536":["https:\/\/edicionesdelantal.es\/wp-content\/uploads\/2025\/01\/EDPE0022-icono-1-1536x1536.jpg",1536,1536,true],"2048x2048":["https:\/\/edicionesdelantal.es\/wp-content\/uploads\/2025\/01\/EDPE0022-icono-1.jpg",1842,1842,false],"woocommerce_thumbnail":["https:\/\/edicionesdelantal.es\/wp-content\/uploads\/2025\/01\/EDPE0022-icono-1-324x324.jpg",324,324,true],"woocommerce_single":["https:\/\/edicionesdelantal.es\/wp-content\/uploads\/2025\/01\/EDPE0022-icono-1-416x416.jpg",416,416,true],"woocommerce_gallery_thumbnail":["https:\/\/edicionesdelantal.es\/wp-content\/uploads\/2025\/01\/EDPE0022-icono-1-100x100.jpg",100,100,true]},"uagb_author_info":{"display_name":"Sonia Meg\u00edas","author_link":"https:\/\/edicionesdelantal.es\/en\/author\/"},"uagb_comment_info":0,"uagb_excerpt":"El laberinto de los principios (Labyrinth of the beginnings) is a song by D\u00faa da Pel (Eva Guillam\u00f3n and Sonia Meg\u00edas) inspired by the Temple of Quetzalcoatl in Teotihuacan, Mexico.","jetpack_sharing_enabled":true,"_links":{"self":[{"href":"https:\/\/edicionesdelantal.es\/en\/wp-json\/wp\/v2\/product\/11421","targetHints":{"allow":["GET"]}}],"collection":[{"href":"https:\/\/edicionesdelantal.es\/en\/wp-json\/wp\/v2\/product"}],"about":[{"href":"https:\/\/edicionesdelantal.es\/en\/wp-json\/wp\/v2\/types\/product"}],"wp:featuredmedia":[{"embeddable":true,"href":"https:\/\/edicionesdelantal.es\/en\/wp-json\/wp\/v2\/media\/11423"}],"wp:attachment":[{"href":"https:\/\/edicionesdelantal.es\/en\/wp-json\/wp\/v2\/media?parent=11421"}],"wp:term":[{"taxonomy":"product_brand","embeddable":true,"href":"https:\/\/edicionesdelantal.es\/en\/wp-json\/wp\/v2\/product_brand?post=11421"},{"taxonomy":"product_cat","embeddable":true,"href":"https:\/\/edicionesdelantal.es\/en\/wp-json\/wp\/v2\/product_cat?post=11421"},{"taxonomy":"product_tag","embeddable":true,"href":"https:\/\/edicionesdelantal.es\/en\/wp-json\/wp\/v2\/product_tag?post=11421"}],"curies":[{"name":"wp","href":"https:\/\/api.w.org\/{rel}","templated":true}]}}