{"id":13698,"date":"2025-10-12T19:05:58","date_gmt":"2025-10-12T17:05:58","guid":{"rendered":"https:\/\/edicionesdelantal.es\/product\/somos-naturaleza-cantata-ddp7n\/"},"modified":"2026-01-28T19:37:47","modified_gmt":"2026-01-28T18:37:47","slug":"somos-naturaleza-cantata-ddp7n","status":"publish","type":"product","link":"https:\/\/edicionesdelantal.es\/en\/product\/somos-naturaleza-cantata-ddp7n\/","title":{"rendered":"Somos Naturaleza"},"content":{"rendered":"","protected":false},"excerpt":{"rendered":"<p>EcoCantata sobre libreto de Eva Guillam\u00f3n. Compuesta entre 2015 y 2017 para ser estrenada en la sala principal del Teatro Real (producci\u00f3n del propio teatro), con la pianista Rosa Torres-Pardo (Gea) , la narradora Clara Mu\u00f1iz (Luna), la Orquesta Sinf\u00f3nica de Madrid, y los Coros y Orquestas de la fundaci\u00f3n Acci\u00f3n Social por la M\u00fasica, dirigidos por Nuria Fern\u00e1ndez.<\/p>\n","protected":false},"featured_media":13268,"template":"","meta":{"_gspb_post_css":"","pmpro_default_level":"","_uag_custom_page_level_css":""},"product_brand":[],"product_cat":[159,232,190,198,143,189,140,183,173,204,191,200,142,136,153,137,192,203,157,163,169,186,167,199,201,202,176,177,178,139,188],"product_tag":[],"class_list":{"0":"post-13698","1":"product","2":"type-product","3":"status-publish","4":"has-post-thumbnail","6":"product_cat-actor-tress-or-performer","7":"product_cat-trombon-bajo-en","8":"product_cat-bassoon","9":"product_cat-brass","10":"product_cat-coral-en","11":"product_cat-clarinet","12":"product_cat-collections-en","13":"product_cat-didactica-en","14":"product_cat-double-bass","15":"product_cat-drumset","16":"product_cat-flute-piccolo","17":"product_cat-french-horn","18":"product_cat-genre-en","19":"product_cat-group-en","20":"product_cat-keyboard","21":"product_cat-mezzo-en","22":"product_cat-oboe-english-horn","23":"product_cat-percussion","24":"product_cat-piano-en","25":"product_cat-soloist","26":"product_cat-strings","27":"product_cat-sinfonico-en","28":"product_cat-symphoniccollection","29":"product_cat-trombone","30":"product_cat-trumpet","31":"product_cat-tuba-en","32":"product_cat-viola-en","33":"product_cat-violin-en","34":"product_cat-violoncello","35":"product_cat-voice-en","36":"product_cat-woodwind","37":"pmpro-has-access","39":"first","40":"instock","41":"taxable","42":"shipping-taxable","43":"product-type-grouped"},"acf":[],"yoast_head":"<!-- This site is optimized with the Yoast SEO plugin v27.3 - https:\/\/yoast.com\/product\/yoast-seo-wordpress\/ -->\n<title>Somos Naturaleza - EdicionesDelantal<\/title>\n<meta name=\"robots\" content=\"index, follow, max-snippet:-1, max-image-preview:large, max-video-preview:-1\" \/>\n<link rel=\"canonical\" href=\"https:\/\/edicionesdelantal.es\/en\/product\/somos-naturaleza-cantata-ddp7n\/\" \/>\n<meta name=\"twitter:label1\" content=\"Est. reading time\" \/>\n\t<meta name=\"twitter:data1\" content=\"1 minute\" \/>\n<script type=\"application\/ld+json\" class=\"yoast-schema-graph\">{\"@context\":\"https:\\\/\\\/schema.org\",\"@graph\":[{\"@type\":\"WebPage\",\"@id\":\"https:\\\/\\\/edicionesdelantal.es\\\/en\\\/product\\\/somos-naturaleza-cantata-ddp7n\\\/\",\"url\":\"https:\\\/\\\/edicionesdelantal.es\\\/en\\\/product\\\/somos-naturaleza-cantata-ddp7n\\\/\",\"name\":\"Somos Naturaleza - EdicionesDelantal\",\"isPartOf\":{\"@id\":\"https:\\\/\\\/edicionesdelantal.es\\\/#website\"},\"primaryImageOfPage\":{\"@id\":\"https:\\\/\\\/edicionesdelantal.es\\\/en\\\/product\\\/somos-naturaleza-cantata-ddp7n\\\/#primaryimage\"},\"image\":{\"@id\":\"https:\\\/\\\/edicionesdelantal.es\\\/en\\\/product\\\/somos-naturaleza-cantata-ddp7n\\\/#primaryimage\"},\"thumbnailUrl\":\"https:\\\/\\\/edicionesdelantal.es\\\/wp-content\\\/uploads\\\/2025\\\/10\\\/EDSI-icono.jpg\",\"datePublished\":\"2025-10-12T17:05:58+00:00\",\"dateModified\":\"2026-01-28T18:37:47+00:00\",\"breadcrumb\":{\"@id\":\"https:\\\/\\\/edicionesdelantal.es\\\/en\\\/product\\\/somos-naturaleza-cantata-ddp7n\\\/#breadcrumb\"},\"inLanguage\":\"en-US\",\"potentialAction\":[{\"@type\":\"ReadAction\",\"target\":[\"https:\\\/\\\/edicionesdelantal.es\\\/en\\\/product\\\/somos-naturaleza-cantata-ddp7n\\\/\"]}]},{\"@type\":\"ImageObject\",\"inLanguage\":\"en-US\",\"@id\":\"https:\\\/\\\/edicionesdelantal.es\\\/en\\\/product\\\/somos-naturaleza-cantata-ddp7n\\\/#primaryimage\",\"url\":\"https:\\\/\\\/edicionesdelantal.es\\\/wp-content\\\/uploads\\\/2025\\\/10\\\/EDSI-icono.jpg\",\"contentUrl\":\"https:\\\/\\\/edicionesdelantal.es\\\/wp-content\\\/uploads\\\/2025\\\/10\\\/EDSI-icono.jpg\",\"width\":1000,\"height\":1001},{\"@type\":\"BreadcrumbList\",\"@id\":\"https:\\\/\\\/edicionesdelantal.es\\\/en\\\/product\\\/somos-naturaleza-cantata-ddp7n\\\/#breadcrumb\",\"itemListElement\":[{\"@type\":\"ListItem\",\"position\":1,\"name\":\"Portada\",\"item\":\"https:\\\/\\\/edicionesdelantal.es\\\/en\\\/\"},{\"@type\":\"ListItem\",\"position\":2,\"name\":\"Tienda de Partituras\",\"item\":\"https:\\\/\\\/edicionesdelantal.es\\\/tienda\\\/\"},{\"@type\":\"ListItem\",\"position\":3,\"name\":\"Somos Naturaleza\"}]},{\"@type\":\"WebSite\",\"@id\":\"https:\\\/\\\/edicionesdelantal.es\\\/#website\",\"url\":\"https:\\\/\\\/edicionesdelantal.es\\\/\",\"name\":\"EdicionesDelantal\",\"description\":\"Composer Sonia Meg\u00edas&#039; publishing company\",\"publisher\":{\"@id\":\"https:\\\/\\\/edicionesdelantal.es\\\/#organization\"},\"potentialAction\":[{\"@type\":\"SearchAction\",\"target\":{\"@type\":\"EntryPoint\",\"urlTemplate\":\"https:\\\/\\\/edicionesdelantal.es\\\/?s={search_term_string}\"},\"query-input\":{\"@type\":\"PropertyValueSpecification\",\"valueRequired\":true,\"valueName\":\"search_term_string\"}}],\"inLanguage\":\"en-US\"},{\"@type\":\"Organization\",\"@id\":\"https:\\\/\\\/edicionesdelantal.es\\\/#organization\",\"name\":\"EdicionesDelantal\",\"url\":\"https:\\\/\\\/edicionesdelantal.es\\\/\",\"logo\":{\"@type\":\"ImageObject\",\"inLanguage\":\"en-US\",\"@id\":\"https:\\\/\\\/edicionesdelantal.es\\\/#\\\/schema\\\/logo\\\/image\\\/\",\"url\":\"https:\\\/\\\/edicionesdelantal.es\\\/wp-content\\\/uploads\\\/2017\\\/11\\\/a-EdicionesDelantal_LOGOCUADRADO.jpg\",\"contentUrl\":\"https:\\\/\\\/edicionesdelantal.es\\\/wp-content\\\/uploads\\\/2017\\\/11\\\/a-EdicionesDelantal_LOGOCUADRADO.jpg\",\"width\":948,\"height\":948,\"caption\":\"EdicionesDelantal\"},\"image\":{\"@id\":\"https:\\\/\\\/edicionesdelantal.es\\\/#\\\/schema\\\/logo\\\/image\\\/\"}}]}<\/script>\n<!-- \/ Yoast SEO plugin. -->","yoast_head_json":{"title":"Somos Naturaleza - EdicionesDelantal","robots":{"index":"index","follow":"follow","max-snippet":"max-snippet:-1","max-image-preview":"max-image-preview:large","max-video-preview":"max-video-preview:-1"},"canonical":"https:\/\/edicionesdelantal.es\/en\/product\/somos-naturaleza-cantata-ddp7n\/","twitter_misc":{"Est. reading time":"1 minute"},"schema":{"@context":"https:\/\/schema.org","@graph":[{"@type":"WebPage","@id":"https:\/\/edicionesdelantal.es\/en\/product\/somos-naturaleza-cantata-ddp7n\/","url":"https:\/\/edicionesdelantal.es\/en\/product\/somos-naturaleza-cantata-ddp7n\/","name":"Somos Naturaleza - EdicionesDelantal","isPartOf":{"@id":"https:\/\/edicionesdelantal.es\/#website"},"primaryImageOfPage":{"@id":"https:\/\/edicionesdelantal.es\/en\/product\/somos-naturaleza-cantata-ddp7n\/#primaryimage"},"image":{"@id":"https:\/\/edicionesdelantal.es\/en\/product\/somos-naturaleza-cantata-ddp7n\/#primaryimage"},"thumbnailUrl":"https:\/\/edicionesdelantal.es\/wp-content\/uploads\/2025\/10\/EDSI-icono.jpg","datePublished":"2025-10-12T17:05:58+00:00","dateModified":"2026-01-28T18:37:47+00:00","breadcrumb":{"@id":"https:\/\/edicionesdelantal.es\/en\/product\/somos-naturaleza-cantata-ddp7n\/#breadcrumb"},"inLanguage":"en-US","potentialAction":[{"@type":"ReadAction","target":["https:\/\/edicionesdelantal.es\/en\/product\/somos-naturaleza-cantata-ddp7n\/"]}]},{"@type":"ImageObject","inLanguage":"en-US","@id":"https:\/\/edicionesdelantal.es\/en\/product\/somos-naturaleza-cantata-ddp7n\/#primaryimage","url":"https:\/\/edicionesdelantal.es\/wp-content\/uploads\/2025\/10\/EDSI-icono.jpg","contentUrl":"https:\/\/edicionesdelantal.es\/wp-content\/uploads\/2025\/10\/EDSI-icono.jpg","width":1000,"height":1001},{"@type":"BreadcrumbList","@id":"https:\/\/edicionesdelantal.es\/en\/product\/somos-naturaleza-cantata-ddp7n\/#breadcrumb","itemListElement":[{"@type":"ListItem","position":1,"name":"Portada","item":"https:\/\/edicionesdelantal.es\/en\/"},{"@type":"ListItem","position":2,"name":"Tienda de Partituras","item":"https:\/\/edicionesdelantal.es\/tienda\/"},{"@type":"ListItem","position":3,"name":"Somos Naturaleza"}]},{"@type":"WebSite","@id":"https:\/\/edicionesdelantal.es\/#website","url":"https:\/\/edicionesdelantal.es\/","name":"EdicionesDelantal","description":"Composer Sonia Meg\u00edas&#039; publishing company","publisher":{"@id":"https:\/\/edicionesdelantal.es\/#organization"},"potentialAction":[{"@type":"SearchAction","target":{"@type":"EntryPoint","urlTemplate":"https:\/\/edicionesdelantal.es\/?s={search_term_string}"},"query-input":{"@type":"PropertyValueSpecification","valueRequired":true,"valueName":"search_term_string"}}],"inLanguage":"en-US"},{"@type":"Organization","@id":"https:\/\/edicionesdelantal.es\/#organization","name":"EdicionesDelantal","url":"https:\/\/edicionesdelantal.es\/","logo":{"@type":"ImageObject","inLanguage":"en-US","@id":"https:\/\/edicionesdelantal.es\/#\/schema\/logo\/image\/","url":"https:\/\/edicionesdelantal.es\/wp-content\/uploads\/2017\/11\/a-EdicionesDelantal_LOGOCUADRADO.jpg","contentUrl":"https:\/\/edicionesdelantal.es\/wp-content\/uploads\/2017\/11\/a-EdicionesDelantal_LOGOCUADRADO.jpg","width":948,"height":948,"caption":"EdicionesDelantal"},"image":{"@id":"https:\/\/edicionesdelantal.es\/#\/schema\/logo\/image\/"}}]}},"uagb_featured_image_src":{"full":["https:\/\/edicionesdelantal.es\/wp-content\/uploads\/2025\/10\/EDSI-icono.jpg",1000,1001,false],"thumbnail":["https:\/\/edicionesdelantal.es\/wp-content\/uploads\/2025\/10\/EDSI-icono-150x150.jpg",150,150,true],"medium":["https:\/\/edicionesdelantal.es\/wp-content\/uploads\/2025\/10\/EDSI-icono-300x300.jpg",300,300,true],"medium_large":["https:\/\/edicionesdelantal.es\/wp-content\/uploads\/2025\/10\/EDSI-icono-768x769.jpg",768,769,true],"large":["https:\/\/edicionesdelantal.es\/wp-content\/uploads\/2025\/10\/EDSI-icono.jpg",980,981,false],"1536x1536":["https:\/\/edicionesdelantal.es\/wp-content\/uploads\/2025\/10\/EDSI-icono.jpg",1000,1001,false],"2048x2048":["https:\/\/edicionesdelantal.es\/wp-content\/uploads\/2025\/10\/EDSI-icono.jpg",1000,1001,false],"woocommerce_thumbnail":["https:\/\/edicionesdelantal.es\/wp-content\/uploads\/2025\/10\/EDSI-icono-324x324.jpg",324,324,true],"woocommerce_single":["https:\/\/edicionesdelantal.es\/wp-content\/uploads\/2025\/10\/EDSI-icono-416x416.jpg",416,416,true],"woocommerce_gallery_thumbnail":["https:\/\/edicionesdelantal.es\/wp-content\/uploads\/2025\/10\/EDSI-icono-100x100.jpg",100,100,true]},"uagb_author_info":{"display_name":"Sonia Meg\u00edas","author_link":"https:\/\/edicionesdelantal.es\/en\/author\/"},"uagb_comment_info":0,"uagb_excerpt":"EcoCantata sobre libreto de Eva Guillam\u00f3n. Compuesta entre 2015 y 2017 para ser estrenada en la sala principal del Teatro Real (producci\u00f3n del propio teatro), con la pianista Rosa Torres-Pardo (Gea) , la narradora Clara Mu\u00f1iz (Luna), la Orquesta Sinf\u00f3nica de Madrid, y los Coros y Orquestas de la fundaci\u00f3n Acci\u00f3n Social por la M\u00fasica,&hellip;","jetpack_sharing_enabled":true,"_links":{"self":[{"href":"https:\/\/edicionesdelantal.es\/en\/wp-json\/wp\/v2\/product\/13698","targetHints":{"allow":["GET"]}}],"collection":[{"href":"https:\/\/edicionesdelantal.es\/en\/wp-json\/wp\/v2\/product"}],"about":[{"href":"https:\/\/edicionesdelantal.es\/en\/wp-json\/wp\/v2\/types\/product"}],"wp:featuredmedia":[{"embeddable":true,"href":"https:\/\/edicionesdelantal.es\/en\/wp-json\/wp\/v2\/media\/13268"}],"wp:attachment":[{"href":"https:\/\/edicionesdelantal.es\/en\/wp-json\/wp\/v2\/media?parent=13698"}],"wp:term":[{"taxonomy":"product_brand","embeddable":true,"href":"https:\/\/edicionesdelantal.es\/en\/wp-json\/wp\/v2\/product_brand?post=13698"},{"taxonomy":"product_cat","embeddable":true,"href":"https:\/\/edicionesdelantal.es\/en\/wp-json\/wp\/v2\/product_cat?post=13698"},{"taxonomy":"product_tag","embeddable":true,"href":"https:\/\/edicionesdelantal.es\/en\/wp-json\/wp\/v2\/product_tag?post=13698"}],"curies":[{"name":"wp","href":"https:\/\/api.w.org\/{rel}","templated":true}]}}