{"id":1439,"date":"2017-10-21T23:53:45","date_gmt":"2017-10-21T21:53:45","guid":{"rendered":"http:\/\/edicionesdelantal.es\/product\/osm34\/"},"modified":"2025-01-29T06:59:38","modified_gmt":"2025-01-29T05:59:38","slug":"pequena-suite-peninsular-osm33","status":"publish","type":"product","link":"https:\/\/edicionesdelantal.es\/en\/product\/pequena-suite-peninsular-osm33\/","title":{"rendered":"Peque\u00f1a suite peninsular"},"content":{"rendered":"<p><strong>Peque\u00f1a suite peninsular<\/strong> was written in August 2004 at the request of the quintet of the Uni\u00f3n Musical Society of Almansa (Spain), conducted by David S\u00e1nchez and with the components: Estela C\u00f3rcoles (flute), Nieves (oboe), Aurora Navarro (clarinet), Roc\u00edo Matea (French horn) and Paula Mic\u00f3 (bassoon).<\/p>\n<p>It is a tonal-modal piece, written mostly in the key of E flat major and its diatonic modes. It is divided in four parts: Prelude, Jota, Mu\u00f1eira and Buler\u00eda, each of which has characteristics of different folk dances of the Spanish geography: the <strong>jota<\/strong> from Aragon and Castile, the <strong>mu\u00f1eira<\/strong> from Galicia, and the <strong>buler\u00eda<\/strong> from Andalusia; the <strong>prelude<\/strong> also contains musical elements from the south of Spain.<\/p>\n<p>Some percussive sounds appear in it, produced by the members of the quintet, which add interest to the evocation of the festive atmosphere of the piece. This is the case of the keys as castanets, the beaten air as a Galician tambourine, or the heel-hits at the buler\u00edas.<\/p>\n<p>This piece was born to reppresent Spain at the First Meeting of Young European Musicians, held in Bordeaux in October 2004, hence it contains a mixture of several of our folklores. Currently, the piece is part of the regular repertoire of different quintets internationally.<\/p>\n<p><iframe loading=\"lazy\" title=\"Peque\u00f1a suite peninsular \u00b7 osm33 (2014&#039;VII)\" width=\"980\" height=\"551\" src=\"https:\/\/www.youtube.com\/embed\/0bcP7E_b8eY?feature=oembed\" frameborder=\"0\" allow=\"accelerometer; autoplay; clipboard-write; encrypted-media; gyroscope; picture-in-picture; web-share\" referrerpolicy=\"strict-origin-when-cross-origin\" allowfullscreen><\/iframe><\/p>\n<p><iframe loading=\"lazy\" title=\"Peque\u00f1a suite peninsular \u00b7 osm33 (2007&#039;III)\" width=\"980\" height=\"735\" src=\"https:\/\/www.youtube.com\/embed\/Dx3zIOxhwWI?feature=oembed\" frameborder=\"0\" allow=\"accelerometer; autoplay; clipboard-write; encrypted-media; gyroscope; picture-in-picture; web-share\" referrerpolicy=\"strict-origin-when-cross-origin\" allowfullscreen><\/iframe><\/p>\n<hr \/>\n<p>Some of the performances were done by New York groups: <strong>Washington Square Winds<\/strong> or <a href=\"https:\/\/sylvanwinds.com\" target=\"_blank\" rel=\"noopener noreferrer\"><strong>Sylvan Winds<\/strong><\/a>.<\/p>\n<p>Here you have some documents:<\/p>\n<div class=\"wp-playlist wp-audio-playlist wp-playlist-light\">\n\t\t\t<div class=\"wp-playlist-current-item\"><\/div>\n\t\t<audio controls=\"controls\" preload=\"none\" width=\"958\"\n\t\t\t><\/audio>\n\t<div class=\"wp-playlist-next\"><\/div>\n\t<div class=\"wp-playlist-prev\"><\/div>\n\t<noscript>\n\t<ol>\n\t\t<li><a href='https:\/\/edicionesdelantal.es\/wp-content\/uploads\/2017\/12\/Pequena-Suite-Peninsular.mp3'>Pequena Suite Peninsular<\/a><\/li>\t<\/ol>\n\t<\/noscript>\n\t<script type=\"application\/json\" class=\"wp-playlist-script\">{\"type\":\"audio\",\"tracklist\":true,\"tracknumbers\":true,\"images\":true,\"artists\":true,\"tracks\":[{\"src\":\"https:\/\/edicionesdelantal.es\/wp-content\/uploads\/2017\/12\/Pequena-Suite-Peninsular.mp3\",\"type\":\"audio\/mpeg\",\"title\":\"Pequena Suite Peninsular\",\"caption\":\"\",\"description\":\"\\u00abPequena Suite Peninsular\\u00bb en They're Alive 2.0 por Washington Square Winds.\",\"meta\":{\"artist\":\"Washington Square Winds\",\"album\":\"They're Alive 2.0\",\"length_formatted\":\"4:28\"},\"image\":{\"src\":\"https:\/\/edicionesdelantal.es\/wp-includes\/images\/media\/audio.svg\",\"width\":48,\"height\":64},\"thumb\":{\"src\":\"https:\/\/edicionesdelantal.es\/wp-includes\/images\/media\/audio.svg\",\"width\":48,\"height\":64}}]}<\/script>\n<\/div>\n\t\n<p>And programs:<\/p>\n<div class=\"tiled-gallery type-rectangular tiled-gallery-unresized\" data-original-width=\"980\" data-carousel-extra='null' itemscope itemtype=\"http:\/\/schema.org\/ImageGallery\" > <div class=\"gallery-row\" style=\"width: 980px; height: 440px;\" data-original-width=\"980\" data-original-height=\"440\" > <div class=\"gallery-group images-1\" style=\"width: 321px; height: 440px;\" data-original-width=\"321\" data-original-height=\"440\" > <div class=\"tiled-gallery-item tiled-gallery-item-large\" itemprop=\"associatedMedia\" itemscope itemtype=\"http:\/\/schema.org\/ImageObject\"> <a href=\"https:\/\/edicionesdelantal.es\/en\/?attachment_id=4096\" border=\"0\" itemprop=\"url\"> <meta itemprop=\"width\" content=\"317\"> <meta itemprop=\"height\" content=\"436\"> <img decoding=\"async\" class=\"\" data-attachment-id=\"4096\" data-orig-file=\"https:\/\/edicionesdelantal.es\/wp-content\/uploads\/2017\/12\/They_re-Alive-2013-final-copy.jpg\" data-orig-size=\"576,792\" data-comments-opened=\"\" data-image-meta=\"{&quot;aperture&quot;:&quot;0&quot;,&quot;credit&quot;:&quot;&quot;,&quot;camera&quot;:&quot;&quot;,&quot;caption&quot;:&quot;&quot;,&quot;created_timestamp&quot;:&quot;0&quot;,&quot;copyright&quot;:&quot;&quot;,&quot;focal_length&quot;:&quot;0&quot;,&quot;iso&quot;:&quot;0&quot;,&quot;shutter_speed&quot;:&quot;0&quot;,&quot;title&quot;:&quot;&quot;,&quot;orientation&quot;:&quot;0&quot;}\" data-image-title=\"They_re Alive 2013 final copy\" data-image-description=\"\" data-medium-file=\"https:\/\/edicionesdelantal.es\/wp-content\/uploads\/2017\/12\/They_re-Alive-2013-final-copy-218x300.jpg\" data-large-file=\"https:\/\/edicionesdelantal.es\/wp-content\/uploads\/2017\/12\/They_re-Alive-2013-final-copy.jpg\" src=\"https:\/\/i0.wp.com\/edicionesdelantal.es\/wp-content\/uploads\/2017\/12\/They_re-Alive-2013-final-copy.jpg?w=317&#038;h=436&#038;ssl=1\" srcset=\"https:\/\/edicionesdelantal.es\/wp-content\/uploads\/2017\/12\/They_re-Alive-2013-final-copy.jpg 576w, https:\/\/edicionesdelantal.es\/wp-content\/uploads\/2017\/12\/They_re-Alive-2013-final-copy-416x572.jpg 416w, https:\/\/edicionesdelantal.es\/wp-content\/uploads\/2017\/12\/They_re-Alive-2013-final-copy-218x300.jpg 218w\" width=\"317\" height=\"436\" loading=\"lazy\" data-original-width=\"317\" data-original-height=\"436\" itemprop=\"http:\/\/schema.org\/image\" title=\"They_re Alive 2013 final copy\" alt=\"2013&#039;IV&#039;20\" style=\"width: 317px; height: 436px;\" \/> <\/a> <div class=\"tiled-gallery-caption\" itemprop=\"caption description\"> 2013&#8217;IV&#8217;20 <\/div> <\/div> <\/div> <!-- close group --> <div class=\"gallery-group images-1\" style=\"width: 341px; height: 440px;\" data-original-width=\"341\" data-original-height=\"440\" > <div class=\"tiled-gallery-item tiled-gallery-item-large\" itemprop=\"associatedMedia\" itemscope itemtype=\"http:\/\/schema.org\/ImageObject\"> <a href=\"https:\/\/edicionesdelantal.es\/en\/?attachment_id=4094\" border=\"0\" itemprop=\"url\"> <meta itemprop=\"width\" content=\"337\"> <meta itemprop=\"height\" content=\"436\"> <img decoding=\"async\" class=\"\" data-attachment-id=\"4094\" data-orig-file=\"https:\/\/edicionesdelantal.es\/wp-content\/uploads\/2017\/12\/2012VI2.-WashingtonSquareWinds.jpg\" data-orig-size=\"612,792\" data-comments-opened=\"\" data-image-meta=\"{&quot;aperture&quot;:&quot;0&quot;,&quot;credit&quot;:&quot;&quot;,&quot;camera&quot;:&quot;&quot;,&quot;caption&quot;:&quot;&quot;,&quot;created_timestamp&quot;:&quot;0&quot;,&quot;copyright&quot;:&quot;&quot;,&quot;focal_length&quot;:&quot;0&quot;,&quot;iso&quot;:&quot;0&quot;,&quot;shutter_speed&quot;:&quot;0&quot;,&quot;title&quot;:&quot;&quot;,&quot;orientation&quot;:&quot;0&quot;}\" data-image-title=\"2012&amp;#8217;VI&amp;#8217;2.-WashingtonSquareWinds\" data-image-description=\"\" data-medium-file=\"https:\/\/edicionesdelantal.es\/wp-content\/uploads\/2017\/12\/2012VI2.-WashingtonSquareWinds-232x300.jpg\" data-large-file=\"https:\/\/edicionesdelantal.es\/wp-content\/uploads\/2017\/12\/2012VI2.-WashingtonSquareWinds.jpg\" src=\"https:\/\/i0.wp.com\/edicionesdelantal.es\/wp-content\/uploads\/2017\/12\/2012VI2.-WashingtonSquareWinds.jpg?w=337&#038;h=436&#038;ssl=1\" srcset=\"https:\/\/edicionesdelantal.es\/wp-content\/uploads\/2017\/12\/2012VI2.-WashingtonSquareWinds.jpg 612w, https:\/\/edicionesdelantal.es\/wp-content\/uploads\/2017\/12\/2012VI2.-WashingtonSquareWinds-416x538.jpg 416w, https:\/\/edicionesdelantal.es\/wp-content\/uploads\/2017\/12\/2012VI2.-WashingtonSquareWinds-232x300.jpg 232w\" width=\"337\" height=\"436\" loading=\"lazy\" data-original-width=\"337\" data-original-height=\"436\" itemprop=\"http:\/\/schema.org\/image\" title=\"2012&#039;VI&#039;2.-WashingtonSquareWinds\" alt=\"2012&#039;VI&#039;\" style=\"width: 337px; height: 436px;\" \/> <\/a> <div class=\"tiled-gallery-caption\" itemprop=\"caption description\"> 2012&#8217;VI&#8217; <\/div> <\/div> <\/div> <!-- close group --> <div class=\"gallery-group images-1\" style=\"width: 318px; height: 440px;\" data-original-width=\"318\" data-original-height=\"440\" > <div class=\"tiled-gallery-item tiled-gallery-item-large\" itemprop=\"associatedMedia\" itemscope itemtype=\"http:\/\/schema.org\/ImageObject\"> <a href=\"https:\/\/edicionesdelantal.es\/en\/?attachment_id=4098\" border=\"0\" itemprop=\"url\"> <meta itemprop=\"width\" content=\"314\"> <meta itemprop=\"height\" content=\"436\"> <img decoding=\"async\" class=\"\" data-attachment-id=\"4098\" data-orig-file=\"https:\/\/edicionesdelantal.es\/wp-content\/uploads\/2017\/12\/2016III31-Sylvan-Winds.jpg\" data-orig-size=\"936,1298\" data-comments-opened=\"\" data-image-meta=\"{&quot;aperture&quot;:&quot;0&quot;,&quot;credit&quot;:&quot;&quot;,&quot;camera&quot;:&quot;&quot;,&quot;caption&quot;:&quot;&quot;,&quot;created_timestamp&quot;:&quot;0&quot;,&quot;copyright&quot;:&quot;&quot;,&quot;focal_length&quot;:&quot;0&quot;,&quot;iso&quot;:&quot;0&quot;,&quot;shutter_speed&quot;:&quot;0&quot;,&quot;title&quot;:&quot;&quot;,&quot;orientation&quot;:&quot;0&quot;}\" data-image-title=\"2016&amp;#8217;III&amp;#8217;31 &amp;#8211; Sylvan Winds\" data-image-description=\"\" data-medium-file=\"https:\/\/edicionesdelantal.es\/wp-content\/uploads\/2017\/12\/2016III31-Sylvan-Winds-216x300.jpg\" data-large-file=\"https:\/\/edicionesdelantal.es\/wp-content\/uploads\/2017\/12\/2016III31-Sylvan-Winds-738x1024.jpg\" src=\"https:\/\/i0.wp.com\/edicionesdelantal.es\/wp-content\/uploads\/2017\/12\/2016III31-Sylvan-Winds.jpg?w=314&#038;h=436&#038;ssl=1\" srcset=\"https:\/\/edicionesdelantal.es\/wp-content\/uploads\/2017\/12\/2016III31-Sylvan-Winds.jpg 936w, https:\/\/edicionesdelantal.es\/wp-content\/uploads\/2017\/12\/2016III31-Sylvan-Winds-416x577.jpg 416w, https:\/\/edicionesdelantal.es\/wp-content\/uploads\/2017\/12\/2016III31-Sylvan-Winds-216x300.jpg 216w, https:\/\/edicionesdelantal.es\/wp-content\/uploads\/2017\/12\/2016III31-Sylvan-Winds-738x1024.jpg 738w, https:\/\/edicionesdelantal.es\/wp-content\/uploads\/2017\/12\/2016III31-Sylvan-Winds-768x1065.jpg 768w\" width=\"314\" height=\"436\" loading=\"lazy\" data-original-width=\"314\" data-original-height=\"436\" itemprop=\"http:\/\/schema.org\/image\" title=\"2016&#039;III&#039;31 - Sylvan Winds\" alt=\"2016&#039;III&#039;31. Hispanic Society, Manhattan\" style=\"width: 314px; height: 436px;\" \/> <\/a> <div class=\"tiled-gallery-caption\" itemprop=\"caption description\"> 2016&#8217;III&#8217;31. Hispanic Society, Manhattan <\/div> <\/div> <\/div> <!-- close group --> <\/div> <!-- close row --> <\/div>\n","protected":false},"excerpt":{"rendered":"<p style=\"text-align: right;\"><em><strong>Peque\u00f1a suite peninsular<\/strong><\/em>, for wind quintet, is a youth piece that reppresented Spain in the Young Musicians Meeting in Bordeaux (France) in 2004.<\/p>\n","protected":false},"featured_media":8982,"template":"","meta":{"_gspb_post_css":"","pmpro_default_level":"","_uag_custom_page_level_css":"","_price":"1","_stock":null,"_tribe_ticket_header":"","_tribe_default_ticket_provider":"","_tribe_ticket_capacity":"","_ticket_start_date":"","_ticket_end_date":"","_tribe_ticket_show_description":"","_tribe_ticket_show_not_going":false,"_tribe_ticket_use_global_stock":"","_tribe_ticket_global_stock_level":"","_global_stock_mode":"","_global_stock_cap":"","_tribe_rsvp_for_event":"","_tribe_ticket_going_count":"","_tribe_ticket_not_going_count":"","_tribe_tickets_list":"[]","_tribe_ticket_has_attendee_info_fields":false},"product_brand":[],"product_cat":[190,198,189,140,185,166,191,200,142,192,188],"product_tag":[686,259,1736,1727,909,1667],"class_list":{"0":"post-1439","1":"product","2":"type-product","3":"status-publish","4":"has-post-thumbnail","6":"product_cat-bassoon","7":"product_cat-brass","8":"product_cat-clarinet","9":"product_cat-collections-en","10":"product_cat-ensemble-en","11":"product_cat-ensemblecollection","12":"product_cat-flute-piccolo","13":"product_cat-french-horn","14":"product_cat-genre-en","15":"product_cat-oboe-english-horn","16":"product_cat-woodwind","17":"product_tag-flamenco-en","18":"product_tag-sonia-megias-en","19":"product_tag-suite-en","20":"product_tag-wind-quintet","21":"product_tag-women-composer","22":"product_tag-women-composers","23":"pmpro-has-access","25":"first","26":"instock","27":"featured","28":"taxable","29":"shipping-taxable","30":"product-type-grouped"},"acf":[],"yoast_head":"<!-- This site is optimized with the Yoast SEO plugin v27.3 - https:\/\/yoast.com\/product\/yoast-seo-wordpress\/ -->\n<title>Peque\u00f1a suite peninsular - EdicionesDelantal<\/title>\n<meta name=\"robots\" content=\"index, follow, max-snippet:-1, max-image-preview:large, max-video-preview:-1\" \/>\n<link rel=\"canonical\" href=\"https:\/\/edicionesdelantal.es\/en\/product\/pequena-suite-peninsular-osm33\/\" \/>\n<meta name=\"twitter:label1\" content=\"Est. reading time\" \/>\n\t<meta name=\"twitter:data1\" content=\"2 minutes\" \/>\n<script type=\"application\/ld+json\" class=\"yoast-schema-graph\">{\"@context\":\"https:\\\/\\\/schema.org\",\"@graph\":[{\"@type\":\"WebPage\",\"@id\":\"https:\\\/\\\/edicionesdelantal.es\\\/en\\\/product\\\/pequena-suite-peninsular-osm33\\\/\",\"url\":\"https:\\\/\\\/edicionesdelantal.es\\\/en\\\/product\\\/pequena-suite-peninsular-osm33\\\/\",\"name\":\"Peque\u00f1a suite peninsular - EdicionesDelantal\",\"isPartOf\":{\"@id\":\"https:\\\/\\\/edicionesdelantal.es\\\/#website\"},\"primaryImageOfPage\":{\"@id\":\"https:\\\/\\\/edicionesdelantal.es\\\/en\\\/product\\\/pequena-suite-peninsular-osm33\\\/#primaryimage\"},\"image\":{\"@id\":\"https:\\\/\\\/edicionesdelantal.es\\\/en\\\/product\\\/pequena-suite-peninsular-osm33\\\/#primaryimage\"},\"thumbnailUrl\":\"https:\\\/\\\/edicionesdelantal.es\\\/wp-content\\\/uploads\\\/2017\\\/10\\\/EDEN0004-icono.jpg\",\"datePublished\":\"2017-10-21T21:53:45+00:00\",\"dateModified\":\"2025-01-29T05:59:38+00:00\",\"breadcrumb\":{\"@id\":\"https:\\\/\\\/edicionesdelantal.es\\\/en\\\/product\\\/pequena-suite-peninsular-osm33\\\/#breadcrumb\"},\"inLanguage\":\"en-US\",\"potentialAction\":[{\"@type\":\"ReadAction\",\"target\":[\"https:\\\/\\\/edicionesdelantal.es\\\/en\\\/product\\\/pequena-suite-peninsular-osm33\\\/\"]}]},{\"@type\":\"ImageObject\",\"inLanguage\":\"en-US\",\"@id\":\"https:\\\/\\\/edicionesdelantal.es\\\/en\\\/product\\\/pequena-suite-peninsular-osm33\\\/#primaryimage\",\"url\":\"https:\\\/\\\/edicionesdelantal.es\\\/wp-content\\\/uploads\\\/2017\\\/10\\\/EDEN0004-icono.jpg\",\"contentUrl\":\"https:\\\/\\\/edicionesdelantal.es\\\/wp-content\\\/uploads\\\/2017\\\/10\\\/EDEN0004-icono.jpg\",\"width\":1000,\"height\":1000},{\"@type\":\"BreadcrumbList\",\"@id\":\"https:\\\/\\\/edicionesdelantal.es\\\/en\\\/product\\\/pequena-suite-peninsular-osm33\\\/#breadcrumb\",\"itemListElement\":[{\"@type\":\"ListItem\",\"position\":1,\"name\":\"Portada\",\"item\":\"https:\\\/\\\/edicionesdelantal.es\\\/en\\\/\"},{\"@type\":\"ListItem\",\"position\":2,\"name\":\"Tienda de Partituras\",\"item\":\"https:\\\/\\\/edicionesdelantal.es\\\/tienda\\\/\"},{\"@type\":\"ListItem\",\"position\":3,\"name\":\"Peque\u00f1a suite peninsular\"}]},{\"@type\":\"WebSite\",\"@id\":\"https:\\\/\\\/edicionesdelantal.es\\\/#website\",\"url\":\"https:\\\/\\\/edicionesdelantal.es\\\/\",\"name\":\"EdicionesDelantal\",\"description\":\"Composer Sonia Meg\u00edas&#039; publishing company\",\"publisher\":{\"@id\":\"https:\\\/\\\/edicionesdelantal.es\\\/#organization\"},\"potentialAction\":[{\"@type\":\"SearchAction\",\"target\":{\"@type\":\"EntryPoint\",\"urlTemplate\":\"https:\\\/\\\/edicionesdelantal.es\\\/?s={search_term_string}\"},\"query-input\":{\"@type\":\"PropertyValueSpecification\",\"valueRequired\":true,\"valueName\":\"search_term_string\"}}],\"inLanguage\":\"en-US\"},{\"@type\":\"Organization\",\"@id\":\"https:\\\/\\\/edicionesdelantal.es\\\/#organization\",\"name\":\"EdicionesDelantal\",\"url\":\"https:\\\/\\\/edicionesdelantal.es\\\/\",\"logo\":{\"@type\":\"ImageObject\",\"inLanguage\":\"en-US\",\"@id\":\"https:\\\/\\\/edicionesdelantal.es\\\/#\\\/schema\\\/logo\\\/image\\\/\",\"url\":\"https:\\\/\\\/edicionesdelantal.es\\\/wp-content\\\/uploads\\\/2017\\\/11\\\/a-EdicionesDelantal_LOGOCUADRADO.jpg\",\"contentUrl\":\"https:\\\/\\\/edicionesdelantal.es\\\/wp-content\\\/uploads\\\/2017\\\/11\\\/a-EdicionesDelantal_LOGOCUADRADO.jpg\",\"width\":948,\"height\":948,\"caption\":\"EdicionesDelantal\"},\"image\":{\"@id\":\"https:\\\/\\\/edicionesdelantal.es\\\/#\\\/schema\\\/logo\\\/image\\\/\"}}]}<\/script>\n<!-- \/ Yoast SEO plugin. -->","yoast_head_json":{"title":"Peque\u00f1a suite peninsular - EdicionesDelantal","robots":{"index":"index","follow":"follow","max-snippet":"max-snippet:-1","max-image-preview":"max-image-preview:large","max-video-preview":"max-video-preview:-1"},"canonical":"https:\/\/edicionesdelantal.es\/en\/product\/pequena-suite-peninsular-osm33\/","twitter_misc":{"Est. reading time":"2 minutes"},"schema":{"@context":"https:\/\/schema.org","@graph":[{"@type":"WebPage","@id":"https:\/\/edicionesdelantal.es\/en\/product\/pequena-suite-peninsular-osm33\/","url":"https:\/\/edicionesdelantal.es\/en\/product\/pequena-suite-peninsular-osm33\/","name":"Peque\u00f1a suite peninsular - EdicionesDelantal","isPartOf":{"@id":"https:\/\/edicionesdelantal.es\/#website"},"primaryImageOfPage":{"@id":"https:\/\/edicionesdelantal.es\/en\/product\/pequena-suite-peninsular-osm33\/#primaryimage"},"image":{"@id":"https:\/\/edicionesdelantal.es\/en\/product\/pequena-suite-peninsular-osm33\/#primaryimage"},"thumbnailUrl":"https:\/\/edicionesdelantal.es\/wp-content\/uploads\/2017\/10\/EDEN0004-icono.jpg","datePublished":"2017-10-21T21:53:45+00:00","dateModified":"2025-01-29T05:59:38+00:00","breadcrumb":{"@id":"https:\/\/edicionesdelantal.es\/en\/product\/pequena-suite-peninsular-osm33\/#breadcrumb"},"inLanguage":"en-US","potentialAction":[{"@type":"ReadAction","target":["https:\/\/edicionesdelantal.es\/en\/product\/pequena-suite-peninsular-osm33\/"]}]},{"@type":"ImageObject","inLanguage":"en-US","@id":"https:\/\/edicionesdelantal.es\/en\/product\/pequena-suite-peninsular-osm33\/#primaryimage","url":"https:\/\/edicionesdelantal.es\/wp-content\/uploads\/2017\/10\/EDEN0004-icono.jpg","contentUrl":"https:\/\/edicionesdelantal.es\/wp-content\/uploads\/2017\/10\/EDEN0004-icono.jpg","width":1000,"height":1000},{"@type":"BreadcrumbList","@id":"https:\/\/edicionesdelantal.es\/en\/product\/pequena-suite-peninsular-osm33\/#breadcrumb","itemListElement":[{"@type":"ListItem","position":1,"name":"Portada","item":"https:\/\/edicionesdelantal.es\/en\/"},{"@type":"ListItem","position":2,"name":"Tienda de Partituras","item":"https:\/\/edicionesdelantal.es\/tienda\/"},{"@type":"ListItem","position":3,"name":"Peque\u00f1a suite peninsular"}]},{"@type":"WebSite","@id":"https:\/\/edicionesdelantal.es\/#website","url":"https:\/\/edicionesdelantal.es\/","name":"EdicionesDelantal","description":"Composer Sonia Meg\u00edas&#039; publishing company","publisher":{"@id":"https:\/\/edicionesdelantal.es\/#organization"},"potentialAction":[{"@type":"SearchAction","target":{"@type":"EntryPoint","urlTemplate":"https:\/\/edicionesdelantal.es\/?s={search_term_string}"},"query-input":{"@type":"PropertyValueSpecification","valueRequired":true,"valueName":"search_term_string"}}],"inLanguage":"en-US"},{"@type":"Organization","@id":"https:\/\/edicionesdelantal.es\/#organization","name":"EdicionesDelantal","url":"https:\/\/edicionesdelantal.es\/","logo":{"@type":"ImageObject","inLanguage":"en-US","@id":"https:\/\/edicionesdelantal.es\/#\/schema\/logo\/image\/","url":"https:\/\/edicionesdelantal.es\/wp-content\/uploads\/2017\/11\/a-EdicionesDelantal_LOGOCUADRADO.jpg","contentUrl":"https:\/\/edicionesdelantal.es\/wp-content\/uploads\/2017\/11\/a-EdicionesDelantal_LOGOCUADRADO.jpg","width":948,"height":948,"caption":"EdicionesDelantal"},"image":{"@id":"https:\/\/edicionesdelantal.es\/#\/schema\/logo\/image\/"}}]}},"uagb_featured_image_src":{"full":["https:\/\/edicionesdelantal.es\/wp-content\/uploads\/2017\/10\/EDEN0004-icono.jpg",1000,1000,false],"thumbnail":["https:\/\/edicionesdelantal.es\/wp-content\/uploads\/2017\/10\/EDEN0004-icono-150x150.jpg",150,150,true],"medium":["https:\/\/edicionesdelantal.es\/wp-content\/uploads\/2017\/10\/EDEN0004-icono-300x300.jpg",300,300,true],"medium_large":["https:\/\/edicionesdelantal.es\/wp-content\/uploads\/2017\/10\/EDEN0004-icono-768x768.jpg",768,768,true],"large":["https:\/\/edicionesdelantal.es\/wp-content\/uploads\/2017\/10\/EDEN0004-icono.jpg",980,980,false],"1536x1536":["https:\/\/edicionesdelantal.es\/wp-content\/uploads\/2017\/10\/EDEN0004-icono.jpg",1000,1000,false],"2048x2048":["https:\/\/edicionesdelantal.es\/wp-content\/uploads\/2017\/10\/EDEN0004-icono.jpg",1000,1000,false],"woocommerce_thumbnail":["https:\/\/edicionesdelantal.es\/wp-content\/uploads\/2017\/10\/EDEN0004-icono-324x324.jpg",324,324,true],"woocommerce_single":["https:\/\/edicionesdelantal.es\/wp-content\/uploads\/2017\/10\/EDEN0004-icono-416x416.jpg",416,416,true],"woocommerce_gallery_thumbnail":["https:\/\/edicionesdelantal.es\/wp-content\/uploads\/2017\/10\/EDEN0004-icono-100x100.jpg",100,100,true]},"uagb_author_info":{"display_name":"Sonia Meg\u00edas","author_link":"https:\/\/edicionesdelantal.es\/en\/author\/"},"uagb_comment_info":0,"uagb_excerpt":"Peque\u00f1a suite peninsular, for wind quintet, is a youth piece that reppresented Spain in the Young Musicians Meeting in Bordeaux (France) in 2004.","jetpack_sharing_enabled":true,"_links":{"self":[{"href":"https:\/\/edicionesdelantal.es\/en\/wp-json\/wp\/v2\/product\/1439","targetHints":{"allow":["GET"]}}],"collection":[{"href":"https:\/\/edicionesdelantal.es\/en\/wp-json\/wp\/v2\/product"}],"about":[{"href":"https:\/\/edicionesdelantal.es\/en\/wp-json\/wp\/v2\/types\/product"}],"wp:featuredmedia":[{"embeddable":true,"href":"https:\/\/edicionesdelantal.es\/en\/wp-json\/wp\/v2\/media\/8982"}],"wp:attachment":[{"href":"https:\/\/edicionesdelantal.es\/en\/wp-json\/wp\/v2\/media?parent=1439"}],"wp:term":[{"taxonomy":"product_brand","embeddable":true,"href":"https:\/\/edicionesdelantal.es\/en\/wp-json\/wp\/v2\/product_brand?post=1439"},{"taxonomy":"product_cat","embeddable":true,"href":"https:\/\/edicionesdelantal.es\/en\/wp-json\/wp\/v2\/product_cat?post=1439"},{"taxonomy":"product_tag","embeddable":true,"href":"https:\/\/edicionesdelantal.es\/en\/wp-json\/wp\/v2\/product_tag?post=1439"}],"curies":[{"name":"wp","href":"https:\/\/api.w.org\/{rel}","templated":true}]}}