{"id":2160,"date":"2020-03-21T13:27:55","date_gmt":"2020-03-21T12:27:55","guid":{"rendered":"http:\/\/edicionesdelantal.es\/?post_type=product&#038;p=2160"},"modified":"2025-04-20T16:50:19","modified_gmt":"2025-04-20T14:50:19","slug":"shelley-i-osm35n1r","status":"publish","type":"product","link":"https:\/\/edicionesdelantal.es\/en\/product\/shelley-i-osm35n1r\/","title":{"rendered":"Shelley I (clarinet)"},"content":{"rendered":"<hr \/>\n<p><strong><em>Shelley I<\/em><\/strong>, for solo clarinet, is written in Murcia in 2004, dedicated to clarinet player Jos\u00e9 Andr\u00e9s P\u00e9rez Castell\u00f3. The piece was born from musical experiments and sound games that both musicians made in common during several days, searching for new repertoire for clarinet.<\/p>\n<p>The idea is evocating Frankenstein creature through timbric games: walking, falling, mechanism failures, feelings or sleeping. The process was very funny and interesting.<\/p>\n<p>Clarinet player <span id=\"m_-7619290799313994525gmail-m_1296315619284329453gmail-m_7171332380083988389gmail-m_861350496784061644gmail-m_6518757942799359716gmail-m_1675759065717007748gmail-m_-5843900700364992532gmail-docs-internal-guid-4c310d52-7fff-2887-f1d8-ae89306b0ae6\">Maggie Greenwood included the piece in the <a href=\"https:\/\/www.clarinetrepertoire.com\/database\" target=\"_blank\" rel=\"noopener noreferrer\">database &#8216;Clarinet Repertoire&#8217;<\/a> at the University of Colorado (USA).<\/span><\/p>\n<hr \/>\n<p>Audio and picture of the premiere, in Murcia, 2005&#8217;IV&#8217;27, by Jos\u00e9 Andr\u00e9s P\u00e9rez Castell\u00f3.<\/p>\n<audio class=\"wp-audio-shortcode\" id=\"audio-2160-1\" preload=\"none\" style=\"width: 100%;\" controls=\"controls\"><source type=\"audio\/mpeg\" src=\"http:\/\/soniamegias.es\/site\/wp-content\/uploads\/2018\/06\/Shelley-I-Murcia-27-IV-05-cl-Jos\u00e9-Andr\u00e9s-P\u00e9rez.mp3?_=1\" \/><a href=\"http:\/\/soniamegias.es\/site\/wp-content\/uploads\/2018\/06\/Shelley-I-Murcia-27-IV-05-cl-Jos\u00e9-Andr\u00e9s-P\u00e9rez.mp3\">http:\/\/soniamegias.es\/site\/wp-content\/uploads\/2018\/06\/Shelley-I-Murcia-27-IV-05-cl-Jos\u00e9-Andr\u00e9s-P\u00e9rez.mp3<\/a><\/audio>\n<p><img loading=\"lazy\" decoding=\"async\" class=\"size-medium wp-image-2186\" src=\"https:\/\/edicionesdelantal.es\/wp-content\/uploads\/2020\/03\/2005V.-EstrenoSHELLEYI-300x225.jpg\" alt=\"\" width=\"300\" height=\"225\" srcset=\"https:\/\/edicionesdelantal.es\/wp-content\/uploads\/2020\/03\/2005V.-EstrenoSHELLEYI-300x225.jpg 300w, https:\/\/edicionesdelantal.es\/wp-content\/uploads\/2020\/03\/2005V.-EstrenoSHELLEYI-416x312.jpg 416w, https:\/\/edicionesdelantal.es\/wp-content\/uploads\/2020\/03\/2005V.-EstrenoSHELLEYI-768x576.jpg 768w, https:\/\/edicionesdelantal.es\/wp-content\/uploads\/2020\/03\/2005V.-EstrenoSHELLEYI.jpg 960w\" sizes=\"auto, (max-width: 300px) 100vw, 300px\" \/><\/p>\n<hr \/>\n<p><strong>Videos<\/strong>:<\/p>\n<p>Marta Sancho, clarinet professor, recommends <em><strong>Shelley I<\/strong><\/em>:<\/p>\n<p><iframe loading=\"lazy\" title=\"#RecomiendaObraEspan\u0303ola Marta Sancho\" width=\"980\" height=\"551\" src=\"https:\/\/www.youtube.com\/embed\/UbLE7scPkbs?feature=oembed\" frameborder=\"0\" allow=\"accelerometer; autoplay; clipboard-write; encrypted-media; gyroscope; picture-in-picture; web-share\" referrerpolicy=\"strict-origin-when-cross-origin\" allowfullscreen><\/iframe><\/p>\n<p>&nbsp;<\/p>\n<p>Performances:<\/p>\n<p><iframe loading=\"lazy\" title=\"Shelley I \u00b7 osm35#1 (2015&#039;I&#039;28)\" width=\"980\" height=\"551\" src=\"https:\/\/www.youtube.com\/embed\/sy-fDWHfoJo?feature=oembed\" frameborder=\"0\" allow=\"accelerometer; autoplay; clipboard-write; encrypted-media; gyroscope; picture-in-picture; web-share\" referrerpolicy=\"strict-origin-when-cross-origin\" allowfullscreen><\/iframe><\/p>\n<p><iframe loading=\"lazy\" title=\"Shelley I \u00b7 osm35#1 (2012&#039;IV&#039;12)\" width=\"980\" height=\"551\" src=\"https:\/\/www.youtube.com\/embed\/5eYkvAA_ezk?feature=oembed\" frameborder=\"0\" allow=\"accelerometer; autoplay; clipboard-write; encrypted-media; gyroscope; picture-in-picture; web-share\" referrerpolicy=\"strict-origin-when-cross-origin\" allowfullscreen><\/iframe><\/p>\n<p><iframe loading=\"lazy\" title=\"Shelley I \u00b7 osm35#1 (2012&#039;IV&#039;11)\" width=\"980\" height=\"551\" src=\"https:\/\/www.youtube.com\/embed\/fGTbI6SzUJs?feature=oembed\" frameborder=\"0\" allow=\"accelerometer; autoplay; clipboard-write; encrypted-media; gyroscope; picture-in-picture; web-share\" referrerpolicy=\"strict-origin-when-cross-origin\" allowfullscreen><\/iframe><\/p>\n<p><iframe loading=\"lazy\" title=\"Shelley I by Sonia Meg\u00edas | Javier P\u00e9rez Garrido, clarinete\" width=\"980\" height=\"735\" src=\"https:\/\/www.youtube.com\/embed\/-rRc9fU1ERI?feature=oembed\" frameborder=\"0\" allow=\"accelerometer; autoplay; clipboard-write; encrypted-media; gyroscope; picture-in-picture; web-share\" referrerpolicy=\"strict-origin-when-cross-origin\" allowfullscreen><\/iframe><\/p>\n","protected":false},"excerpt":{"rendered":"<p style=\"text-align: justify;\"><strong>Shelley I<\/strong> is a piece that I created for clarinet player Jos\u00e9 Andr\u00e9s P\u00e9rez in Murcia, while we were finishing our musical studies at the high conservatory.<\/p>\n<p style=\"text-align: justify;\">He asked me for a solo piece and looking at him and his big size body I could perfectly imagine a piece on the Frankenstein creature.<\/p>\n<p style=\"text-align: justify;\">So this is <strong>Shelley<\/strong>, a series of pieces for instrument or solo voice, created specially for a performer. This piece is the first one of the series.<\/p>\n","protected":false},"featured_media":5777,"template":"","meta":{"_gspb_post_css":"","pmpro_default_level":"","_uag_custom_page_level_css":""},"product_brand":[],"product_cat":[189,140,142,187,168,188],"product_tag":[257,265,260,262,261,258,264,259],"class_list":{"0":"post-2160","1":"product","2":"type-product","3":"status-publish","4":"has-post-thumbnail","6":"product_cat-clarinet","7":"product_cat-collections-en","8":"product_cat-genre-en","9":"product_cat-solo-en","10":"product_cat-solocollection","11":"product_cat-woodwind","12":"product_tag-frankenstein-en","13":"product_tag-graphic-score","14":"product_tag-jose-andres-perez-en","15":"product_tag-jose-andres-perez-castello-en","16":"product_tag-jose-perez-castello-en","17":"product_tag-mary-shelley-en","18":"product_tag-mental-illness","19":"product_tag-sonia-megias-en","20":"pmpro-has-access","22":"first","23":"instock","24":"downloadable","25":"virtual","26":"taxable","27":"purchasable","28":"product-type-simple"},"acf":[],"yoast_head":"<!-- This site is optimized with the Yoast SEO plugin v27.3 - https:\/\/yoast.com\/product\/yoast-seo-wordpress\/ -->\n<title>Shelley I (clarinet) - EdicionesDelantal<\/title>\n<meta name=\"robots\" content=\"index, follow, max-snippet:-1, max-image-preview:large, max-video-preview:-1\" \/>\n<link rel=\"canonical\" href=\"https:\/\/edicionesdelantal.es\/en\/product\/shelley-i-osm35n1r\/\" \/>\n<meta name=\"twitter:label1\" content=\"Est. reading time\" \/>\n\t<meta name=\"twitter:data1\" content=\"1 minute\" \/>\n<script type=\"application\/ld+json\" class=\"yoast-schema-graph\">{\"@context\":\"https:\\\/\\\/schema.org\",\"@graph\":[{\"@type\":\"WebPage\",\"@id\":\"https:\\\/\\\/edicionesdelantal.es\\\/en\\\/product\\\/shelley-i-osm35n1r\\\/\",\"url\":\"https:\\\/\\\/edicionesdelantal.es\\\/en\\\/product\\\/shelley-i-osm35n1r\\\/\",\"name\":\"Shelley I (clarinet) - EdicionesDelantal\",\"isPartOf\":{\"@id\":\"https:\\\/\\\/edicionesdelantal.es\\\/#website\"},\"primaryImageOfPage\":{\"@id\":\"https:\\\/\\\/edicionesdelantal.es\\\/en\\\/product\\\/shelley-i-osm35n1r\\\/#primaryimage\"},\"image\":{\"@id\":\"https:\\\/\\\/edicionesdelantal.es\\\/en\\\/product\\\/shelley-i-osm35n1r\\\/#primaryimage\"},\"thumbnailUrl\":\"https:\\\/\\\/edicionesdelantal.es\\\/wp-content\\\/uploads\\\/2020\\\/03\\\/Captura-de-Pantalla-2022-11-09-a-las-22.43.42-e1668030284833.png\",\"datePublished\":\"2020-03-21T12:27:55+00:00\",\"dateModified\":\"2025-04-20T14:50:19+00:00\",\"breadcrumb\":{\"@id\":\"https:\\\/\\\/edicionesdelantal.es\\\/en\\\/product\\\/shelley-i-osm35n1r\\\/#breadcrumb\"},\"inLanguage\":\"en-US\",\"potentialAction\":[{\"@type\":\"ReadAction\",\"target\":[\"https:\\\/\\\/edicionesdelantal.es\\\/en\\\/product\\\/shelley-i-osm35n1r\\\/\"]}]},{\"@type\":\"ImageObject\",\"inLanguage\":\"en-US\",\"@id\":\"https:\\\/\\\/edicionesdelantal.es\\\/en\\\/product\\\/shelley-i-osm35n1r\\\/#primaryimage\",\"url\":\"https:\\\/\\\/edicionesdelantal.es\\\/wp-content\\\/uploads\\\/2020\\\/03\\\/Captura-de-Pantalla-2022-11-09-a-las-22.43.42-e1668030284833.png\",\"contentUrl\":\"https:\\\/\\\/edicionesdelantal.es\\\/wp-content\\\/uploads\\\/2020\\\/03\\\/Captura-de-Pantalla-2022-11-09-a-las-22.43.42-e1668030284833.png\",\"width\":1306,\"height\":1308},{\"@type\":\"BreadcrumbList\",\"@id\":\"https:\\\/\\\/edicionesdelantal.es\\\/en\\\/product\\\/shelley-i-osm35n1r\\\/#breadcrumb\",\"itemListElement\":[{\"@type\":\"ListItem\",\"position\":1,\"name\":\"Portada\",\"item\":\"https:\\\/\\\/edicionesdelantal.es\\\/en\\\/\"},{\"@type\":\"ListItem\",\"position\":2,\"name\":\"Tienda de Partituras\",\"item\":\"https:\\\/\\\/edicionesdelantal.es\\\/tienda\\\/\"},{\"@type\":\"ListItem\",\"position\":3,\"name\":\"Shelley I (clarinet)\"}]},{\"@type\":\"WebSite\",\"@id\":\"https:\\\/\\\/edicionesdelantal.es\\\/#website\",\"url\":\"https:\\\/\\\/edicionesdelantal.es\\\/\",\"name\":\"EdicionesDelantal\",\"description\":\"Composer Sonia Meg\u00edas&#039; publishing company\",\"publisher\":{\"@id\":\"https:\\\/\\\/edicionesdelantal.es\\\/#organization\"},\"potentialAction\":[{\"@type\":\"SearchAction\",\"target\":{\"@type\":\"EntryPoint\",\"urlTemplate\":\"https:\\\/\\\/edicionesdelantal.es\\\/?s={search_term_string}\"},\"query-input\":{\"@type\":\"PropertyValueSpecification\",\"valueRequired\":true,\"valueName\":\"search_term_string\"}}],\"inLanguage\":\"en-US\"},{\"@type\":\"Organization\",\"@id\":\"https:\\\/\\\/edicionesdelantal.es\\\/#organization\",\"name\":\"EdicionesDelantal\",\"url\":\"https:\\\/\\\/edicionesdelantal.es\\\/\",\"logo\":{\"@type\":\"ImageObject\",\"inLanguage\":\"en-US\",\"@id\":\"https:\\\/\\\/edicionesdelantal.es\\\/#\\\/schema\\\/logo\\\/image\\\/\",\"url\":\"https:\\\/\\\/edicionesdelantal.es\\\/wp-content\\\/uploads\\\/2017\\\/11\\\/a-EdicionesDelantal_LOGOCUADRADO.jpg\",\"contentUrl\":\"https:\\\/\\\/edicionesdelantal.es\\\/wp-content\\\/uploads\\\/2017\\\/11\\\/a-EdicionesDelantal_LOGOCUADRADO.jpg\",\"width\":948,\"height\":948,\"caption\":\"EdicionesDelantal\"},\"image\":{\"@id\":\"https:\\\/\\\/edicionesdelantal.es\\\/#\\\/schema\\\/logo\\\/image\\\/\"}}]}<\/script>\n<!-- \/ Yoast SEO plugin. -->","yoast_head_json":{"title":"Shelley I (clarinet) - EdicionesDelantal","robots":{"index":"index","follow":"follow","max-snippet":"max-snippet:-1","max-image-preview":"max-image-preview:large","max-video-preview":"max-video-preview:-1"},"canonical":"https:\/\/edicionesdelantal.es\/en\/product\/shelley-i-osm35n1r\/","twitter_misc":{"Est. reading time":"1 minute"},"schema":{"@context":"https:\/\/schema.org","@graph":[{"@type":"WebPage","@id":"https:\/\/edicionesdelantal.es\/en\/product\/shelley-i-osm35n1r\/","url":"https:\/\/edicionesdelantal.es\/en\/product\/shelley-i-osm35n1r\/","name":"Shelley I (clarinet) - EdicionesDelantal","isPartOf":{"@id":"https:\/\/edicionesdelantal.es\/#website"},"primaryImageOfPage":{"@id":"https:\/\/edicionesdelantal.es\/en\/product\/shelley-i-osm35n1r\/#primaryimage"},"image":{"@id":"https:\/\/edicionesdelantal.es\/en\/product\/shelley-i-osm35n1r\/#primaryimage"},"thumbnailUrl":"https:\/\/edicionesdelantal.es\/wp-content\/uploads\/2020\/03\/Captura-de-Pantalla-2022-11-09-a-las-22.43.42-e1668030284833.png","datePublished":"2020-03-21T12:27:55+00:00","dateModified":"2025-04-20T14:50:19+00:00","breadcrumb":{"@id":"https:\/\/edicionesdelantal.es\/en\/product\/shelley-i-osm35n1r\/#breadcrumb"},"inLanguage":"en-US","potentialAction":[{"@type":"ReadAction","target":["https:\/\/edicionesdelantal.es\/en\/product\/shelley-i-osm35n1r\/"]}]},{"@type":"ImageObject","inLanguage":"en-US","@id":"https:\/\/edicionesdelantal.es\/en\/product\/shelley-i-osm35n1r\/#primaryimage","url":"https:\/\/edicionesdelantal.es\/wp-content\/uploads\/2020\/03\/Captura-de-Pantalla-2022-11-09-a-las-22.43.42-e1668030284833.png","contentUrl":"https:\/\/edicionesdelantal.es\/wp-content\/uploads\/2020\/03\/Captura-de-Pantalla-2022-11-09-a-las-22.43.42-e1668030284833.png","width":1306,"height":1308},{"@type":"BreadcrumbList","@id":"https:\/\/edicionesdelantal.es\/en\/product\/shelley-i-osm35n1r\/#breadcrumb","itemListElement":[{"@type":"ListItem","position":1,"name":"Portada","item":"https:\/\/edicionesdelantal.es\/en\/"},{"@type":"ListItem","position":2,"name":"Tienda de Partituras","item":"https:\/\/edicionesdelantal.es\/tienda\/"},{"@type":"ListItem","position":3,"name":"Shelley I (clarinet)"}]},{"@type":"WebSite","@id":"https:\/\/edicionesdelantal.es\/#website","url":"https:\/\/edicionesdelantal.es\/","name":"EdicionesDelantal","description":"Composer Sonia Meg\u00edas&#039; publishing company","publisher":{"@id":"https:\/\/edicionesdelantal.es\/#organization"},"potentialAction":[{"@type":"SearchAction","target":{"@type":"EntryPoint","urlTemplate":"https:\/\/edicionesdelantal.es\/?s={search_term_string}"},"query-input":{"@type":"PropertyValueSpecification","valueRequired":true,"valueName":"search_term_string"}}],"inLanguage":"en-US"},{"@type":"Organization","@id":"https:\/\/edicionesdelantal.es\/#organization","name":"EdicionesDelantal","url":"https:\/\/edicionesdelantal.es\/","logo":{"@type":"ImageObject","inLanguage":"en-US","@id":"https:\/\/edicionesdelantal.es\/#\/schema\/logo\/image\/","url":"https:\/\/edicionesdelantal.es\/wp-content\/uploads\/2017\/11\/a-EdicionesDelantal_LOGOCUADRADO.jpg","contentUrl":"https:\/\/edicionesdelantal.es\/wp-content\/uploads\/2017\/11\/a-EdicionesDelantal_LOGOCUADRADO.jpg","width":948,"height":948,"caption":"EdicionesDelantal"},"image":{"@id":"https:\/\/edicionesdelantal.es\/#\/schema\/logo\/image\/"}}]}},"uagb_featured_image_src":{"full":["https:\/\/edicionesdelantal.es\/wp-content\/uploads\/2020\/03\/Captura-de-Pantalla-2022-11-09-a-las-22.43.42-e1668030284833.png",1306,1308,false],"thumbnail":["https:\/\/edicionesdelantal.es\/wp-content\/uploads\/2020\/03\/Captura-de-Pantalla-2022-11-09-a-las-22.43.42-150x150.png",150,150,true],"medium":["https:\/\/edicionesdelantal.es\/wp-content\/uploads\/2020\/03\/Captura-de-Pantalla-2022-11-09-a-las-22.43.42-300x300.png",300,300,true],"medium_large":["https:\/\/edicionesdelantal.es\/wp-content\/uploads\/2020\/03\/Captura-de-Pantalla-2022-11-09-a-las-22.43.42-768x769.png",768,769,true],"large":["https:\/\/edicionesdelantal.es\/wp-content\/uploads\/2020\/03\/Captura-de-Pantalla-2022-11-09-a-las-22.43.42-1022x1024.png",980,982,true],"1536x1536":["https:\/\/edicionesdelantal.es\/wp-content\/uploads\/2020\/03\/Captura-de-Pantalla-2022-11-09-a-las-22.43.42-e1668030284833.png",1306,1308,false],"2048x2048":["https:\/\/edicionesdelantal.es\/wp-content\/uploads\/2020\/03\/Captura-de-Pantalla-2022-11-09-a-las-22.43.42-e1668030284833.png",1306,1308,false],"woocommerce_thumbnail":["https:\/\/edicionesdelantal.es\/wp-content\/uploads\/2020\/03\/Captura-de-Pantalla-2022-11-09-a-las-22.43.42-324x324.png",324,324,true],"woocommerce_single":["https:\/\/edicionesdelantal.es\/wp-content\/uploads\/2020\/03\/Captura-de-Pantalla-2022-11-09-a-las-22.43.42-416x417.png",416,417,true],"woocommerce_gallery_thumbnail":["https:\/\/edicionesdelantal.es\/wp-content\/uploads\/2020\/03\/Captura-de-Pantalla-2022-11-09-a-las-22.43.42-100x100.png",100,100,true]},"uagb_author_info":{"display_name":"Sonia Meg\u00edas","author_link":"https:\/\/edicionesdelantal.es\/en\/author\/"},"uagb_comment_info":0,"uagb_excerpt":"Shelley I is a piece that I created for clarinet player Jos\u00e9 Andr\u00e9s P\u00e9rez in Murcia, while we were finishing our musical studies at the high conservatory. He asked me for a solo piece and looking at him and his big size body I could perfectly imagine a piece on the Frankenstein creature. So this&hellip;","_links":{"self":[{"href":"https:\/\/edicionesdelantal.es\/en\/wp-json\/wp\/v2\/product\/2160","targetHints":{"allow":["GET"]}}],"collection":[{"href":"https:\/\/edicionesdelantal.es\/en\/wp-json\/wp\/v2\/product"}],"about":[{"href":"https:\/\/edicionesdelantal.es\/en\/wp-json\/wp\/v2\/types\/product"}],"wp:featuredmedia":[{"embeddable":true,"href":"https:\/\/edicionesdelantal.es\/en\/wp-json\/wp\/v2\/media\/5777"}],"wp:attachment":[{"href":"https:\/\/edicionesdelantal.es\/en\/wp-json\/wp\/v2\/media?parent=2160"}],"wp:term":[{"taxonomy":"product_brand","embeddable":true,"href":"https:\/\/edicionesdelantal.es\/en\/wp-json\/wp\/v2\/product_brand?post=2160"},{"taxonomy":"product_cat","embeddable":true,"href":"https:\/\/edicionesdelantal.es\/en\/wp-json\/wp\/v2\/product_cat?post=2160"},{"taxonomy":"product_tag","embeddable":true,"href":"https:\/\/edicionesdelantal.es\/en\/wp-json\/wp\/v2\/product_tag?post=2160"}],"curies":[{"name":"wp","href":"https:\/\/api.w.org\/{rel}","templated":true}]}}