{"id":2870,"date":"2020-05-02T15:55:27","date_gmt":"2020-05-02T13:55:27","guid":{"rendered":"http:\/\/edicionesdelantal.es\/product\/nuevo-producto\/"},"modified":"2025-04-18T18:50:38","modified_gmt":"2025-04-18T16:50:38","slug":"te-acuerdas-osm17n3","status":"publish","type":"product","link":"https:\/\/edicionesdelantal.es\/en\/product\/te-acuerdas-osm17n3\/","title":{"rendered":"\u00bfTe acuerdas? \u00b7 osm17#3"},"content":{"rendered":"<p>This piece was a request by composer Claudia Montero for the tribute to Alfonsina Storni sung by \u00c1gueda Fern\u00e1ndez Abad (mezzosoprano) with Jorge Parodi at the piano. The tribute was at the Consulate of the Argentinian Republic in New York (USA).<\/p>\n<p>Some\u00a0<strong>relevant<\/strong> <strong>performances<\/strong>\u00a0of the piece have been:<br \/>\n&#8211; 2010&#8217;VI&#8217;26, Spanish premiere at the Basilios Auditorium, Alcal\u00e1 de Henares (Madrid), by Estela Ortega (soprano) and Carlos Rodr\u00edguez (piano). <a href=\"http:\/\/soniamegias.es\/en\/event\/alcala-de-henares-monografico-en-el-aula-de-musica-de-la-universidad\/\" target=\"_blank\" rel=\"noopener noreferrer\">Sonia Meg\u00edas&#8217; one-composer-concert<\/a>, organized by the Music Department of Alcal\u00e1 de Henares University.<br \/>\n&#8211; <a href=\"http:\/\/edicionesdelantal.es\/wp-content\/uploads\/2020\/05\/Prog-Bremen-19-NOV-2009.pdf\">2009&#8217;XI&#8217;19 en el Bremen Univesity Theater<\/a>\u00a0(Germany), by \u00c1gueda Fern\u00e1ndez Abad and Juan Mar\u00eda Solare as part of the concert &#8216;Lieder nach Texten von Alfonsina Storni&#8217;.<br \/>\n&#8211; <a href=\"http:\/\/edicionesdelantal.es\/wp-content\/uploads\/2020\/05\/09-01-25_Composers_Voice_Concert.pdf\">2009&#8217;I&#8217;25 en Jan Hus Sanctuary<\/a> (New York, USA), by \u00c1gueda Fern\u00e1ndez Abad and Jorge Parodi at the concerts season &#8216;Composer&#8217;s voice&#8217;.<\/p>\n","protected":false},"excerpt":{"rendered":"[audio mp3=\"http:\/\/edicionesdelantal.es\/wp-content\/uploads\/2020\/05\/Te-acuerdas-ALCALA-26-VI-10.mp3\"][\/audio]\n<hr \/>\n<p>Premiere in Spain, by Estela Ortega (soprano) and Carlos Rodr\u00edguez (piano)<\/p>\n<hr \/>\n","protected":false},"featured_media":3172,"template":"","meta":{"_gspb_post_css":"","pmpro_default_level":"","_uag_custom_page_level_css":"","_price":"10","_stock":null,"_tribe_ticket_header":"","_tribe_default_ticket_provider":"","_tribe_ticket_capacity":"","_ticket_start_date":"","_ticket_end_date":"","_tribe_ticket_show_description":"","_tribe_ticket_show_not_going":false,"_tribe_ticket_use_global_stock":"","_tribe_ticket_global_stock_level":"","_global_stock_mode":"","_global_stock_cap":"","_tribe_rsvp_for_event":"","_tribe_ticket_going_count":"","_tribe_ticket_not_going_count":"","_tribe_tickets_list":"[]","_tribe_ticket_has_attendee_info_fields":false},"product_brand":[],"product_cat":[180,165,140,142,153,157,163,181,138,164,139],"product_tag":[682,683,685,686,687,688,259,690],"class_list":{"0":"post-2870","1":"product","2":"type-product","3":"status-publish","4":"has-post-thumbnail","6":"product_cat-camera","7":"product_cat-chambercollection","8":"product_cat-collections-en","9":"product_cat-genre-en","10":"product_cat-keyboard","11":"product_cat-piano-en","12":"product_cat-soloist","13":"product_cat-song","14":"product_cat-soprano-en","15":"product_cat-tenor-en","16":"product_cat-voice-en","17":"product_tag-agueda-fernandez-abad-en","18":"product_tag-alfonsina-storni-en","19":"product_tag-claudia-montero-en","20":"product_tag-flamenco-en","21":"product_tag-jorge-parodi-en","22":"product_tag-juan-maria-solare-en","23":"product_tag-sonia-megias-en","24":"product_tag-voz-y-piano-en","25":"pmpro-has-access","27":"first","28":"instock","29":"downloadable","30":"virtual","31":"taxable","32":"purchasable","33":"product-type-simple"},"acf":[],"yoast_head":"<!-- This site is optimized with the Yoast SEO plugin v27.3 - https:\/\/yoast.com\/product\/yoast-seo-wordpress\/ -->\n<title>\u00bfTe acuerdas? \u00b7 osm17#3 - EdicionesDelantal<\/title>\n<meta name=\"robots\" content=\"index, follow, max-snippet:-1, max-image-preview:large, max-video-preview:-1\" \/>\n<link rel=\"canonical\" href=\"https:\/\/edicionesdelantal.es\/en\/product\/te-acuerdas-osm17n3\/\" \/>\n<meta name=\"twitter:label1\" content=\"Est. reading time\" \/>\n\t<meta name=\"twitter:data1\" content=\"1 minute\" \/>\n<script type=\"application\/ld+json\" class=\"yoast-schema-graph\">{\"@context\":\"https:\\\/\\\/schema.org\",\"@graph\":[{\"@type\":\"WebPage\",\"@id\":\"https:\\\/\\\/edicionesdelantal.es\\\/en\\\/product\\\/te-acuerdas-osm17n3\\\/\",\"url\":\"https:\\\/\\\/edicionesdelantal.es\\\/en\\\/product\\\/te-acuerdas-osm17n3\\\/\",\"name\":\"\u00bfTe acuerdas? \u00b7 osm17#3 - EdicionesDelantal\",\"isPartOf\":{\"@id\":\"https:\\\/\\\/edicionesdelantal.es\\\/#website\"},\"primaryImageOfPage\":{\"@id\":\"https:\\\/\\\/edicionesdelantal.es\\\/en\\\/product\\\/te-acuerdas-osm17n3\\\/#primaryimage\"},\"image\":{\"@id\":\"https:\\\/\\\/edicionesdelantal.es\\\/en\\\/product\\\/te-acuerdas-osm17n3\\\/#primaryimage\"},\"thumbnailUrl\":\"https:\\\/\\\/edicionesdelantal.es\\\/wp-content\\\/uploads\\\/2020\\\/05\\\/osm173-icono.jpg\",\"datePublished\":\"2020-05-02T13:55:27+00:00\",\"dateModified\":\"2025-04-18T16:50:38+00:00\",\"breadcrumb\":{\"@id\":\"https:\\\/\\\/edicionesdelantal.es\\\/en\\\/product\\\/te-acuerdas-osm17n3\\\/#breadcrumb\"},\"inLanguage\":\"en-US\",\"potentialAction\":[{\"@type\":\"ReadAction\",\"target\":[\"https:\\\/\\\/edicionesdelantal.es\\\/en\\\/product\\\/te-acuerdas-osm17n3\\\/\"]}]},{\"@type\":\"ImageObject\",\"inLanguage\":\"en-US\",\"@id\":\"https:\\\/\\\/edicionesdelantal.es\\\/en\\\/product\\\/te-acuerdas-osm17n3\\\/#primaryimage\",\"url\":\"https:\\\/\\\/edicionesdelantal.es\\\/wp-content\\\/uploads\\\/2020\\\/05\\\/osm173-icono.jpg\",\"contentUrl\":\"https:\\\/\\\/edicionesdelantal.es\\\/wp-content\\\/uploads\\\/2020\\\/05\\\/osm173-icono.jpg\",\"width\":2479,\"height\":2479},{\"@type\":\"BreadcrumbList\",\"@id\":\"https:\\\/\\\/edicionesdelantal.es\\\/en\\\/product\\\/te-acuerdas-osm17n3\\\/#breadcrumb\",\"itemListElement\":[{\"@type\":\"ListItem\",\"position\":1,\"name\":\"Portada\",\"item\":\"https:\\\/\\\/edicionesdelantal.es\\\/en\\\/\"},{\"@type\":\"ListItem\",\"position\":2,\"name\":\"Tienda de Partituras\",\"item\":\"https:\\\/\\\/edicionesdelantal.es\\\/tienda\\\/\"},{\"@type\":\"ListItem\",\"position\":3,\"name\":\"\u00bfTe acuerdas? \u00b7 osm17#3\"}]},{\"@type\":\"WebSite\",\"@id\":\"https:\\\/\\\/edicionesdelantal.es\\\/#website\",\"url\":\"https:\\\/\\\/edicionesdelantal.es\\\/\",\"name\":\"EdicionesDelantal\",\"description\":\"Composer Sonia Meg\u00edas&#039; publishing company\",\"publisher\":{\"@id\":\"https:\\\/\\\/edicionesdelantal.es\\\/#organization\"},\"potentialAction\":[{\"@type\":\"SearchAction\",\"target\":{\"@type\":\"EntryPoint\",\"urlTemplate\":\"https:\\\/\\\/edicionesdelantal.es\\\/?s={search_term_string}\"},\"query-input\":{\"@type\":\"PropertyValueSpecification\",\"valueRequired\":true,\"valueName\":\"search_term_string\"}}],\"inLanguage\":\"en-US\"},{\"@type\":\"Organization\",\"@id\":\"https:\\\/\\\/edicionesdelantal.es\\\/#organization\",\"name\":\"EdicionesDelantal\",\"url\":\"https:\\\/\\\/edicionesdelantal.es\\\/\",\"logo\":{\"@type\":\"ImageObject\",\"inLanguage\":\"en-US\",\"@id\":\"https:\\\/\\\/edicionesdelantal.es\\\/#\\\/schema\\\/logo\\\/image\\\/\",\"url\":\"https:\\\/\\\/edicionesdelantal.es\\\/wp-content\\\/uploads\\\/2017\\\/11\\\/a-EdicionesDelantal_LOGOCUADRADO.jpg\",\"contentUrl\":\"https:\\\/\\\/edicionesdelantal.es\\\/wp-content\\\/uploads\\\/2017\\\/11\\\/a-EdicionesDelantal_LOGOCUADRADO.jpg\",\"width\":948,\"height\":948,\"caption\":\"EdicionesDelantal\"},\"image\":{\"@id\":\"https:\\\/\\\/edicionesdelantal.es\\\/#\\\/schema\\\/logo\\\/image\\\/\"}}]}<\/script>\n<!-- \/ Yoast SEO plugin. -->","yoast_head_json":{"title":"\u00bfTe acuerdas? \u00b7 osm17#3 - EdicionesDelantal","robots":{"index":"index","follow":"follow","max-snippet":"max-snippet:-1","max-image-preview":"max-image-preview:large","max-video-preview":"max-video-preview:-1"},"canonical":"https:\/\/edicionesdelantal.es\/en\/product\/te-acuerdas-osm17n3\/","twitter_misc":{"Est. reading time":"1 minute"},"schema":{"@context":"https:\/\/schema.org","@graph":[{"@type":"WebPage","@id":"https:\/\/edicionesdelantal.es\/en\/product\/te-acuerdas-osm17n3\/","url":"https:\/\/edicionesdelantal.es\/en\/product\/te-acuerdas-osm17n3\/","name":"\u00bfTe acuerdas? \u00b7 osm17#3 - EdicionesDelantal","isPartOf":{"@id":"https:\/\/edicionesdelantal.es\/#website"},"primaryImageOfPage":{"@id":"https:\/\/edicionesdelantal.es\/en\/product\/te-acuerdas-osm17n3\/#primaryimage"},"image":{"@id":"https:\/\/edicionesdelantal.es\/en\/product\/te-acuerdas-osm17n3\/#primaryimage"},"thumbnailUrl":"https:\/\/edicionesdelantal.es\/wp-content\/uploads\/2020\/05\/osm173-icono.jpg","datePublished":"2020-05-02T13:55:27+00:00","dateModified":"2025-04-18T16:50:38+00:00","breadcrumb":{"@id":"https:\/\/edicionesdelantal.es\/en\/product\/te-acuerdas-osm17n3\/#breadcrumb"},"inLanguage":"en-US","potentialAction":[{"@type":"ReadAction","target":["https:\/\/edicionesdelantal.es\/en\/product\/te-acuerdas-osm17n3\/"]}]},{"@type":"ImageObject","inLanguage":"en-US","@id":"https:\/\/edicionesdelantal.es\/en\/product\/te-acuerdas-osm17n3\/#primaryimage","url":"https:\/\/edicionesdelantal.es\/wp-content\/uploads\/2020\/05\/osm173-icono.jpg","contentUrl":"https:\/\/edicionesdelantal.es\/wp-content\/uploads\/2020\/05\/osm173-icono.jpg","width":2479,"height":2479},{"@type":"BreadcrumbList","@id":"https:\/\/edicionesdelantal.es\/en\/product\/te-acuerdas-osm17n3\/#breadcrumb","itemListElement":[{"@type":"ListItem","position":1,"name":"Portada","item":"https:\/\/edicionesdelantal.es\/en\/"},{"@type":"ListItem","position":2,"name":"Tienda de Partituras","item":"https:\/\/edicionesdelantal.es\/tienda\/"},{"@type":"ListItem","position":3,"name":"\u00bfTe acuerdas? \u00b7 osm17#3"}]},{"@type":"WebSite","@id":"https:\/\/edicionesdelantal.es\/#website","url":"https:\/\/edicionesdelantal.es\/","name":"EdicionesDelantal","description":"Composer Sonia Meg\u00edas&#039; publishing company","publisher":{"@id":"https:\/\/edicionesdelantal.es\/#organization"},"potentialAction":[{"@type":"SearchAction","target":{"@type":"EntryPoint","urlTemplate":"https:\/\/edicionesdelantal.es\/?s={search_term_string}"},"query-input":{"@type":"PropertyValueSpecification","valueRequired":true,"valueName":"search_term_string"}}],"inLanguage":"en-US"},{"@type":"Organization","@id":"https:\/\/edicionesdelantal.es\/#organization","name":"EdicionesDelantal","url":"https:\/\/edicionesdelantal.es\/","logo":{"@type":"ImageObject","inLanguage":"en-US","@id":"https:\/\/edicionesdelantal.es\/#\/schema\/logo\/image\/","url":"https:\/\/edicionesdelantal.es\/wp-content\/uploads\/2017\/11\/a-EdicionesDelantal_LOGOCUADRADO.jpg","contentUrl":"https:\/\/edicionesdelantal.es\/wp-content\/uploads\/2017\/11\/a-EdicionesDelantal_LOGOCUADRADO.jpg","width":948,"height":948,"caption":"EdicionesDelantal"},"image":{"@id":"https:\/\/edicionesdelantal.es\/#\/schema\/logo\/image\/"}}]}},"uagb_featured_image_src":{"full":["https:\/\/edicionesdelantal.es\/wp-content\/uploads\/2020\/05\/osm173-icono.jpg",2479,2479,false],"thumbnail":["https:\/\/edicionesdelantal.es\/wp-content\/uploads\/2020\/05\/osm173-icono-150x150.jpg",150,150,true],"medium":["https:\/\/edicionesdelantal.es\/wp-content\/uploads\/2020\/05\/osm173-icono-300x300.jpg",300,300,true],"medium_large":["https:\/\/edicionesdelantal.es\/wp-content\/uploads\/2020\/05\/osm173-icono-768x768.jpg",768,768,true],"large":["https:\/\/edicionesdelantal.es\/wp-content\/uploads\/2020\/05\/osm173-icono-1024x1024.jpg",980,980,true],"1536x1536":["https:\/\/edicionesdelantal.es\/wp-content\/uploads\/2020\/05\/osm173-icono-1536x1536.jpg",1536,1536,true],"2048x2048":["https:\/\/edicionesdelantal.es\/wp-content\/uploads\/2020\/05\/osm173-icono-2048x2048.jpg",2048,2048,true],"woocommerce_thumbnail":["https:\/\/edicionesdelantal.es\/wp-content\/uploads\/2020\/05\/osm173-icono-324x324.jpg",324,324,true],"woocommerce_single":["https:\/\/edicionesdelantal.es\/wp-content\/uploads\/2020\/05\/osm173-icono-416x416.jpg",416,416,true],"woocommerce_gallery_thumbnail":["https:\/\/edicionesdelantal.es\/wp-content\/uploads\/2020\/05\/osm173-icono-100x100.jpg",100,100,true]},"uagb_author_info":{"display_name":"Sonia Meg\u00edas","author_link":"https:\/\/edicionesdelantal.es\/en\/author\/"},"uagb_comment_info":0,"uagb_excerpt":"[audio mp3=\"http:\/\/edicionesdelantal.es\/wp-content\/uploads\/2020\/05\/Te-acuerdas-ALCALA-26-VI-10.mp3\"][\/audio] Premiere in Spain, by Estela Ortega (soprano) and Carlos Rodr\u00edguez (piano)","jetpack_sharing_enabled":true,"_links":{"self":[{"href":"https:\/\/edicionesdelantal.es\/en\/wp-json\/wp\/v2\/product\/2870","targetHints":{"allow":["GET"]}}],"collection":[{"href":"https:\/\/edicionesdelantal.es\/en\/wp-json\/wp\/v2\/product"}],"about":[{"href":"https:\/\/edicionesdelantal.es\/en\/wp-json\/wp\/v2\/types\/product"}],"wp:featuredmedia":[{"embeddable":true,"href":"https:\/\/edicionesdelantal.es\/en\/wp-json\/wp\/v2\/media\/3172"}],"wp:attachment":[{"href":"https:\/\/edicionesdelantal.es\/en\/wp-json\/wp\/v2\/media?parent=2870"}],"wp:term":[{"taxonomy":"product_brand","embeddable":true,"href":"https:\/\/edicionesdelantal.es\/en\/wp-json\/wp\/v2\/product_brand?post=2870"},{"taxonomy":"product_cat","embeddable":true,"href":"https:\/\/edicionesdelantal.es\/en\/wp-json\/wp\/v2\/product_cat?post=2870"},{"taxonomy":"product_tag","embeddable":true,"href":"https:\/\/edicionesdelantal.es\/en\/wp-json\/wp\/v2\/product_tag?post=2870"}],"curies":[{"name":"wp","href":"https:\/\/api.w.org\/{rel}","templated":true}]}}