{"id":3159,"date":"2020-05-16T17:25:42","date_gmt":"2020-05-16T15:25:42","guid":{"rendered":"http:\/\/edicionesdelantal.es\/?post_type=product&#038;p=3159"},"modified":"2025-04-17T19:57:15","modified_gmt":"2025-04-17T17:57:15","slug":"romance-de-oriol-sole-sugranyes-asm33n7","status":"publish","type":"product","link":"https:\/\/edicionesdelantal.es\/en\/product\/romance-de-oriol-sole-sugranyes-asm33n7\/","title":{"rendered":"Romance de Oriol Sol\u00e9 Sugranyes (SAT chorus)"},"content":{"rendered":"<p>Audio for training (MIDI sound):<\/p>\n<div class=\"wp-playlist wp-audio-playlist wp-playlist-light\">\n\t\t\t<div class=\"wp-playlist-current-item\"><\/div>\n\t\t<audio controls=\"controls\" preload=\"none\" width=\"958\"\n\t\t\t><\/audio>\n\t<div class=\"wp-playlist-next\"><\/div>\n\t<div class=\"wp-playlist-prev\"><\/div>\n\t<noscript>\n\t<ol>\n\t\t<li><a href='https:\/\/edicionesdelantal.es\/wp-content\/uploads\/2020\/05\/Debord_Romance_Sugranyes_TODAS.mp3'>Romance de Oriol Sole\u0301 Sugranyes - TODAS<\/a><\/li>\t<\/ol>\n\t<\/noscript>\n\t<script type=\"application\/json\" class=\"wp-playlist-script\">{\"type\":\"audio\",\"tracklist\":false,\"tracknumbers\":true,\"images\":false,\"artists\":true,\"tracks\":[{\"src\":\"https:\/\/edicionesdelantal.es\/wp-content\/uploads\/2020\/05\/Debord_Romance_Sugranyes_TODAS.mp3\",\"type\":\"audio\/mpeg\",\"title\":\"Romance de Oriol Sole\\u0301 Sugranyes - TODAS\",\"caption\":\"\",\"description\":\"\\u00abRomance de Oriol Sole\\u0301 Sugranyes - TODAS\\u00bb.\",\"meta\":{\"length_formatted\":\"2:35\"},\"image\":{\"src\":\"https:\/\/edicionesdelantal.es\/wp-includes\/images\/media\/audio.svg\",\"width\":48,\"height\":64},\"thumb\":{\"src\":\"https:\/\/edicionesdelantal.es\/wp-includes\/images\/media\/audio.svg\",\"width\":48,\"height\":64}}]}<\/script>\n<\/div>\n\t\n<hr \/>\n<p><b>ROMANCE DEL PRENDIMIENTO Y LA MUERTE DE ORIOL SOL\u00c9 SUGRANYES<br \/>\n<\/b>(music from <i>El extranjero<\/i>, de Georges Moustaki)<\/p>\n<p style=\"text-align: right;\">Compilation and translation by Pedro G. Romero and Mar\u00eda Garc\u00eda Ruiz<br \/>\nChoral arrangement by Sonia Meg\u00edas<\/p>\n<p>Huyendo por la monta\u00f1a<br \/>\ndesde Bellver de Cerda\u00f1a<br \/>\ndonde hizo una expropiaci\u00f3n<br \/>\ntendieron una emboscada<br \/>\na Oriol Sol\u00e9 y a un camarada<br \/>\natraparon a los dos.<\/p>\n<p>Pas\u00f3 por comisar\u00eda<br \/>\npor manos de polic\u00edas<br \/>\npero no se derrot\u00f3<br \/>\nla espera una gran condena<br \/>\nmuchos a\u00f1os en la trena<br \/>\nal valiente luchador.<\/p>\n<p>En las c\u00e1rceles franquistas<br \/>\nlos prisioneros anarquistas<br \/>\nsiguen la revoluci\u00f3n<br \/>\nninguna clase de gracia<br \/>\nal venir la democracia<br \/>\nles arregla la cuesti\u00f3n.<\/p>\n<p>La c\u00e1rcel de Soria amarga<br \/>\nla condena es muy larga<br \/>\nse prepara la evasi\u00f3n<br \/>\npensando en la metralleta<br \/>\njunto a unos presos de ETA<br \/>\nSol\u00e9 Sugra\u00f1es escap\u00f3.<\/p>\n<p>A la frontera llegaron<br \/>\nunos pocos la atravesaron<br \/>\nla mayor\u00eda cay\u00f3<br \/>\nla suerte que te acompa\u00f1e<br \/>\ncompa\u00f1ero Oriol Sugra\u00f1es<br \/>\nel destino amaneci\u00f3.<\/p>\n<p>Los civiles esperaban<br \/>\nentre la niebla tiraban<br \/>\nun disparo lo mat\u00f3<br \/>\ny entre los buenos etarras<br \/>\nen un valle de Navarra<br \/>\nuna bala lo acab\u00f3.<\/p>\n<p>Una vida se derrumba<br \/>\nen el camino hacia la tumba<br \/>\nPuig Antich te precedi\u00f3<br \/>\ncompa\u00f1ero Oriol hermano<br \/>\ncon las armas en la mano<br \/>\nt\u00fa has ca\u00eddo, otros no.<\/p>\n<hr \/>\n<p style=\"text-align: justify;\">Introduction to the concert<a href=\"https:\/\/www.museoreinasofia.es\/en\/activities\/guy-debord\" target=\"_blank\" rel=\"noopener noreferrer\"><strong> Ten Songs for the Contemporary Social War<\/strong><\/a><\/p>\n<p style=\"text-align: justify;\"><em>\u00a0 \u00a0 With the publication of this selection of songs, heard in different places different times, we have no other objectives than to make known the Spanish reality of the neo-democratic period, through one of its most popular manifestations: the songs that its main characters sang, reflecting their passions, their ideas, and their anger better than anything else. You can easily understand the Francoist transition towards forms of democratic dominion just by listening to them. How can one realize that the proletariat fighters do not allow themselves to be overcome by sadness when one of them falls, nor do they despair when they are condemned to rot under the walls of a prison. They clench their fists and continue fighting. They are like those warriors of whom Herodotus speaks warning his enemies: \u201cDo not even take the trouble to ask me about the number of them to go out and meet them, because keep in mind that if their army consists of a thousand men, they will give you a battle with a thousand; if less they are, with less they will give it to you, and if they are more, there will be more those who present it\u201d (Polimnia).<\/em><\/p>\n<p style=\"text-align: right;\">A GROUP OF ICONOCLASTS, May 1981<\/p>\n<p>&nbsp;<\/p>\n<p style=\"text-align: justify;\">\u00a0 \u00a0 Guy Debord is one of the most lucid political theorists of our time. He coined the term &#8220;the society of the spectacle&#8221; to refer to a time when everything is image and the image is the most refined form of merchandising. He talks about how every time is divided into production and consumption, how politics has become an appearance and how capital invades and appropriates private and subjective spheres. He did this in 1972, so watching today&#8217;s social networks, politics through Twitter, it is easy to understand why he has been considered one of the great thinkers in our time. He was also a filmmaker, and that&#8217;s why we dedicated a <a href=\"https:\/\/www.museoreinasofia.es\/en\/activities\/guy-debord-and-rene-vienet-lettrism-situationism\" target=\"_blank\" rel=\"noopener noreferrer\">series<\/a> to him at the Museum and at the C\u00edrculo de Bellas Artes.<\/p>\n<p style=\"text-align: justify;\">\u00a0 \u00a0 During some visits to our country in the early 80&#8217;s, Debord wrote a series of critical couplets about Spain at the late-Franco period and the Transition. Those songs had the shape and the music of the Spanish popular songs, and this is what choruses will perform in this project. The couplets, taken together, are a fresco of the dark spots of the supposed transition from dictatorship to a democratic society, all seen by one of the great theorists of our time. That&#8217;s why we were also interested in having them performed by social choruses as a political project.<\/p>\n<p style=\"text-align: justify;\">\u00a0 \u00a0 Pedro G. Romero and Mar\u00eda Garc\u00eda Ruiz, great connoisseurs of Guy Debord, are the researchers and artists who discovered the songs and are translating and updating them so that Sonia can make the choral arrangements. From <a href=\"https:\/\/vimeo.com\/344698064\">this link<\/a> you can see an autobiographical documentary (in French) by Debord himself. Months after Canal Plus aired it, the author committed suicide. We will show it at the Museum the day before the concert.<\/p>\n<p style=\"text-align: right;\">Chema Gonz\u00e1lez, head of the Debord Series<br \/>\nat the National Museum of Contemporary Art &#8216;Reina Sof\u00eda&#8217;.<br \/>\nMadrid, January 2020<\/p>\n","protected":false},"excerpt":{"rendered":"<p style=\"text-align: right;\">You can download the audio files (mp3) from the following links:<br \/>\n<a href=\"https:\/\/edicionesdelantal.es\/en\/product\/debord-romance-sugranyes-asm33n7-audio-voice1\/\" target=\"_blank\" rel=\"noopener noreferrer\"><strong>Voice 1<\/strong> audio file<\/a><br \/>\n<a href=\"https:\/\/edicionesdelantal.es\/en\/product\/debord-romance-sugranyes-asm33n7-audio-voice2\/\" target=\"_blank\" rel=\"noopener noreferrer\"><strong>Voice 2<\/strong> audio file<\/a><br \/>\n<a href=\"https:\/\/edicionesdelantal.es\/en\/product\/debord-romance-sugranyes-asm33n7-audio-voice3\/\" target=\"_blank\" rel=\"noopener\"><strong>Voice 3<\/strong> audio file<\/a><\/p>\n","protected":false},"featured_media":13133,"template":"","meta":{"_gspb_post_css":"","pmpro_default_level":"","_uag_custom_page_level_css":"","_price":"5","_stock":null,"_tribe_ticket_header":"","_tribe_default_ticket_provider":"","_tribe_ticket_capacity":"","_ticket_start_date":"","_ticket_end_date":"","_tribe_ticket_show_description":"","_tribe_ticket_show_not_going":false,"_tribe_ticket_use_global_stock":"","_tribe_ticket_global_stock_level":"","_global_stock_mode":"","_global_stock_cap":"","_tribe_rsvp_for_event":"","_tribe_ticket_going_count":"","_tribe_ticket_not_going_count":"","_tribe_tickets_list":"[]","_tribe_ticket_has_attendee_info_fields":false},"product_brand":[],"product_cat":[135,161,160,141,143,140,142,136,137,138,164,139],"product_tag":[749,1673,751,752,697,753,754,1715,755,750,756],"class_list":{"0":"post-3159","1":"product","2":"type-product","3":"status-publish","4":"has-post-thumbnail","6":"product_cat-alto-en","7":"product_cat-baritone","8":"product_cat-bass","9":"product_cat-choralcollection","10":"product_cat-coral-en","11":"product_cat-collections-en","12":"product_cat-genre-en","13":"product_cat-group-en","14":"product_cat-mezzo-en","15":"product_cat-soprano-en","16":"product_cat-tenor-en","17":"product_cat-voice-en","18":"product_tag-assembly","19":"product_tag-el-corofon-en","20":"product_tag-guy-debord-en","21":"product_tag-lucha-social-en","22":"product_tag-malvaloca-choir","23":"product_tag-mncars-en","24":"product_tag-museo-reina-sofia-en","25":"product_tag-oriol-sole-sugranyes-en","26":"product_tag-situacionismo-en","27":"product_tag-social-choir","28":"product_tag-voces-de-ida-y-vuelta-en","29":"pmpro-has-access","31":"first","32":"instock","33":"downloadable","34":"virtual","35":"taxable","36":"purchasable","37":"product-type-simple"},"acf":[],"yoast_head":"<!-- This site is optimized with the Yoast SEO plugin v27.3 - https:\/\/yoast.com\/product\/yoast-seo-wordpress\/ -->\n<title>Romance de Oriol Sol\u00e9 Sugranyes (SAT chorus) - EdicionesDelantal<\/title>\n<meta name=\"robots\" content=\"index, follow, max-snippet:-1, max-image-preview:large, max-video-preview:-1\" \/>\n<link rel=\"canonical\" href=\"https:\/\/edicionesdelantal.es\/en\/product\/romance-de-oriol-sole-sugranyes-asm33n7\/\" \/>\n<meta name=\"twitter:label1\" content=\"Est. reading time\" \/>\n\t<meta name=\"twitter:data1\" content=\"4 minutes\" \/>\n<script type=\"application\/ld+json\" class=\"yoast-schema-graph\">{\"@context\":\"https:\\\/\\\/schema.org\",\"@graph\":[{\"@type\":\"WebPage\",\"@id\":\"https:\\\/\\\/edicionesdelantal.es\\\/en\\\/product\\\/romance-de-oriol-sole-sugranyes-asm33n7\\\/\",\"url\":\"https:\\\/\\\/edicionesdelantal.es\\\/en\\\/product\\\/romance-de-oriol-sole-sugranyes-asm33n7\\\/\",\"name\":\"Romance de Oriol Sol\u00e9 Sugranyes (SAT chorus) - EdicionesDelantal\",\"isPartOf\":{\"@id\":\"https:\\\/\\\/edicionesdelantal.es\\\/#website\"},\"primaryImageOfPage\":{\"@id\":\"https:\\\/\\\/edicionesdelantal.es\\\/en\\\/product\\\/romance-de-oriol-sole-sugranyes-asm33n7\\\/#primaryimage\"},\"image\":{\"@id\":\"https:\\\/\\\/edicionesdelantal.es\\\/en\\\/product\\\/romance-de-oriol-sole-sugranyes-asm33n7\\\/#primaryimage\"},\"thumbnailUrl\":\"https:\\\/\\\/edicionesdelantal.es\\\/wp-content\\\/uploads\\\/2020\\\/05\\\/EDCO0018-icono.jpg\",\"datePublished\":\"2020-05-16T15:25:42+00:00\",\"dateModified\":\"2025-04-17T17:57:15+00:00\",\"breadcrumb\":{\"@id\":\"https:\\\/\\\/edicionesdelantal.es\\\/en\\\/product\\\/romance-de-oriol-sole-sugranyes-asm33n7\\\/#breadcrumb\"},\"inLanguage\":\"en-US\",\"potentialAction\":[{\"@type\":\"ReadAction\",\"target\":[\"https:\\\/\\\/edicionesdelantal.es\\\/en\\\/product\\\/romance-de-oriol-sole-sugranyes-asm33n7\\\/\"]}]},{\"@type\":\"ImageObject\",\"inLanguage\":\"en-US\",\"@id\":\"https:\\\/\\\/edicionesdelantal.es\\\/en\\\/product\\\/romance-de-oriol-sole-sugranyes-asm33n7\\\/#primaryimage\",\"url\":\"https:\\\/\\\/edicionesdelantal.es\\\/wp-content\\\/uploads\\\/2020\\\/05\\\/EDCO0018-icono.jpg\",\"contentUrl\":\"https:\\\/\\\/edicionesdelantal.es\\\/wp-content\\\/uploads\\\/2020\\\/05\\\/EDCO0018-icono.jpg\",\"width\":1500,\"height\":1498},{\"@type\":\"BreadcrumbList\",\"@id\":\"https:\\\/\\\/edicionesdelantal.es\\\/en\\\/product\\\/romance-de-oriol-sole-sugranyes-asm33n7\\\/#breadcrumb\",\"itemListElement\":[{\"@type\":\"ListItem\",\"position\":1,\"name\":\"Portada\",\"item\":\"https:\\\/\\\/edicionesdelantal.es\\\/en\\\/\"},{\"@type\":\"ListItem\",\"position\":2,\"name\":\"Tienda de Partituras\",\"item\":\"https:\\\/\\\/edicionesdelantal.es\\\/tienda\\\/\"},{\"@type\":\"ListItem\",\"position\":3,\"name\":\"Romance de Oriol Sol\u00e9 Sugranyes (SAT chorus)\"}]},{\"@type\":\"WebSite\",\"@id\":\"https:\\\/\\\/edicionesdelantal.es\\\/#website\",\"url\":\"https:\\\/\\\/edicionesdelantal.es\\\/\",\"name\":\"EdicionesDelantal\",\"description\":\"Composer Sonia Meg\u00edas&#039; publishing company\",\"publisher\":{\"@id\":\"https:\\\/\\\/edicionesdelantal.es\\\/#organization\"},\"potentialAction\":[{\"@type\":\"SearchAction\",\"target\":{\"@type\":\"EntryPoint\",\"urlTemplate\":\"https:\\\/\\\/edicionesdelantal.es\\\/?s={search_term_string}\"},\"query-input\":{\"@type\":\"PropertyValueSpecification\",\"valueRequired\":true,\"valueName\":\"search_term_string\"}}],\"inLanguage\":\"en-US\"},{\"@type\":\"Organization\",\"@id\":\"https:\\\/\\\/edicionesdelantal.es\\\/#organization\",\"name\":\"EdicionesDelantal\",\"url\":\"https:\\\/\\\/edicionesdelantal.es\\\/\",\"logo\":{\"@type\":\"ImageObject\",\"inLanguage\":\"en-US\",\"@id\":\"https:\\\/\\\/edicionesdelantal.es\\\/#\\\/schema\\\/logo\\\/image\\\/\",\"url\":\"https:\\\/\\\/edicionesdelantal.es\\\/wp-content\\\/uploads\\\/2017\\\/11\\\/a-EdicionesDelantal_LOGOCUADRADO.jpg\",\"contentUrl\":\"https:\\\/\\\/edicionesdelantal.es\\\/wp-content\\\/uploads\\\/2017\\\/11\\\/a-EdicionesDelantal_LOGOCUADRADO.jpg\",\"width\":948,\"height\":948,\"caption\":\"EdicionesDelantal\"},\"image\":{\"@id\":\"https:\\\/\\\/edicionesdelantal.es\\\/#\\\/schema\\\/logo\\\/image\\\/\"}}]}<\/script>\n<!-- \/ Yoast SEO plugin. -->","yoast_head_json":{"title":"Romance de Oriol Sol\u00e9 Sugranyes (SAT chorus) - EdicionesDelantal","robots":{"index":"index","follow":"follow","max-snippet":"max-snippet:-1","max-image-preview":"max-image-preview:large","max-video-preview":"max-video-preview:-1"},"canonical":"https:\/\/edicionesdelantal.es\/en\/product\/romance-de-oriol-sole-sugranyes-asm33n7\/","twitter_misc":{"Est. reading time":"4 minutes"},"schema":{"@context":"https:\/\/schema.org","@graph":[{"@type":"WebPage","@id":"https:\/\/edicionesdelantal.es\/en\/product\/romance-de-oriol-sole-sugranyes-asm33n7\/","url":"https:\/\/edicionesdelantal.es\/en\/product\/romance-de-oriol-sole-sugranyes-asm33n7\/","name":"Romance de Oriol Sol\u00e9 Sugranyes (SAT chorus) - EdicionesDelantal","isPartOf":{"@id":"https:\/\/edicionesdelantal.es\/#website"},"primaryImageOfPage":{"@id":"https:\/\/edicionesdelantal.es\/en\/product\/romance-de-oriol-sole-sugranyes-asm33n7\/#primaryimage"},"image":{"@id":"https:\/\/edicionesdelantal.es\/en\/product\/romance-de-oriol-sole-sugranyes-asm33n7\/#primaryimage"},"thumbnailUrl":"https:\/\/edicionesdelantal.es\/wp-content\/uploads\/2020\/05\/EDCO0018-icono.jpg","datePublished":"2020-05-16T15:25:42+00:00","dateModified":"2025-04-17T17:57:15+00:00","breadcrumb":{"@id":"https:\/\/edicionesdelantal.es\/en\/product\/romance-de-oriol-sole-sugranyes-asm33n7\/#breadcrumb"},"inLanguage":"en-US","potentialAction":[{"@type":"ReadAction","target":["https:\/\/edicionesdelantal.es\/en\/product\/romance-de-oriol-sole-sugranyes-asm33n7\/"]}]},{"@type":"ImageObject","inLanguage":"en-US","@id":"https:\/\/edicionesdelantal.es\/en\/product\/romance-de-oriol-sole-sugranyes-asm33n7\/#primaryimage","url":"https:\/\/edicionesdelantal.es\/wp-content\/uploads\/2020\/05\/EDCO0018-icono.jpg","contentUrl":"https:\/\/edicionesdelantal.es\/wp-content\/uploads\/2020\/05\/EDCO0018-icono.jpg","width":1500,"height":1498},{"@type":"BreadcrumbList","@id":"https:\/\/edicionesdelantal.es\/en\/product\/romance-de-oriol-sole-sugranyes-asm33n7\/#breadcrumb","itemListElement":[{"@type":"ListItem","position":1,"name":"Portada","item":"https:\/\/edicionesdelantal.es\/en\/"},{"@type":"ListItem","position":2,"name":"Tienda de Partituras","item":"https:\/\/edicionesdelantal.es\/tienda\/"},{"@type":"ListItem","position":3,"name":"Romance de Oriol Sol\u00e9 Sugranyes (SAT chorus)"}]},{"@type":"WebSite","@id":"https:\/\/edicionesdelantal.es\/#website","url":"https:\/\/edicionesdelantal.es\/","name":"EdicionesDelantal","description":"Composer Sonia Meg\u00edas&#039; publishing company","publisher":{"@id":"https:\/\/edicionesdelantal.es\/#organization"},"potentialAction":[{"@type":"SearchAction","target":{"@type":"EntryPoint","urlTemplate":"https:\/\/edicionesdelantal.es\/?s={search_term_string}"},"query-input":{"@type":"PropertyValueSpecification","valueRequired":true,"valueName":"search_term_string"}}],"inLanguage":"en-US"},{"@type":"Organization","@id":"https:\/\/edicionesdelantal.es\/#organization","name":"EdicionesDelantal","url":"https:\/\/edicionesdelantal.es\/","logo":{"@type":"ImageObject","inLanguage":"en-US","@id":"https:\/\/edicionesdelantal.es\/#\/schema\/logo\/image\/","url":"https:\/\/edicionesdelantal.es\/wp-content\/uploads\/2017\/11\/a-EdicionesDelantal_LOGOCUADRADO.jpg","contentUrl":"https:\/\/edicionesdelantal.es\/wp-content\/uploads\/2017\/11\/a-EdicionesDelantal_LOGOCUADRADO.jpg","width":948,"height":948,"caption":"EdicionesDelantal"},"image":{"@id":"https:\/\/edicionesdelantal.es\/#\/schema\/logo\/image\/"}}]}},"uagb_featured_image_src":{"full":["https:\/\/edicionesdelantal.es\/wp-content\/uploads\/2020\/05\/EDCO0018-icono.jpg",1500,1498,false],"thumbnail":["https:\/\/edicionesdelantal.es\/wp-content\/uploads\/2020\/05\/EDCO0018-icono-150x150.jpg",150,150,true],"medium":["https:\/\/edicionesdelantal.es\/wp-content\/uploads\/2020\/05\/EDCO0018-icono-300x300.jpg",300,300,true],"medium_large":["https:\/\/edicionesdelantal.es\/wp-content\/uploads\/2020\/05\/EDCO0018-icono-768x767.jpg",768,767,true],"large":["https:\/\/edicionesdelantal.es\/wp-content\/uploads\/2020\/05\/EDCO0018-icono-1024x1024.jpg",980,980,true],"1536x1536":["https:\/\/edicionesdelantal.es\/wp-content\/uploads\/2020\/05\/EDCO0018-icono.jpg",1500,1498,false],"2048x2048":["https:\/\/edicionesdelantal.es\/wp-content\/uploads\/2020\/05\/EDCO0018-icono.jpg",1500,1498,false],"woocommerce_thumbnail":["https:\/\/edicionesdelantal.es\/wp-content\/uploads\/2020\/05\/EDCO0018-icono-324x324.jpg",324,324,true],"woocommerce_single":["https:\/\/edicionesdelantal.es\/wp-content\/uploads\/2020\/05\/EDCO0018-icono-416x415.jpg",416,415,true],"woocommerce_gallery_thumbnail":["https:\/\/edicionesdelantal.es\/wp-content\/uploads\/2020\/05\/EDCO0018-icono-100x100.jpg",100,100,true]},"uagb_author_info":{"display_name":"Sonia Meg\u00edas","author_link":"https:\/\/edicionesdelantal.es\/en\/author\/"},"uagb_comment_info":0,"uagb_excerpt":"You can download the audio files (mp3) from the following links: Voice 1 audio file Voice 2 audio file Voice 3 audio file","jetpack_sharing_enabled":true,"_links":{"self":[{"href":"https:\/\/edicionesdelantal.es\/en\/wp-json\/wp\/v2\/product\/3159","targetHints":{"allow":["GET"]}}],"collection":[{"href":"https:\/\/edicionesdelantal.es\/en\/wp-json\/wp\/v2\/product"}],"about":[{"href":"https:\/\/edicionesdelantal.es\/en\/wp-json\/wp\/v2\/types\/product"}],"wp:featuredmedia":[{"embeddable":true,"href":"https:\/\/edicionesdelantal.es\/en\/wp-json\/wp\/v2\/media\/13133"}],"wp:attachment":[{"href":"https:\/\/edicionesdelantal.es\/en\/wp-json\/wp\/v2\/media?parent=3159"}],"wp:term":[{"taxonomy":"product_brand","embeddable":true,"href":"https:\/\/edicionesdelantal.es\/en\/wp-json\/wp\/v2\/product_brand?post=3159"},{"taxonomy":"product_cat","embeddable":true,"href":"https:\/\/edicionesdelantal.es\/en\/wp-json\/wp\/v2\/product_cat?post=3159"},{"taxonomy":"product_tag","embeddable":true,"href":"https:\/\/edicionesdelantal.es\/en\/wp-json\/wp\/v2\/product_tag?post=3159"}],"curies":[{"name":"wp","href":"https:\/\/api.w.org\/{rel}","templated":true}]}}