{"id":3891,"date":"2021-01-20T12:56:53","date_gmt":"2021-01-20T11:56:53","guid":{"rendered":"https:\/\/edicionesdelantal.es\/?post_type=product&#038;p=3891"},"modified":"2025-04-20T18:49:06","modified_gmt":"2025-04-20T16:49:06","slug":"kr1-creacion-osm92n1","status":"publish","type":"product","link":"https:\/\/edicionesdelantal.es\/en\/product\/kr1-creacion-osm92n1\/","title":{"rendered":"KR1. Creaci\u00f3n (alto sax)"},"content":{"rendered":"<p><strong>V\u00eddeo<\/strong> from a performance with alto sax + electronics, by Antonio C\u00e1novas:<\/p>\n<p><iframe loading=\"lazy\" title=\"KR 1: Creaci\u00f3n \u00b7 osm89#1 (2015&#039;V)\" width=\"980\" height=\"551\" src=\"https:\/\/www.youtube.com\/embed\/DCPqC68VhFg?feature=oembed\" frameborder=\"0\" allow=\"accelerometer; autoplay; clipboard-write; encrypted-media; gyroscope; picture-in-picture; web-share\" referrerpolicy=\"strict-origin-when-cross-origin\" allowfullscreen><\/iframe><\/p>\n<hr \/>\n<p><strong>Audio<\/strong> from the electronics that could accompany the solo sax:<\/p>\n<audio class=\"wp-audio-shortcode\" id=\"audio-3891-1\" preload=\"none\" style=\"width: 100%;\" controls=\"controls\"><source type=\"audio\/mpeg\" src=\"https:\/\/edicionesdelantal.es\/wp-content\/uploads\/2020\/12\/Kria\u0301m-Nama\u0301-audio-con-CLAQUETA.mp3?_=1\" \/><a href=\"https:\/\/edicionesdelantal.es\/wp-content\/uploads\/2020\/12\/Kria\u0301m-Nama\u0301-audio-con-CLAQUETA.mp3\">https:\/\/edicionesdelantal.es\/wp-content\/uploads\/2020\/12\/Kria\u0301m-Nama\u0301-audio-con-CLAQUETA.mp3<\/a><\/audio>\n<p>&nbsp;<\/p>\n<p>Some <strong>pictures<\/strong> from the premiere:<\/p>\n<div class=\"tiled-gallery type-rectangular tiled-gallery-unresized\" data-original-width=\"980\" data-carousel-extra='null' itemscope itemtype=\"http:\/\/schema.org\/ImageGallery\" > <div class=\"gallery-row\" style=\"width: 980px; height: 347px;\" data-original-width=\"980\" data-original-height=\"347\" > <div class=\"gallery-group images-1\" style=\"width: 519px; height: 347px;\" data-original-width=\"519\" data-original-height=\"347\" > <div class=\"tiled-gallery-item tiled-gallery-item-large\" itemprop=\"associatedMedia\" itemscope itemtype=\"http:\/\/schema.org\/ImageObject\"> <a href=\"https:\/\/edicionesdelantal.es\/en\/?attachment_id=4074\" border=\"0\" itemprop=\"url\"> <meta itemprop=\"width\" content=\"515\"> <meta itemprop=\"height\" content=\"343\"> <img decoding=\"async\" class=\"\" data-attachment-id=\"4074\" data-orig-file=\"https:\/\/edicionesdelantal.es\/wp-content\/uploads\/2021\/01\/2015I.-EstrenoKR1_Guadalajara.jpg\" data-orig-size=\"720,480\" data-comments-opened=\"\" data-image-meta=\"{&quot;aperture&quot;:&quot;0&quot;,&quot;credit&quot;:&quot;&quot;,&quot;camera&quot;:&quot;&quot;,&quot;caption&quot;:&quot;&quot;,&quot;created_timestamp&quot;:&quot;0&quot;,&quot;copyright&quot;:&quot;&quot;,&quot;focal_length&quot;:&quot;0&quot;,&quot;iso&quot;:&quot;0&quot;,&quot;shutter_speed&quot;:&quot;0&quot;,&quot;title&quot;:&quot;&quot;,&quot;orientation&quot;:&quot;0&quot;}\" data-image-title=\"2015&amp;#8217;I.-EstrenoKR1_Guadalajara\" data-image-description=\"\" data-medium-file=\"https:\/\/edicionesdelantal.es\/wp-content\/uploads\/2021\/01\/2015I.-EstrenoKR1_Guadalajara-300x200.jpg\" data-large-file=\"https:\/\/edicionesdelantal.es\/wp-content\/uploads\/2021\/01\/2015I.-EstrenoKR1_Guadalajara.jpg\" src=\"https:\/\/i0.wp.com\/edicionesdelantal.es\/wp-content\/uploads\/2021\/01\/2015I.-EstrenoKR1_Guadalajara.jpg?w=515&#038;h=343&#038;ssl=1\" srcset=\"https:\/\/edicionesdelantal.es\/wp-content\/uploads\/2021\/01\/2015I.-EstrenoKR1_Guadalajara.jpg 720w, https:\/\/edicionesdelantal.es\/wp-content\/uploads\/2021\/01\/2015I.-EstrenoKR1_Guadalajara-416x277.jpg 416w, https:\/\/edicionesdelantal.es\/wp-content\/uploads\/2021\/01\/2015I.-EstrenoKR1_Guadalajara-300x200.jpg 300w, https:\/\/edicionesdelantal.es\/wp-content\/uploads\/2021\/01\/2015I.-EstrenoKR1_Guadalajara-272x182.jpg 272w\" width=\"515\" height=\"343\" loading=\"lazy\" data-original-width=\"515\" data-original-height=\"343\" itemprop=\"http:\/\/schema.org\/image\" title=\"2015&#039;I.-EstrenoKR1_Guadalajara\" alt=\"2015&#039;I - Guadalajara. Estreno, recitando la invocaci\u00f3n junto a Antonio C\u00e1novas.\" style=\"width: 515px; height: 343px;\" \/> <\/a> <div class=\"tiled-gallery-caption\" itemprop=\"caption description\"> 2015&#8217;I &#8211; Guadalajara. Estreno, recitando la invocaci\u00f3n junto a Antonio C\u00e1novas. <\/div> <\/div> <\/div> <!-- close group --> <div class=\"gallery-group images-1\" style=\"width: 461px; height: 347px;\" data-original-width=\"461\" data-original-height=\"347\" > <div class=\"tiled-gallery-item tiled-gallery-item-large\" itemprop=\"associatedMedia\" itemscope itemtype=\"http:\/\/schema.org\/ImageObject\"> <a href=\"https:\/\/edicionesdelantal.es\/en\/?attachment_id=4076\" border=\"0\" itemprop=\"url\"> <meta itemprop=\"width\" content=\"457\"> <meta itemprop=\"height\" content=\"343\"> <img decoding=\"async\" class=\"\" data-attachment-id=\"4076\" data-orig-file=\"https:\/\/edicionesdelantal.es\/wp-content\/uploads\/2021\/01\/2015I.-EstrenoKR1_Guadalajara2.jpg\" data-orig-size=\"720,540\" data-comments-opened=\"\" data-image-meta=\"{&quot;aperture&quot;:&quot;0&quot;,&quot;credit&quot;:&quot;&quot;,&quot;camera&quot;:&quot;&quot;,&quot;caption&quot;:&quot;&quot;,&quot;created_timestamp&quot;:&quot;0&quot;,&quot;copyright&quot;:&quot;&quot;,&quot;focal_length&quot;:&quot;0&quot;,&quot;iso&quot;:&quot;0&quot;,&quot;shutter_speed&quot;:&quot;0&quot;,&quot;title&quot;:&quot;&quot;,&quot;orientation&quot;:&quot;0&quot;}\" data-image-title=\"2015&amp;#8217;I.-EstrenoKR1_Guadalajara2\" data-image-description=\"\" data-medium-file=\"https:\/\/edicionesdelantal.es\/wp-content\/uploads\/2021\/01\/2015I.-EstrenoKR1_Guadalajara2-300x225.jpg\" data-large-file=\"https:\/\/edicionesdelantal.es\/wp-content\/uploads\/2021\/01\/2015I.-EstrenoKR1_Guadalajara2.jpg\" src=\"https:\/\/i0.wp.com\/edicionesdelantal.es\/wp-content\/uploads\/2021\/01\/2015I.-EstrenoKR1_Guadalajara2.jpg?w=457&#038;h=343&#038;ssl=1\" srcset=\"https:\/\/edicionesdelantal.es\/wp-content\/uploads\/2021\/01\/2015I.-EstrenoKR1_Guadalajara2.jpg 720w, https:\/\/edicionesdelantal.es\/wp-content\/uploads\/2021\/01\/2015I.-EstrenoKR1_Guadalajara2-416x312.jpg 416w, https:\/\/edicionesdelantal.es\/wp-content\/uploads\/2021\/01\/2015I.-EstrenoKR1_Guadalajara2-300x225.jpg 300w\" width=\"457\" height=\"343\" loading=\"lazy\" data-original-width=\"457\" data-original-height=\"343\" itemprop=\"http:\/\/schema.org\/image\" title=\"2015&#039;I.-EstrenoKR1_Guadalajara2\" alt=\"2015&#039;I - Guadalajara. Tras el estreno, junto a los int\u00e9rpretes, Pilar Rius y Consuelo D\u00edez.\" style=\"width: 457px; height: 343px;\" \/> <\/a> <div class=\"tiled-gallery-caption\" itemprop=\"caption description\"> 2015&#8217;I &#8211; Guadalajara. Tras el estreno, junto a los int\u00e9rpretes, Pilar Rius y Consuelo D\u00edez. <\/div> <\/div> <\/div> <!-- close group --> <\/div> <!-- close row --> <\/div>\n","protected":false},"excerpt":{"rendered":"<p>The piece can be performed by a soloist sax and ensemble, or witn solo sax and electronics.<\/p>\n<p style=\"text-align: right;\">Feel free to download the parts from the following links:<br \/>\n<a href=\"https:\/\/edicionesdelantal.es\/product\/en\/osm92n1-saxoalto\/\" target=\"_blank\" rel=\"noopener noreferrer\"><strong>Alto sax <\/strong>part<\/a><a href=\"https:\/\/edicionesdelantal.es\/en\/product\/osm96n2-violonchelo\/\" target=\"_blank\" rel=\"noopener noreferrer\"><br \/>\n<\/a><a href=\"https:\/\/edicionesdelantal.es\/product\/en\/osm92n1-contrabajo\/\" target=\"_blank\" rel=\"noopener noreferrer\"><strong>Double bass <\/strong>part<\/a><a href=\"https:\/\/edicionesdelantal.es\/en\/product\/osm96n2-violonchelo\/\" target=\"_blank\" rel=\"noopener noreferrer\"><br \/>\n<\/a><a href=\"https:\/\/edicionesdelantal.es\/product\/en\/osm92n1-percu1\/\" target=\"_blank\" rel=\"noopener noreferrer\"><strong>Percusi\u00f3n 1<\/strong> part (nails\/shakers)<\/a><a href=\"https:\/\/edicionesdelantal.es\/en\/product\/osm96n2-violonchelo\/\" target=\"_blank\" rel=\"noopener noreferrer\"><br \/>\n<\/a><a href=\"https:\/\/edicionesdelantal.es\/product\/en\/osm92n1-percu2\/\" target=\"_blank\" rel=\"noopener noreferrer\"><strong>Percusi\u00f3n 2 <\/strong>part (caj\u00f3n)<\/a><a href=\"https:\/\/edicionesdelantal.es\/en\/product\/osm96n2-violonchelo\/\" target=\"_blank\" rel=\"noopener noreferrer\"><br \/>\n<\/a><a href=\"https:\/\/edicionesdelantal.es\/product\/en\/osm92n1-percu3\/\" target=\"_blank\" rel=\"noopener noreferrer\"><strong>Percusi\u00f3n 3 <\/strong>part (tubular bells and surdo)<\/a><a href=\"https:\/\/edicionesdelantal.es\/en\/product\/osm96n2-violonchelo\/\" target=\"_blank\" rel=\"noopener noreferrer\"><strong><br \/>\n<\/strong><\/a><\/p>\n<p>https:\/\/youtu.be\/DCPqC68VhFg<\/p>\n","protected":false},"featured_media":3977,"template":"","meta":{"_gspb_post_css":"","pmpro_default_level":"","_uag_custom_page_level_css":""},"product_brand":[],"product_cat":[206,140,173,185,166,142,209,203,1759,193,212,169,739,1756,188],"product_tag":[865,863,860,440,861,862,814,864],"class_list":{"0":"post-3891","1":"product","2":"type-product","3":"status-publish","4":"has-post-thumbnail","6":"product_cat-cajon-en","7":"product_cat-collections-en","8":"product_cat-double-bass","9":"product_cat-ensemble-en","10":"product_cat-ensemblecollection","11":"product_cat-genre-en","12":"product_cat-maracas-en","13":"product_cat-percussion","14":"product_cat-pezunas-en","15":"product_cat-sax","16":"product_cat-shaker-en","17":"product_cat-strings","18":"product_cat-surdo-en","19":"product_cat-tubular-bells","20":"product_cat-woodwind","21":"product_tag-abundance-en","22":"product_tag-deepak-chopra-en","23":"product_tag-festival-nak-en","24":"product_tag-mantra-en","25":"product_tag-navarra-en","26":"product_tag-pamplona-en","27":"product_tag-ritual-en","28":"product_tag-voices","29":"pmpro-has-access","31":"first","32":"instock","33":"downloadable","34":"virtual","35":"taxable","36":"purchasable","37":"product-type-simple"},"acf":[],"yoast_head":"<!-- This site is optimized with the Yoast SEO plugin v27.3 - https:\/\/yoast.com\/product\/yoast-seo-wordpress\/ -->\n<title>KR1. Creaci\u00f3n (alto sax) - EdicionesDelantal<\/title>\n<meta name=\"robots\" content=\"index, follow, max-snippet:-1, max-image-preview:large, max-video-preview:-1\" \/>\n<link rel=\"canonical\" href=\"https:\/\/edicionesdelantal.es\/en\/product\/kr1-creacion-osm92n1\/\" \/>\n<meta name=\"twitter:label1\" content=\"Est. reading time\" \/>\n\t<meta name=\"twitter:data1\" content=\"1 minute\" \/>\n<script type=\"application\/ld+json\" class=\"yoast-schema-graph\">{\"@context\":\"https:\\\/\\\/schema.org\",\"@graph\":[{\"@type\":\"WebPage\",\"@id\":\"https:\\\/\\\/edicionesdelantal.es\\\/en\\\/product\\\/kr1-creacion-osm92n1\\\/\",\"url\":\"https:\\\/\\\/edicionesdelantal.es\\\/en\\\/product\\\/kr1-creacion-osm92n1\\\/\",\"name\":\"KR1. Creaci\u00f3n (alto sax) - EdicionesDelantal\",\"isPartOf\":{\"@id\":\"https:\\\/\\\/edicionesdelantal.es\\\/#website\"},\"primaryImageOfPage\":{\"@id\":\"https:\\\/\\\/edicionesdelantal.es\\\/en\\\/product\\\/kr1-creacion-osm92n1\\\/#primaryimage\"},\"image\":{\"@id\":\"https:\\\/\\\/edicionesdelantal.es\\\/en\\\/product\\\/kr1-creacion-osm92n1\\\/#primaryimage\"},\"thumbnailUrl\":\"https:\\\/\\\/edicionesdelantal.es\\\/wp-content\\\/uploads\\\/2021\\\/02\\\/osm921-\u00b7-icono.jpg\",\"datePublished\":\"2021-01-20T11:56:53+00:00\",\"dateModified\":\"2025-04-20T16:49:06+00:00\",\"breadcrumb\":{\"@id\":\"https:\\\/\\\/edicionesdelantal.es\\\/en\\\/product\\\/kr1-creacion-osm92n1\\\/#breadcrumb\"},\"inLanguage\":\"en-US\",\"potentialAction\":[{\"@type\":\"ReadAction\",\"target\":[\"https:\\\/\\\/edicionesdelantal.es\\\/en\\\/product\\\/kr1-creacion-osm92n1\\\/\"]}]},{\"@type\":\"ImageObject\",\"inLanguage\":\"en-US\",\"@id\":\"https:\\\/\\\/edicionesdelantal.es\\\/en\\\/product\\\/kr1-creacion-osm92n1\\\/#primaryimage\",\"url\":\"https:\\\/\\\/edicionesdelantal.es\\\/wp-content\\\/uploads\\\/2021\\\/02\\\/osm921-\u00b7-icono.jpg\",\"contentUrl\":\"https:\\\/\\\/edicionesdelantal.es\\\/wp-content\\\/uploads\\\/2021\\\/02\\\/osm921-\u00b7-icono.jpg\",\"width\":1190,\"height\":1189},{\"@type\":\"BreadcrumbList\",\"@id\":\"https:\\\/\\\/edicionesdelantal.es\\\/en\\\/product\\\/kr1-creacion-osm92n1\\\/#breadcrumb\",\"itemListElement\":[{\"@type\":\"ListItem\",\"position\":1,\"name\":\"Portada\",\"item\":\"https:\\\/\\\/edicionesdelantal.es\\\/en\\\/\"},{\"@type\":\"ListItem\",\"position\":2,\"name\":\"Tienda de Partituras\",\"item\":\"https:\\\/\\\/edicionesdelantal.es\\\/tienda\\\/\"},{\"@type\":\"ListItem\",\"position\":3,\"name\":\"KR1. Creaci\u00f3n (alto sax)\"}]},{\"@type\":\"WebSite\",\"@id\":\"https:\\\/\\\/edicionesdelantal.es\\\/#website\",\"url\":\"https:\\\/\\\/edicionesdelantal.es\\\/\",\"name\":\"EdicionesDelantal\",\"description\":\"Composer Sonia Meg\u00edas&#039; publishing company\",\"publisher\":{\"@id\":\"https:\\\/\\\/edicionesdelantal.es\\\/#organization\"},\"potentialAction\":[{\"@type\":\"SearchAction\",\"target\":{\"@type\":\"EntryPoint\",\"urlTemplate\":\"https:\\\/\\\/edicionesdelantal.es\\\/?s={search_term_string}\"},\"query-input\":{\"@type\":\"PropertyValueSpecification\",\"valueRequired\":true,\"valueName\":\"search_term_string\"}}],\"inLanguage\":\"en-US\"},{\"@type\":\"Organization\",\"@id\":\"https:\\\/\\\/edicionesdelantal.es\\\/#organization\",\"name\":\"EdicionesDelantal\",\"url\":\"https:\\\/\\\/edicionesdelantal.es\\\/\",\"logo\":{\"@type\":\"ImageObject\",\"inLanguage\":\"en-US\",\"@id\":\"https:\\\/\\\/edicionesdelantal.es\\\/#\\\/schema\\\/logo\\\/image\\\/\",\"url\":\"https:\\\/\\\/edicionesdelantal.es\\\/wp-content\\\/uploads\\\/2017\\\/11\\\/a-EdicionesDelantal_LOGOCUADRADO.jpg\",\"contentUrl\":\"https:\\\/\\\/edicionesdelantal.es\\\/wp-content\\\/uploads\\\/2017\\\/11\\\/a-EdicionesDelantal_LOGOCUADRADO.jpg\",\"width\":948,\"height\":948,\"caption\":\"EdicionesDelantal\"},\"image\":{\"@id\":\"https:\\\/\\\/edicionesdelantal.es\\\/#\\\/schema\\\/logo\\\/image\\\/\"}}]}<\/script>\n<!-- \/ Yoast SEO plugin. -->","yoast_head_json":{"title":"KR1. Creaci\u00f3n (alto sax) - EdicionesDelantal","robots":{"index":"index","follow":"follow","max-snippet":"max-snippet:-1","max-image-preview":"max-image-preview:large","max-video-preview":"max-video-preview:-1"},"canonical":"https:\/\/edicionesdelantal.es\/en\/product\/kr1-creacion-osm92n1\/","twitter_misc":{"Est. reading time":"1 minute"},"schema":{"@context":"https:\/\/schema.org","@graph":[{"@type":"WebPage","@id":"https:\/\/edicionesdelantal.es\/en\/product\/kr1-creacion-osm92n1\/","url":"https:\/\/edicionesdelantal.es\/en\/product\/kr1-creacion-osm92n1\/","name":"KR1. Creaci\u00f3n (alto sax) - EdicionesDelantal","isPartOf":{"@id":"https:\/\/edicionesdelantal.es\/#website"},"primaryImageOfPage":{"@id":"https:\/\/edicionesdelantal.es\/en\/product\/kr1-creacion-osm92n1\/#primaryimage"},"image":{"@id":"https:\/\/edicionesdelantal.es\/en\/product\/kr1-creacion-osm92n1\/#primaryimage"},"thumbnailUrl":"https:\/\/edicionesdelantal.es\/wp-content\/uploads\/2021\/02\/osm921-\u00b7-icono.jpg","datePublished":"2021-01-20T11:56:53+00:00","dateModified":"2025-04-20T16:49:06+00:00","breadcrumb":{"@id":"https:\/\/edicionesdelantal.es\/en\/product\/kr1-creacion-osm92n1\/#breadcrumb"},"inLanguage":"en-US","potentialAction":[{"@type":"ReadAction","target":["https:\/\/edicionesdelantal.es\/en\/product\/kr1-creacion-osm92n1\/"]}]},{"@type":"ImageObject","inLanguage":"en-US","@id":"https:\/\/edicionesdelantal.es\/en\/product\/kr1-creacion-osm92n1\/#primaryimage","url":"https:\/\/edicionesdelantal.es\/wp-content\/uploads\/2021\/02\/osm921-\u00b7-icono.jpg","contentUrl":"https:\/\/edicionesdelantal.es\/wp-content\/uploads\/2021\/02\/osm921-\u00b7-icono.jpg","width":1190,"height":1189},{"@type":"BreadcrumbList","@id":"https:\/\/edicionesdelantal.es\/en\/product\/kr1-creacion-osm92n1\/#breadcrumb","itemListElement":[{"@type":"ListItem","position":1,"name":"Portada","item":"https:\/\/edicionesdelantal.es\/en\/"},{"@type":"ListItem","position":2,"name":"Tienda de Partituras","item":"https:\/\/edicionesdelantal.es\/tienda\/"},{"@type":"ListItem","position":3,"name":"KR1. Creaci\u00f3n (alto sax)"}]},{"@type":"WebSite","@id":"https:\/\/edicionesdelantal.es\/#website","url":"https:\/\/edicionesdelantal.es\/","name":"EdicionesDelantal","description":"Composer Sonia Meg\u00edas&#039; publishing company","publisher":{"@id":"https:\/\/edicionesdelantal.es\/#organization"},"potentialAction":[{"@type":"SearchAction","target":{"@type":"EntryPoint","urlTemplate":"https:\/\/edicionesdelantal.es\/?s={search_term_string}"},"query-input":{"@type":"PropertyValueSpecification","valueRequired":true,"valueName":"search_term_string"}}],"inLanguage":"en-US"},{"@type":"Organization","@id":"https:\/\/edicionesdelantal.es\/#organization","name":"EdicionesDelantal","url":"https:\/\/edicionesdelantal.es\/","logo":{"@type":"ImageObject","inLanguage":"en-US","@id":"https:\/\/edicionesdelantal.es\/#\/schema\/logo\/image\/","url":"https:\/\/edicionesdelantal.es\/wp-content\/uploads\/2017\/11\/a-EdicionesDelantal_LOGOCUADRADO.jpg","contentUrl":"https:\/\/edicionesdelantal.es\/wp-content\/uploads\/2017\/11\/a-EdicionesDelantal_LOGOCUADRADO.jpg","width":948,"height":948,"caption":"EdicionesDelantal"},"image":{"@id":"https:\/\/edicionesdelantal.es\/#\/schema\/logo\/image\/"}}]}},"uagb_featured_image_src":{"full":["https:\/\/edicionesdelantal.es\/wp-content\/uploads\/2021\/02\/osm921-\u00b7-icono.jpg",1190,1189,false],"thumbnail":["https:\/\/edicionesdelantal.es\/wp-content\/uploads\/2021\/02\/osm921-\u00b7-icono-150x150.jpg",150,150,true],"medium":["https:\/\/edicionesdelantal.es\/wp-content\/uploads\/2021\/02\/osm921-\u00b7-icono-300x300.jpg",300,300,true],"medium_large":["https:\/\/edicionesdelantal.es\/wp-content\/uploads\/2021\/02\/osm921-\u00b7-icono-768x767.jpg",768,767,true],"large":["https:\/\/edicionesdelantal.es\/wp-content\/uploads\/2021\/02\/osm921-\u00b7-icono-1024x1024.jpg",980,980,true],"1536x1536":["https:\/\/edicionesdelantal.es\/wp-content\/uploads\/2021\/02\/osm921-\u00b7-icono.jpg",1190,1189,false],"2048x2048":["https:\/\/edicionesdelantal.es\/wp-content\/uploads\/2021\/02\/osm921-\u00b7-icono.jpg",1190,1189,false],"woocommerce_thumbnail":["https:\/\/edicionesdelantal.es\/wp-content\/uploads\/2021\/02\/osm921-\u00b7-icono-324x324.jpg",324,324,true],"woocommerce_single":["https:\/\/edicionesdelantal.es\/wp-content\/uploads\/2021\/02\/osm921-\u00b7-icono-416x416.jpg",416,416,true],"woocommerce_gallery_thumbnail":["https:\/\/edicionesdelantal.es\/wp-content\/uploads\/2021\/02\/osm921-\u00b7-icono-100x100.jpg",100,100,true]},"uagb_author_info":{"display_name":"Sonia Meg\u00edas","author_link":"https:\/\/edicionesdelantal.es\/en\/author\/"},"uagb_comment_info":0,"uagb_excerpt":"The piece can be performed by a soloist sax and ensemble, or witn solo sax and electronics. Feel free to download the parts from the following links: Alto sax part Double bass part Percusi\u00f3n 1 part (nails\/shakers) Percusi\u00f3n 2 part (caj\u00f3n) Percusi\u00f3n 3 part (tubular bells and surdo) https:\/\/youtu.be\/DCPqC68VhFg","jetpack_sharing_enabled":true,"_links":{"self":[{"href":"https:\/\/edicionesdelantal.es\/en\/wp-json\/wp\/v2\/product\/3891","targetHints":{"allow":["GET"]}}],"collection":[{"href":"https:\/\/edicionesdelantal.es\/en\/wp-json\/wp\/v2\/product"}],"about":[{"href":"https:\/\/edicionesdelantal.es\/en\/wp-json\/wp\/v2\/types\/product"}],"wp:featuredmedia":[{"embeddable":true,"href":"https:\/\/edicionesdelantal.es\/en\/wp-json\/wp\/v2\/media\/3977"}],"wp:attachment":[{"href":"https:\/\/edicionesdelantal.es\/en\/wp-json\/wp\/v2\/media?parent=3891"}],"wp:term":[{"taxonomy":"product_brand","embeddable":true,"href":"https:\/\/edicionesdelantal.es\/en\/wp-json\/wp\/v2\/product_brand?post=3891"},{"taxonomy":"product_cat","embeddable":true,"href":"https:\/\/edicionesdelantal.es\/en\/wp-json\/wp\/v2\/product_cat?post=3891"},{"taxonomy":"product_tag","embeddable":true,"href":"https:\/\/edicionesdelantal.es\/en\/wp-json\/wp\/v2\/product_tag?post=3891"}],"curies":[{"name":"wp","href":"https:\/\/api.w.org\/{rel}","templated":true}]}}