{"id":4056,"date":"2021-02-11T14:17:38","date_gmt":"2021-02-11T13:17:38","guid":{"rendered":"https:\/\/edicionesdelantal.es\/?post_type=product&#038;p=4056"},"modified":"2025-04-19T19:30:43","modified_gmt":"2025-04-19T17:30:43","slug":"not-today-ddp11n9v1","status":"publish","type":"product","link":"https:\/\/edicionesdelantal.es\/en\/product\/not-today-ddp11n9v1\/","title":{"rendered":"Not Today (bass)"},"content":{"rendered":"<p>Performance by Valent\u00edn Miralles (bass singer) and Mari Francis S\u00e1ez in Ceheg\u00edn (Murcia, Spain) on August 3rd 2024:<\/p>\n<p><iframe loading=\"lazy\" title=\"Not Today - Ceheg\u00edn 2024\" src=\"https:\/\/player.vimeo.com\/video\/1005205111?dnt=1&amp;app_id=122963\" width=\"848\" height=\"464\" frameborder=\"0\" allow=\"autoplay; fullscreen; picture-in-picture; clipboard-write; encrypted-media\"><\/iframe><\/p>\n<hr \/>\n<p>Training video:<\/p>\n<p><iframe loading=\"lazy\" title=\"ddp11#9v1 \u00b7 Not Today (bajo) \u00b7 v\u00eddeo de estudio\" width=\"980\" height=\"551\" src=\"https:\/\/www.youtube.com\/embed\/XpAe0ji_hWk?feature=oembed\" frameborder=\"0\" allow=\"accelerometer; autoplay; clipboard-write; encrypted-media; gyroscope; picture-in-picture; web-share\" referrerpolicy=\"strict-origin-when-cross-origin\" allowfullscreen><\/iframe><\/p>\n<hr \/>\n<p>Video of the original version, for piano and tenora, by Rosa Torres-Pardo at the piano and Clara Mu\u00f1iz at the voice. October 17th 2020, National Auditorium (Madrid):<\/p>\n<p><iframe loading=\"lazy\" title=\"Not Today \u00b7 ddp12#9v1 (2020&#039;X&#039;17) estreno\" width=\"980\" height=\"551\" src=\"https:\/\/www.youtube.com\/embed\/CHkzwxazblo?feature=oembed\" frameborder=\"0\" allow=\"accelerometer; autoplay; clipboard-write; encrypted-media; gyroscope; picture-in-picture; web-share\" referrerpolicy=\"strict-origin-when-cross-origin\" allowfullscreen><\/iframe><\/p>\n","protected":false},"excerpt":{"rendered":"<p>Version for piano and bass singer from the piece Not Today \u00b7 osm104#2, originally written for piano and tenora.<\/p>\n","protected":false},"featured_media":8574,"template":"","meta":{"_gspb_post_css":"","pmpro_default_level":"","_uag_custom_page_level_css":"","_price":"10","_stock":null,"_tribe_ticket_header":"","_tribe_default_ticket_provider":"","_tribe_ticket_capacity":"","_ticket_start_date":"","_ticket_end_date":"","_tribe_ticket_show_description":"","_tribe_ticket_show_not_going":false,"_tribe_ticket_use_global_stock":"","_tribe_ticket_global_stock_level":"","_global_stock_mode":"","_global_stock_cap":"","_tribe_rsvp_for_event":"","_tribe_ticket_going_count":"","_tribe_ticket_not_going_count":"","_tribe_tickets_list":"[]","_tribe_ticket_has_attendee_info_fields":false},"product_brand":[],"product_cat":[160,180,140,142,153,295,157,163,181,139],"product_tag":[800,1659,299],"class_list":{"0":"post-4056","1":"product","2":"type-product","3":"status-publish","4":"has-post-thumbnail","6":"product_cat-bass","7":"product_cat-camera","8":"product_cat-collections-en","9":"product_cat-genre-en","10":"product_cat-keyboard","11":"product_cat-pelcollection","12":"product_cat-piano-en","13":"product_cat-soloist","14":"product_cat-song","15":"product_cat-voice-en","16":"product_tag-cabaret-en","17":"product_tag-cndm-en","18":"product_tag-eva-guillamon-en","19":"pmpro-has-access","21":"first","22":"instock","23":"downloadable","24":"virtual","25":"taxable","26":"purchasable","27":"product-type-simple"},"acf":[],"yoast_head":"<!-- This site is optimized with the Yoast SEO plugin v27.3 - https:\/\/yoast.com\/product\/yoast-seo-wordpress\/ -->\n<title>Not Today (bass) - EdicionesDelantal<\/title>\n<meta name=\"robots\" content=\"index, follow, max-snippet:-1, max-image-preview:large, max-video-preview:-1\" \/>\n<link rel=\"canonical\" href=\"https:\/\/edicionesdelantal.es\/en\/product\/not-today-ddp11n9v1\/\" \/>\n<meta name=\"twitter:label1\" content=\"Est. reading time\" \/>\n\t<meta name=\"twitter:data1\" content=\"1 minute\" \/>\n<script type=\"application\/ld+json\" class=\"yoast-schema-graph\">{\"@context\":\"https:\\\/\\\/schema.org\",\"@graph\":[{\"@type\":\"WebPage\",\"@id\":\"https:\\\/\\\/edicionesdelantal.es\\\/en\\\/product\\\/not-today-ddp11n9v1\\\/\",\"url\":\"https:\\\/\\\/edicionesdelantal.es\\\/en\\\/product\\\/not-today-ddp11n9v1\\\/\",\"name\":\"Not Today (bass) - EdicionesDelantal\",\"isPartOf\":{\"@id\":\"https:\\\/\\\/edicionesdelantal.es\\\/#website\"},\"primaryImageOfPage\":{\"@id\":\"https:\\\/\\\/edicionesdelantal.es\\\/en\\\/product\\\/not-today-ddp11n9v1\\\/#primaryimage\"},\"image\":{\"@id\":\"https:\\\/\\\/edicionesdelantal.es\\\/en\\\/product\\\/not-today-ddp11n9v1\\\/#primaryimage\"},\"thumbnailUrl\":\"https:\\\/\\\/edicionesdelantal.es\\\/wp-content\\\/uploads\\\/2023\\\/01\\\/ddp119v1-icono.jpg\",\"datePublished\":\"2021-02-11T13:17:38+00:00\",\"dateModified\":\"2025-04-19T17:30:43+00:00\",\"breadcrumb\":{\"@id\":\"https:\\\/\\\/edicionesdelantal.es\\\/en\\\/product\\\/not-today-ddp11n9v1\\\/#breadcrumb\"},\"inLanguage\":\"en-US\",\"potentialAction\":[{\"@type\":\"ReadAction\",\"target\":[\"https:\\\/\\\/edicionesdelantal.es\\\/en\\\/product\\\/not-today-ddp11n9v1\\\/\"]}]},{\"@type\":\"ImageObject\",\"inLanguage\":\"en-US\",\"@id\":\"https:\\\/\\\/edicionesdelantal.es\\\/en\\\/product\\\/not-today-ddp11n9v1\\\/#primaryimage\",\"url\":\"https:\\\/\\\/edicionesdelantal.es\\\/wp-content\\\/uploads\\\/2023\\\/01\\\/ddp119v1-icono.jpg\",\"contentUrl\":\"https:\\\/\\\/edicionesdelantal.es\\\/wp-content\\\/uploads\\\/2023\\\/01\\\/ddp119v1-icono.jpg\",\"width\":1000,\"height\":1000},{\"@type\":\"BreadcrumbList\",\"@id\":\"https:\\\/\\\/edicionesdelantal.es\\\/en\\\/product\\\/not-today-ddp11n9v1\\\/#breadcrumb\",\"itemListElement\":[{\"@type\":\"ListItem\",\"position\":1,\"name\":\"Portada\",\"item\":\"https:\\\/\\\/edicionesdelantal.es\\\/en\\\/\"},{\"@type\":\"ListItem\",\"position\":2,\"name\":\"Tienda de Partituras\",\"item\":\"https:\\\/\\\/edicionesdelantal.es\\\/tienda\\\/\"},{\"@type\":\"ListItem\",\"position\":3,\"name\":\"Not Today (bass)\"}]},{\"@type\":\"WebSite\",\"@id\":\"https:\\\/\\\/edicionesdelantal.es\\\/#website\",\"url\":\"https:\\\/\\\/edicionesdelantal.es\\\/\",\"name\":\"EdicionesDelantal\",\"description\":\"Composer Sonia Meg\u00edas&#039; publishing company\",\"publisher\":{\"@id\":\"https:\\\/\\\/edicionesdelantal.es\\\/#organization\"},\"potentialAction\":[{\"@type\":\"SearchAction\",\"target\":{\"@type\":\"EntryPoint\",\"urlTemplate\":\"https:\\\/\\\/edicionesdelantal.es\\\/?s={search_term_string}\"},\"query-input\":{\"@type\":\"PropertyValueSpecification\",\"valueRequired\":true,\"valueName\":\"search_term_string\"}}],\"inLanguage\":\"en-US\"},{\"@type\":\"Organization\",\"@id\":\"https:\\\/\\\/edicionesdelantal.es\\\/#organization\",\"name\":\"EdicionesDelantal\",\"url\":\"https:\\\/\\\/edicionesdelantal.es\\\/\",\"logo\":{\"@type\":\"ImageObject\",\"inLanguage\":\"en-US\",\"@id\":\"https:\\\/\\\/edicionesdelantal.es\\\/#\\\/schema\\\/logo\\\/image\\\/\",\"url\":\"https:\\\/\\\/edicionesdelantal.es\\\/wp-content\\\/uploads\\\/2017\\\/11\\\/a-EdicionesDelantal_LOGOCUADRADO.jpg\",\"contentUrl\":\"https:\\\/\\\/edicionesdelantal.es\\\/wp-content\\\/uploads\\\/2017\\\/11\\\/a-EdicionesDelantal_LOGOCUADRADO.jpg\",\"width\":948,\"height\":948,\"caption\":\"EdicionesDelantal\"},\"image\":{\"@id\":\"https:\\\/\\\/edicionesdelantal.es\\\/#\\\/schema\\\/logo\\\/image\\\/\"}}]}<\/script>\n<!-- \/ Yoast SEO plugin. -->","yoast_head_json":{"title":"Not Today (bass) - EdicionesDelantal","robots":{"index":"index","follow":"follow","max-snippet":"max-snippet:-1","max-image-preview":"max-image-preview:large","max-video-preview":"max-video-preview:-1"},"canonical":"https:\/\/edicionesdelantal.es\/en\/product\/not-today-ddp11n9v1\/","twitter_misc":{"Est. reading time":"1 minute"},"schema":{"@context":"https:\/\/schema.org","@graph":[{"@type":"WebPage","@id":"https:\/\/edicionesdelantal.es\/en\/product\/not-today-ddp11n9v1\/","url":"https:\/\/edicionesdelantal.es\/en\/product\/not-today-ddp11n9v1\/","name":"Not Today (bass) - EdicionesDelantal","isPartOf":{"@id":"https:\/\/edicionesdelantal.es\/#website"},"primaryImageOfPage":{"@id":"https:\/\/edicionesdelantal.es\/en\/product\/not-today-ddp11n9v1\/#primaryimage"},"image":{"@id":"https:\/\/edicionesdelantal.es\/en\/product\/not-today-ddp11n9v1\/#primaryimage"},"thumbnailUrl":"https:\/\/edicionesdelantal.es\/wp-content\/uploads\/2023\/01\/ddp119v1-icono.jpg","datePublished":"2021-02-11T13:17:38+00:00","dateModified":"2025-04-19T17:30:43+00:00","breadcrumb":{"@id":"https:\/\/edicionesdelantal.es\/en\/product\/not-today-ddp11n9v1\/#breadcrumb"},"inLanguage":"en-US","potentialAction":[{"@type":"ReadAction","target":["https:\/\/edicionesdelantal.es\/en\/product\/not-today-ddp11n9v1\/"]}]},{"@type":"ImageObject","inLanguage":"en-US","@id":"https:\/\/edicionesdelantal.es\/en\/product\/not-today-ddp11n9v1\/#primaryimage","url":"https:\/\/edicionesdelantal.es\/wp-content\/uploads\/2023\/01\/ddp119v1-icono.jpg","contentUrl":"https:\/\/edicionesdelantal.es\/wp-content\/uploads\/2023\/01\/ddp119v1-icono.jpg","width":1000,"height":1000},{"@type":"BreadcrumbList","@id":"https:\/\/edicionesdelantal.es\/en\/product\/not-today-ddp11n9v1\/#breadcrumb","itemListElement":[{"@type":"ListItem","position":1,"name":"Portada","item":"https:\/\/edicionesdelantal.es\/en\/"},{"@type":"ListItem","position":2,"name":"Tienda de Partituras","item":"https:\/\/edicionesdelantal.es\/tienda\/"},{"@type":"ListItem","position":3,"name":"Not Today (bass)"}]},{"@type":"WebSite","@id":"https:\/\/edicionesdelantal.es\/#website","url":"https:\/\/edicionesdelantal.es\/","name":"EdicionesDelantal","description":"Composer Sonia Meg\u00edas&#039; publishing company","publisher":{"@id":"https:\/\/edicionesdelantal.es\/#organization"},"potentialAction":[{"@type":"SearchAction","target":{"@type":"EntryPoint","urlTemplate":"https:\/\/edicionesdelantal.es\/?s={search_term_string}"},"query-input":{"@type":"PropertyValueSpecification","valueRequired":true,"valueName":"search_term_string"}}],"inLanguage":"en-US"},{"@type":"Organization","@id":"https:\/\/edicionesdelantal.es\/#organization","name":"EdicionesDelantal","url":"https:\/\/edicionesdelantal.es\/","logo":{"@type":"ImageObject","inLanguage":"en-US","@id":"https:\/\/edicionesdelantal.es\/#\/schema\/logo\/image\/","url":"https:\/\/edicionesdelantal.es\/wp-content\/uploads\/2017\/11\/a-EdicionesDelantal_LOGOCUADRADO.jpg","contentUrl":"https:\/\/edicionesdelantal.es\/wp-content\/uploads\/2017\/11\/a-EdicionesDelantal_LOGOCUADRADO.jpg","width":948,"height":948,"caption":"EdicionesDelantal"},"image":{"@id":"https:\/\/edicionesdelantal.es\/#\/schema\/logo\/image\/"}}]}},"uagb_featured_image_src":{"full":["https:\/\/edicionesdelantal.es\/wp-content\/uploads\/2023\/01\/ddp119v1-icono.jpg",1000,1000,false],"thumbnail":["https:\/\/edicionesdelantal.es\/wp-content\/uploads\/2023\/01\/ddp119v1-icono-150x150.jpg",150,150,true],"medium":["https:\/\/edicionesdelantal.es\/wp-content\/uploads\/2023\/01\/ddp119v1-icono-300x300.jpg",300,300,true],"medium_large":["https:\/\/edicionesdelantal.es\/wp-content\/uploads\/2023\/01\/ddp119v1-icono-768x768.jpg",768,768,true],"large":["https:\/\/edicionesdelantal.es\/wp-content\/uploads\/2023\/01\/ddp119v1-icono.jpg",980,980,false],"1536x1536":["https:\/\/edicionesdelantal.es\/wp-content\/uploads\/2023\/01\/ddp119v1-icono.jpg",1000,1000,false],"2048x2048":["https:\/\/edicionesdelantal.es\/wp-content\/uploads\/2023\/01\/ddp119v1-icono.jpg",1000,1000,false],"woocommerce_thumbnail":["https:\/\/edicionesdelantal.es\/wp-content\/uploads\/2023\/01\/ddp119v1-icono-324x324.jpg",324,324,true],"woocommerce_single":["https:\/\/edicionesdelantal.es\/wp-content\/uploads\/2023\/01\/ddp119v1-icono-416x416.jpg",416,416,true],"woocommerce_gallery_thumbnail":["https:\/\/edicionesdelantal.es\/wp-content\/uploads\/2023\/01\/ddp119v1-icono-100x100.jpg",100,100,true]},"uagb_author_info":{"display_name":"Sonia Meg\u00edas","author_link":"https:\/\/edicionesdelantal.es\/en\/author\/"},"uagb_comment_info":0,"uagb_excerpt":"Version for piano and bass singer from the piece Not Today \u00b7 osm104#2, originally written for piano and tenora.","jetpack_sharing_enabled":true,"_links":{"self":[{"href":"https:\/\/edicionesdelantal.es\/en\/wp-json\/wp\/v2\/product\/4056","targetHints":{"allow":["GET"]}}],"collection":[{"href":"https:\/\/edicionesdelantal.es\/en\/wp-json\/wp\/v2\/product"}],"about":[{"href":"https:\/\/edicionesdelantal.es\/en\/wp-json\/wp\/v2\/types\/product"}],"wp:featuredmedia":[{"embeddable":true,"href":"https:\/\/edicionesdelantal.es\/en\/wp-json\/wp\/v2\/media\/8574"}],"wp:attachment":[{"href":"https:\/\/edicionesdelantal.es\/en\/wp-json\/wp\/v2\/media?parent=4056"}],"wp:term":[{"taxonomy":"product_brand","embeddable":true,"href":"https:\/\/edicionesdelantal.es\/en\/wp-json\/wp\/v2\/product_brand?post=4056"},{"taxonomy":"product_cat","embeddable":true,"href":"https:\/\/edicionesdelantal.es\/en\/wp-json\/wp\/v2\/product_cat?post=4056"},{"taxonomy":"product_tag","embeddable":true,"href":"https:\/\/edicionesdelantal.es\/en\/wp-json\/wp\/v2\/product_tag?post=4056"}],"curies":[{"name":"wp","href":"https:\/\/api.w.org\/{rel}","templated":true}]}}