{"id":4276,"date":"2024-04-23T18:52:22","date_gmt":"2024-04-23T16:52:22","guid":{"rendered":"https:\/\/edicionesdelantal.es\/?post_type=product&#038;p=4276"},"modified":"2024-12-11T04:23:33","modified_gmt":"2024-12-11T03:23:33","slug":"cd_maderadepajaro","status":"publish","type":"product","link":"https:\/\/edicionesdelantal.es\/en\/product\/cd_maderadepajaro\/","title":{"rendered":"CD Madera de p\u00e1jaro"},"content":{"rendered":"","protected":false},"excerpt":{"rendered":"<p>We&#8217;ll send you the CD to the adress you indicate us (Spain and abroad). Expenses are included.<\/p>\n[playlist images=\"false\" ids=\"4284,4286,4288,4290,4292,4294,4296,4298,4300,4302,4304,4306,4308\"]\n<p>https:\/\/youtu.be\/BsGUL4ADYWk<\/p>\n<p>Lyrics and poems by <a href=\"https:\/\/evaguillamon.com\">Eva Guillam\u00f3n<\/a><br \/>\nMusic and arrangements by <a href=\"http:\/\/soniamegias.es\">Sonia Meg\u00edas<\/a><\/p>\n<p>Sonia Meg\u00edas: voice, ukulele and percussion<br \/>\nEva Guillam\u00f3n: voice and percussion<br \/>\nDavid Mayoral: percussions<br \/>\nMiguel \u00c1ngel Real: marimba<br \/>\nTom\u00e1s Merlo: double bass<\/p>\n<p>Percussions recording: Antonio Astray in Fonoraptor Studios (Madrid)<br \/>\nMarimba recording, percussions and marimba edition: Natalia Martz in Planet 8 Studios (Madrid)<br \/>\nDetails recording for <i>Duelo Congelado<\/i>: Mans Studios (A Coru\u00f1a)<br \/>\nEffects: DCat (Alacant)<br \/>\nVoices recording, mix and master: Adkinsound (Alacant)<br \/>\nGraphic design: Isis Gayo<\/p>\n<p>Madrid, Alacant, A Coru\u00f1a, 2021<\/p>\n<hr \/>\n<p><strong>Contact<\/strong>:<br \/>\n<a href=\"mailto:info@duadepel.com\" target=\"_blank\" rel=\"noopener noreferrer\">info@duadepel.com<\/a><br \/>\n+34 669 512 290<br \/>\n<a href=\"https:\/\/duadepel.com\" target=\"_blank\" rel=\"noopener noreferrer\">www.duadepel.com<\/a><\/p>\n","protected":false},"featured_media":4278,"template":"","meta":{"_gspb_post_css":"","pmpro_default_level":"","_uag_custom_page_level_css":""},"product_brand":[],"product_cat":[723,140,295],"product_tag":[298,299,1676,225,1713,259],"class_list":{"0":"post-4276","1":"product","2":"type-product","3":"status-publish","4":"has-post-thumbnail","6":"product_cat-cds-and-books","7":"product_cat-collections-en","8":"product_cat-pelcollection","9":"product_tag-dua-de-pel-en","10":"product_tag-eva-guillamon-en","11":"product_tag-folk-music","12":"product_tag-folklore","13":"product_tag-odradek-en","14":"product_tag-sonia-megias-en","15":"pmpro-has-access","17":"first","18":"instock","19":"taxable","20":"shipping-taxable","21":"purchasable","22":"product-type-simple"},"acf":[],"yoast_head":"<!-- This site is optimized with the Yoast SEO plugin v27.3 - https:\/\/yoast.com\/product\/yoast-seo-wordpress\/ -->\n<title>CD Madera de p\u00e1jaro - EdicionesDelantal<\/title>\n<meta name=\"robots\" content=\"index, follow, max-snippet:-1, max-image-preview:large, max-video-preview:-1\" \/>\n<link rel=\"canonical\" href=\"https:\/\/edicionesdelantal.es\/en\/product\/cd_maderadepajaro\/\" \/>\n<meta name=\"twitter:label1\" content=\"Est. reading time\" \/>\n\t<meta name=\"twitter:data1\" content=\"1 minute\" \/>\n<script type=\"application\/ld+json\" class=\"yoast-schema-graph\">{\"@context\":\"https:\\\/\\\/schema.org\",\"@graph\":[{\"@type\":\"WebPage\",\"@id\":\"https:\\\/\\\/edicionesdelantal.es\\\/en\\\/product\\\/cd_maderadepajaro\\\/\",\"url\":\"https:\\\/\\\/edicionesdelantal.es\\\/en\\\/product\\\/cd_maderadepajaro\\\/\",\"name\":\"CD Madera de p\u00e1jaro - EdicionesDelantal\",\"isPartOf\":{\"@id\":\"https:\\\/\\\/edicionesdelantal.es\\\/#website\"},\"primaryImageOfPage\":{\"@id\":\"https:\\\/\\\/edicionesdelantal.es\\\/en\\\/product\\\/cd_maderadepajaro\\\/#primaryimage\"},\"image\":{\"@id\":\"https:\\\/\\\/edicionesdelantal.es\\\/en\\\/product\\\/cd_maderadepajaro\\\/#primaryimage\"},\"thumbnailUrl\":\"https:\\\/\\\/edicionesdelantal.es\\\/wp-content\\\/uploads\\\/2021\\\/06\\\/Portada.jpg\",\"datePublished\":\"2024-04-23T16:52:22+00:00\",\"dateModified\":\"2024-12-11T03:23:33+00:00\",\"breadcrumb\":{\"@id\":\"https:\\\/\\\/edicionesdelantal.es\\\/en\\\/product\\\/cd_maderadepajaro\\\/#breadcrumb\"},\"inLanguage\":\"en-US\",\"potentialAction\":[{\"@type\":\"ReadAction\",\"target\":[\"https:\\\/\\\/edicionesdelantal.es\\\/en\\\/product\\\/cd_maderadepajaro\\\/\"]}]},{\"@type\":\"ImageObject\",\"inLanguage\":\"en-US\",\"@id\":\"https:\\\/\\\/edicionesdelantal.es\\\/en\\\/product\\\/cd_maderadepajaro\\\/#primaryimage\",\"url\":\"https:\\\/\\\/edicionesdelantal.es\\\/wp-content\\\/uploads\\\/2021\\\/06\\\/Portada.jpg\",\"contentUrl\":\"https:\\\/\\\/edicionesdelantal.es\\\/wp-content\\\/uploads\\\/2021\\\/06\\\/Portada.jpg\",\"width\":1513,\"height\":1512},{\"@type\":\"BreadcrumbList\",\"@id\":\"https:\\\/\\\/edicionesdelantal.es\\\/en\\\/product\\\/cd_maderadepajaro\\\/#breadcrumb\",\"itemListElement\":[{\"@type\":\"ListItem\",\"position\":1,\"name\":\"Portada\",\"item\":\"https:\\\/\\\/edicionesdelantal.es\\\/en\\\/\"},{\"@type\":\"ListItem\",\"position\":2,\"name\":\"Tienda de Partituras\",\"item\":\"https:\\\/\\\/edicionesdelantal.es\\\/tienda\\\/\"},{\"@type\":\"ListItem\",\"position\":3,\"name\":\"CD Madera de p\u00e1jaro\"}]},{\"@type\":\"WebSite\",\"@id\":\"https:\\\/\\\/edicionesdelantal.es\\\/#website\",\"url\":\"https:\\\/\\\/edicionesdelantal.es\\\/\",\"name\":\"EdicionesDelantal\",\"description\":\"Composer Sonia Meg\u00edas&#039; publishing company\",\"publisher\":{\"@id\":\"https:\\\/\\\/edicionesdelantal.es\\\/#organization\"},\"potentialAction\":[{\"@type\":\"SearchAction\",\"target\":{\"@type\":\"EntryPoint\",\"urlTemplate\":\"https:\\\/\\\/edicionesdelantal.es\\\/?s={search_term_string}\"},\"query-input\":{\"@type\":\"PropertyValueSpecification\",\"valueRequired\":true,\"valueName\":\"search_term_string\"}}],\"inLanguage\":\"en-US\"},{\"@type\":\"Organization\",\"@id\":\"https:\\\/\\\/edicionesdelantal.es\\\/#organization\",\"name\":\"EdicionesDelantal\",\"url\":\"https:\\\/\\\/edicionesdelantal.es\\\/\",\"logo\":{\"@type\":\"ImageObject\",\"inLanguage\":\"en-US\",\"@id\":\"https:\\\/\\\/edicionesdelantal.es\\\/#\\\/schema\\\/logo\\\/image\\\/\",\"url\":\"https:\\\/\\\/edicionesdelantal.es\\\/wp-content\\\/uploads\\\/2017\\\/11\\\/a-EdicionesDelantal_LOGOCUADRADO.jpg\",\"contentUrl\":\"https:\\\/\\\/edicionesdelantal.es\\\/wp-content\\\/uploads\\\/2017\\\/11\\\/a-EdicionesDelantal_LOGOCUADRADO.jpg\",\"width\":948,\"height\":948,\"caption\":\"EdicionesDelantal\"},\"image\":{\"@id\":\"https:\\\/\\\/edicionesdelantal.es\\\/#\\\/schema\\\/logo\\\/image\\\/\"}}]}<\/script>\n<!-- \/ Yoast SEO plugin. -->","yoast_head_json":{"title":"CD Madera de p\u00e1jaro - EdicionesDelantal","robots":{"index":"index","follow":"follow","max-snippet":"max-snippet:-1","max-image-preview":"max-image-preview:large","max-video-preview":"max-video-preview:-1"},"canonical":"https:\/\/edicionesdelantal.es\/en\/product\/cd_maderadepajaro\/","twitter_misc":{"Est. reading time":"1 minute"},"schema":{"@context":"https:\/\/schema.org","@graph":[{"@type":"WebPage","@id":"https:\/\/edicionesdelantal.es\/en\/product\/cd_maderadepajaro\/","url":"https:\/\/edicionesdelantal.es\/en\/product\/cd_maderadepajaro\/","name":"CD Madera de p\u00e1jaro - EdicionesDelantal","isPartOf":{"@id":"https:\/\/edicionesdelantal.es\/#website"},"primaryImageOfPage":{"@id":"https:\/\/edicionesdelantal.es\/en\/product\/cd_maderadepajaro\/#primaryimage"},"image":{"@id":"https:\/\/edicionesdelantal.es\/en\/product\/cd_maderadepajaro\/#primaryimage"},"thumbnailUrl":"https:\/\/edicionesdelantal.es\/wp-content\/uploads\/2021\/06\/Portada.jpg","datePublished":"2024-04-23T16:52:22+00:00","dateModified":"2024-12-11T03:23:33+00:00","breadcrumb":{"@id":"https:\/\/edicionesdelantal.es\/en\/product\/cd_maderadepajaro\/#breadcrumb"},"inLanguage":"en-US","potentialAction":[{"@type":"ReadAction","target":["https:\/\/edicionesdelantal.es\/en\/product\/cd_maderadepajaro\/"]}]},{"@type":"ImageObject","inLanguage":"en-US","@id":"https:\/\/edicionesdelantal.es\/en\/product\/cd_maderadepajaro\/#primaryimage","url":"https:\/\/edicionesdelantal.es\/wp-content\/uploads\/2021\/06\/Portada.jpg","contentUrl":"https:\/\/edicionesdelantal.es\/wp-content\/uploads\/2021\/06\/Portada.jpg","width":1513,"height":1512},{"@type":"BreadcrumbList","@id":"https:\/\/edicionesdelantal.es\/en\/product\/cd_maderadepajaro\/#breadcrumb","itemListElement":[{"@type":"ListItem","position":1,"name":"Portada","item":"https:\/\/edicionesdelantal.es\/en\/"},{"@type":"ListItem","position":2,"name":"Tienda de Partituras","item":"https:\/\/edicionesdelantal.es\/tienda\/"},{"@type":"ListItem","position":3,"name":"CD Madera de p\u00e1jaro"}]},{"@type":"WebSite","@id":"https:\/\/edicionesdelantal.es\/#website","url":"https:\/\/edicionesdelantal.es\/","name":"EdicionesDelantal","description":"Composer Sonia Meg\u00edas&#039; publishing company","publisher":{"@id":"https:\/\/edicionesdelantal.es\/#organization"},"potentialAction":[{"@type":"SearchAction","target":{"@type":"EntryPoint","urlTemplate":"https:\/\/edicionesdelantal.es\/?s={search_term_string}"},"query-input":{"@type":"PropertyValueSpecification","valueRequired":true,"valueName":"search_term_string"}}],"inLanguage":"en-US"},{"@type":"Organization","@id":"https:\/\/edicionesdelantal.es\/#organization","name":"EdicionesDelantal","url":"https:\/\/edicionesdelantal.es\/","logo":{"@type":"ImageObject","inLanguage":"en-US","@id":"https:\/\/edicionesdelantal.es\/#\/schema\/logo\/image\/","url":"https:\/\/edicionesdelantal.es\/wp-content\/uploads\/2017\/11\/a-EdicionesDelantal_LOGOCUADRADO.jpg","contentUrl":"https:\/\/edicionesdelantal.es\/wp-content\/uploads\/2017\/11\/a-EdicionesDelantal_LOGOCUADRADO.jpg","width":948,"height":948,"caption":"EdicionesDelantal"},"image":{"@id":"https:\/\/edicionesdelantal.es\/#\/schema\/logo\/image\/"}}]}},"uagb_featured_image_src":{"full":["https:\/\/edicionesdelantal.es\/wp-content\/uploads\/2021\/06\/Portada.jpg",1513,1512,false],"thumbnail":["https:\/\/edicionesdelantal.es\/wp-content\/uploads\/2021\/06\/Portada-150x150.jpg",150,150,true],"medium":["https:\/\/edicionesdelantal.es\/wp-content\/uploads\/2021\/06\/Portada-300x300.jpg",300,300,true],"medium_large":["https:\/\/edicionesdelantal.es\/wp-content\/uploads\/2021\/06\/Portada-768x767.jpg",768,767,true],"large":["https:\/\/edicionesdelantal.es\/wp-content\/uploads\/2021\/06\/Portada-1024x1024.jpg",980,980,true],"1536x1536":["https:\/\/edicionesdelantal.es\/wp-content\/uploads\/2021\/06\/Portada.jpg",1513,1512,false],"2048x2048":["https:\/\/edicionesdelantal.es\/wp-content\/uploads\/2021\/06\/Portada.jpg",1513,1512,false],"woocommerce_thumbnail":["https:\/\/edicionesdelantal.es\/wp-content\/uploads\/2021\/06\/Portada-324x324.jpg",324,324,true],"woocommerce_single":["https:\/\/edicionesdelantal.es\/wp-content\/uploads\/2021\/06\/Portada-416x416.jpg",416,416,true],"woocommerce_gallery_thumbnail":["https:\/\/edicionesdelantal.es\/wp-content\/uploads\/2021\/06\/Portada-100x100.jpg",100,100,true]},"uagb_author_info":{"display_name":"Sonia Meg\u00edas","author_link":"https:\/\/edicionesdelantal.es\/en\/author\/"},"uagb_comment_info":0,"uagb_excerpt":"We'll send you the CD to the adress you indicate us (Spain and abroad). Expenses are included. [playlist images=\"false\" ids=\"4284,4286,4288,4290,4292,4294,4296,4298,4300,4302,4304,4306,4308\"] https:\/\/youtu.be\/BsGUL4ADYWk Lyrics and poems by Eva Guillam\u00f3n Music and arrangements by Sonia Meg\u00edas Sonia Meg\u00edas: voice, ukulele and percussion Eva Guillam\u00f3n: voice and percussion David Mayoral: percussions Miguel \u00c1ngel Real: marimba Tom\u00e1s Merlo: double bass&hellip;","jetpack_sharing_enabled":true,"_links":{"self":[{"href":"https:\/\/edicionesdelantal.es\/en\/wp-json\/wp\/v2\/product\/4276","targetHints":{"allow":["GET"]}}],"collection":[{"href":"https:\/\/edicionesdelantal.es\/en\/wp-json\/wp\/v2\/product"}],"about":[{"href":"https:\/\/edicionesdelantal.es\/en\/wp-json\/wp\/v2\/types\/product"}],"wp:featuredmedia":[{"embeddable":true,"href":"https:\/\/edicionesdelantal.es\/en\/wp-json\/wp\/v2\/media\/4278"}],"wp:attachment":[{"href":"https:\/\/edicionesdelantal.es\/en\/wp-json\/wp\/v2\/media?parent=4276"}],"wp:term":[{"taxonomy":"product_brand","embeddable":true,"href":"https:\/\/edicionesdelantal.es\/en\/wp-json\/wp\/v2\/product_brand?post=4276"},{"taxonomy":"product_cat","embeddable":true,"href":"https:\/\/edicionesdelantal.es\/en\/wp-json\/wp\/v2\/product_cat?post=4276"},{"taxonomy":"product_tag","embeddable":true,"href":"https:\/\/edicionesdelantal.es\/en\/wp-json\/wp\/v2\/product_tag?post=4276"}],"curies":[{"name":"wp","href":"https:\/\/api.w.org\/{rel}","templated":true}]}}