{"id":6306,"date":"2023-05-21T01:25:22","date_gmt":"2023-05-20T23:25:22","guid":{"rendered":"https:\/\/edicionesdelantal.es\/?post_type=product&#038;p=6306"},"modified":"2025-04-18T14:40:15","modified_gmt":"2025-04-18T12:40:15","slug":"ajedrez-osm36","status":"publish","type":"product","link":"https:\/\/edicionesdelantal.es\/en\/product\/ajedrez-osm36\/","title":{"rendered":"Ajedrez (violin + violoncello)"},"content":{"rendered":"<p>Audio from the premiere, on May 17th 2005 @ the High Conservatory of Music of Murcia. The brave performers were Pilar Crespo (vln) and Laura Gim\u00e9nez (vlc):<\/p>\n<div class=\"wp-playlist wp-audio-playlist wp-playlist-light\">\n\t\t\t<div class=\"wp-playlist-current-item\"><\/div>\n\t\t<audio controls=\"controls\" preload=\"none\" width=\"958\"\n\t\t\t><\/audio>\n\t<div class=\"wp-playlist-next\"><\/div>\n\t<div class=\"wp-playlist-prev\"><\/div>\n\t<noscript>\n\t<ol>\n\t\t<li><a href='https:\/\/edicionesdelantal.es\/wp-content\/uploads\/2023\/05\/Ajedrez-Explicacion.mp3'>Ajedrez - Explicacio\u0301n<\/a><\/li><li><a href='https:\/\/edicionesdelantal.es\/wp-content\/uploads\/2023\/05\/Ajedrez-I.-Apertura.mp3'>Ajedrez - I. Apertura<\/a><\/li><li><a href='https:\/\/edicionesdelantal.es\/wp-content\/uploads\/2023\/05\/Ajedrez-II.-Mediojuego.mp3'>Ajedrez - II. Mediojuego<\/a><\/li><li><a href='https:\/\/edicionesdelantal.es\/wp-content\/uploads\/2023\/05\/Ajedrez-III.-Contraofensiva.mp3'>Ajedrez - III. Contraofensiva<\/a><\/li><li><a href='https:\/\/edicionesdelantal.es\/wp-content\/uploads\/2023\/05\/Ajedrez-IV.-Destronamiento-y-aplausos.mp3'>Ajedrez - IV. Destronamiento (y aplausos)<\/a><\/li>\t<\/ol>\n\t<\/noscript>\n\t<script type=\"application\/json\" class=\"wp-playlist-script\">{\"type\":\"audio\",\"tracklist\":true,\"tracknumbers\":true,\"images\":false,\"artists\":true,\"tracks\":[{\"src\":\"https:\/\/edicionesdelantal.es\/wp-content\/uploads\/2023\/05\/Ajedrez-Explicacion.mp3\",\"type\":\"audio\/mpeg\",\"title\":\"Ajedrez - Explicacio\\u0301n\",\"caption\":\"\",\"description\":\"\\u00abAjedrez - Explicacio\\u0301n\\u00bb.\",\"meta\":{\"length_formatted\":\"0:39\"},\"image\":{\"src\":\"https:\/\/edicionesdelantal.es\/wp-includes\/images\/media\/audio.svg\",\"width\":48,\"height\":64},\"thumb\":{\"src\":\"https:\/\/edicionesdelantal.es\/wp-includes\/images\/media\/audio.svg\",\"width\":48,\"height\":64}},{\"src\":\"https:\/\/edicionesdelantal.es\/wp-content\/uploads\/2023\/05\/Ajedrez-I.-Apertura.mp3\",\"type\":\"audio\/mpeg\",\"title\":\"Ajedrez - I. Apertura\",\"caption\":\"\",\"description\":\"\\u00abAjedrez - I. Apertura\\u00bb.\",\"meta\":{\"length_formatted\":\"2:25\"},\"image\":{\"src\":\"https:\/\/edicionesdelantal.es\/wp-includes\/images\/media\/audio.svg\",\"width\":48,\"height\":64},\"thumb\":{\"src\":\"https:\/\/edicionesdelantal.es\/wp-includes\/images\/media\/audio.svg\",\"width\":48,\"height\":64}},{\"src\":\"https:\/\/edicionesdelantal.es\/wp-content\/uploads\/2023\/05\/Ajedrez-II.-Mediojuego.mp3\",\"type\":\"audio\/mpeg\",\"title\":\"Ajedrez - II. Mediojuego\",\"caption\":\"\",\"description\":\"\\u00abAjedrez - II. Mediojuego\\u00bb.\",\"meta\":{\"length_formatted\":\"4:51\"},\"image\":{\"src\":\"https:\/\/edicionesdelantal.es\/wp-includes\/images\/media\/audio.svg\",\"width\":48,\"height\":64},\"thumb\":{\"src\":\"https:\/\/edicionesdelantal.es\/wp-includes\/images\/media\/audio.svg\",\"width\":48,\"height\":64}},{\"src\":\"https:\/\/edicionesdelantal.es\/wp-content\/uploads\/2023\/05\/Ajedrez-III.-Contraofensiva.mp3\",\"type\":\"audio\/mpeg\",\"title\":\"Ajedrez - III. Contraofensiva\",\"caption\":\"\",\"description\":\"\\u00abAjedrez - III. Contraofensiva\\u00bb.\",\"meta\":{\"length_formatted\":\"1:23\"},\"image\":{\"src\":\"https:\/\/edicionesdelantal.es\/wp-includes\/images\/media\/audio.svg\",\"width\":48,\"height\":64},\"thumb\":{\"src\":\"https:\/\/edicionesdelantal.es\/wp-includes\/images\/media\/audio.svg\",\"width\":48,\"height\":64}},{\"src\":\"https:\/\/edicionesdelantal.es\/wp-content\/uploads\/2023\/05\/Ajedrez-IV.-Destronamiento-y-aplausos.mp3\",\"type\":\"audio\/mpeg\",\"title\":\"Ajedrez - IV. Destronamiento (y aplausos)\",\"caption\":\"\",\"description\":\"\\u00abAjedrez - IV. Destronamiento (y aplausos)\\u00bb. G\\u00e9nero: Other.\",\"meta\":{\"genre\":\"Other\",\"length_formatted\":\"2:28\"},\"image\":{\"src\":\"https:\/\/edicionesdelantal.es\/wp-includes\/images\/media\/audio.svg\",\"width\":48,\"height\":64},\"thumb\":{\"src\":\"https:\/\/edicionesdelantal.es\/wp-includes\/images\/media\/audio.svg\",\"width\":48,\"height\":64}}]}<\/script>\n<\/div>\n\t\n<p>After the premiere, I highlight a couple of re-releases of the piece:<\/p>\n<ul>\n<li>Selected by Jos\u00e9 M\u00aa S\u00e1nchez Verd\u00fa to be performed by Tr\u00edo Dhamar (Madrid) at the II Festival Internacional de M\u00fasica Contempor\u00e1nea &#8220;<strong>Molina Actual<\/strong>&#8221; (Molina de Segura, Murcia), on 19\/V\/2005.<\/li>\n<li><a href=\"https:\/\/soniamegias.es\/en\/event\/entredos-monografico-sonia-megias\/\" target=\"_blank\" rel=\"noopener\"><strong>Concert Sonia Meg\u00edas<\/strong><\/a>, Fundaci\u00f3n Entred\u00f3s (Madrid), on 24\/I\/2009, by Pilar Crespo (vln) and Laura Gim\u00e9nez (vlc).<\/li>\n<\/ul>\n<hr \/>\n<p>The piece, in an early version of the catalog, was op. 49. That is why some articles talk about the piece referring to this numbering. Today it&#8217;s osm36#, that is, cycle of works by Sonia Meg\u00edas number 49. The # refers to the fact that it is a cycle and that each movement can be performed independently.<\/p>\n","protected":false},"excerpt":{"rendered":"<p style=\"text-align: right;\">There&#8217;s no parts.<br \/>\nBoth performers read from the general score.<\/p>\n","protected":false},"featured_media":6308,"template":"","meta":{"_gspb_post_css":"","pmpro_default_level":"","_uag_custom_page_level_css":"","_price":"10","_stock":null,"_tribe_ticket_header":"","_tribe_default_ticket_provider":"","_tribe_ticket_capacity":"","_ticket_start_date":"","_ticket_end_date":"","_tribe_ticket_show_description":"","_tribe_ticket_show_not_going":false,"_tribe_ticket_use_global_stock":"","_tribe_ticket_global_stock_level":"","_global_stock_mode":"","_global_stock_cap":"","_tribe_rsvp_for_event":"","_tribe_ticket_going_count":"","_tribe_ticket_not_going_count":"","_tribe_tickets_list":"[]","_tribe_ticket_has_attendee_info_fields":false},"product_brand":[],"product_cat":[180,165,140,142,169,177,178],"product_tag":[1711,259],"class_list":{"0":"post-6306","1":"product","2":"type-product","3":"status-publish","4":"has-post-thumbnail","6":"product_cat-camera","7":"product_cat-chambercollection","8":"product_cat-collections-en","9":"product_cat-genre-en","10":"product_cat-strings","11":"product_cat-violin-en","12":"product_cat-violoncello","13":"product_tag-notation","14":"product_tag-sonia-megias-en","15":"pmpro-has-access","17":"first","18":"instock","19":"featured","20":"downloadable","21":"virtual","22":"taxable","23":"purchasable","24":"product-type-simple"},"acf":[],"yoast_head":"<!-- This site is optimized with the Yoast SEO plugin v27.3 - https:\/\/yoast.com\/product\/yoast-seo-wordpress\/ -->\n<title>Ajedrez (violin + violoncello) - EdicionesDelantal<\/title>\n<meta name=\"robots\" content=\"index, follow, max-snippet:-1, max-image-preview:large, max-video-preview:-1\" \/>\n<link rel=\"canonical\" href=\"https:\/\/edicionesdelantal.es\/en\/product\/ajedrez-osm36\/\" \/>\n<meta name=\"twitter:label1\" content=\"Est. reading time\" \/>\n\t<meta name=\"twitter:data1\" content=\"1 minute\" \/>\n<script type=\"application\/ld+json\" class=\"yoast-schema-graph\">{\"@context\":\"https:\\\/\\\/schema.org\",\"@graph\":[{\"@type\":\"WebPage\",\"@id\":\"https:\\\/\\\/edicionesdelantal.es\\\/en\\\/product\\\/ajedrez-osm36\\\/\",\"url\":\"https:\\\/\\\/edicionesdelantal.es\\\/en\\\/product\\\/ajedrez-osm36\\\/\",\"name\":\"Ajedrez (violin + violoncello) - EdicionesDelantal\",\"isPartOf\":{\"@id\":\"https:\\\/\\\/edicionesdelantal.es\\\/#website\"},\"primaryImageOfPage\":{\"@id\":\"https:\\\/\\\/edicionesdelantal.es\\\/en\\\/product\\\/ajedrez-osm36\\\/#primaryimage\"},\"image\":{\"@id\":\"https:\\\/\\\/edicionesdelantal.es\\\/en\\\/product\\\/ajedrez-osm36\\\/#primaryimage\"},\"thumbnailUrl\":\"https:\\\/\\\/edicionesdelantal.es\\\/wp-content\\\/uploads\\\/2023\\\/05\\\/Captura-de-Pantalla-2023-05-20-a-las-19.30.59-e1684625580985.png\",\"datePublished\":\"2023-05-20T23:25:22+00:00\",\"dateModified\":\"2025-04-18T12:40:15+00:00\",\"breadcrumb\":{\"@id\":\"https:\\\/\\\/edicionesdelantal.es\\\/en\\\/product\\\/ajedrez-osm36\\\/#breadcrumb\"},\"inLanguage\":\"en-US\",\"potentialAction\":[{\"@type\":\"ReadAction\",\"target\":[\"https:\\\/\\\/edicionesdelantal.es\\\/en\\\/product\\\/ajedrez-osm36\\\/\"]}]},{\"@type\":\"ImageObject\",\"inLanguage\":\"en-US\",\"@id\":\"https:\\\/\\\/edicionesdelantal.es\\\/en\\\/product\\\/ajedrez-osm36\\\/#primaryimage\",\"url\":\"https:\\\/\\\/edicionesdelantal.es\\\/wp-content\\\/uploads\\\/2023\\\/05\\\/Captura-de-Pantalla-2023-05-20-a-las-19.30.59-e1684625580985.png\",\"contentUrl\":\"https:\\\/\\\/edicionesdelantal.es\\\/wp-content\\\/uploads\\\/2023\\\/05\\\/Captura-de-Pantalla-2023-05-20-a-las-19.30.59-e1684625580985.png\",\"width\":1230,\"height\":1230},{\"@type\":\"BreadcrumbList\",\"@id\":\"https:\\\/\\\/edicionesdelantal.es\\\/en\\\/product\\\/ajedrez-osm36\\\/#breadcrumb\",\"itemListElement\":[{\"@type\":\"ListItem\",\"position\":1,\"name\":\"Portada\",\"item\":\"https:\\\/\\\/edicionesdelantal.es\\\/en\\\/\"},{\"@type\":\"ListItem\",\"position\":2,\"name\":\"Tienda de Partituras\",\"item\":\"https:\\\/\\\/edicionesdelantal.es\\\/tienda\\\/\"},{\"@type\":\"ListItem\",\"position\":3,\"name\":\"Ajedrez (violin + violoncello)\"}]},{\"@type\":\"WebSite\",\"@id\":\"https:\\\/\\\/edicionesdelantal.es\\\/#website\",\"url\":\"https:\\\/\\\/edicionesdelantal.es\\\/\",\"name\":\"EdicionesDelantal\",\"description\":\"Composer Sonia Meg\u00edas&#039; publishing company\",\"publisher\":{\"@id\":\"https:\\\/\\\/edicionesdelantal.es\\\/#organization\"},\"potentialAction\":[{\"@type\":\"SearchAction\",\"target\":{\"@type\":\"EntryPoint\",\"urlTemplate\":\"https:\\\/\\\/edicionesdelantal.es\\\/?s={search_term_string}\"},\"query-input\":{\"@type\":\"PropertyValueSpecification\",\"valueRequired\":true,\"valueName\":\"search_term_string\"}}],\"inLanguage\":\"en-US\"},{\"@type\":\"Organization\",\"@id\":\"https:\\\/\\\/edicionesdelantal.es\\\/#organization\",\"name\":\"EdicionesDelantal\",\"url\":\"https:\\\/\\\/edicionesdelantal.es\\\/\",\"logo\":{\"@type\":\"ImageObject\",\"inLanguage\":\"en-US\",\"@id\":\"https:\\\/\\\/edicionesdelantal.es\\\/#\\\/schema\\\/logo\\\/image\\\/\",\"url\":\"https:\\\/\\\/edicionesdelantal.es\\\/wp-content\\\/uploads\\\/2017\\\/11\\\/a-EdicionesDelantal_LOGOCUADRADO.jpg\",\"contentUrl\":\"https:\\\/\\\/edicionesdelantal.es\\\/wp-content\\\/uploads\\\/2017\\\/11\\\/a-EdicionesDelantal_LOGOCUADRADO.jpg\",\"width\":948,\"height\":948,\"caption\":\"EdicionesDelantal\"},\"image\":{\"@id\":\"https:\\\/\\\/edicionesdelantal.es\\\/#\\\/schema\\\/logo\\\/image\\\/\"}}]}<\/script>\n<!-- \/ Yoast SEO plugin. -->","yoast_head_json":{"title":"Ajedrez (violin + violoncello) - EdicionesDelantal","robots":{"index":"index","follow":"follow","max-snippet":"max-snippet:-1","max-image-preview":"max-image-preview:large","max-video-preview":"max-video-preview:-1"},"canonical":"https:\/\/edicionesdelantal.es\/en\/product\/ajedrez-osm36\/","twitter_misc":{"Est. reading time":"1 minute"},"schema":{"@context":"https:\/\/schema.org","@graph":[{"@type":"WebPage","@id":"https:\/\/edicionesdelantal.es\/en\/product\/ajedrez-osm36\/","url":"https:\/\/edicionesdelantal.es\/en\/product\/ajedrez-osm36\/","name":"Ajedrez (violin + violoncello) - EdicionesDelantal","isPartOf":{"@id":"https:\/\/edicionesdelantal.es\/#website"},"primaryImageOfPage":{"@id":"https:\/\/edicionesdelantal.es\/en\/product\/ajedrez-osm36\/#primaryimage"},"image":{"@id":"https:\/\/edicionesdelantal.es\/en\/product\/ajedrez-osm36\/#primaryimage"},"thumbnailUrl":"https:\/\/edicionesdelantal.es\/wp-content\/uploads\/2023\/05\/Captura-de-Pantalla-2023-05-20-a-las-19.30.59-e1684625580985.png","datePublished":"2023-05-20T23:25:22+00:00","dateModified":"2025-04-18T12:40:15+00:00","breadcrumb":{"@id":"https:\/\/edicionesdelantal.es\/en\/product\/ajedrez-osm36\/#breadcrumb"},"inLanguage":"en-US","potentialAction":[{"@type":"ReadAction","target":["https:\/\/edicionesdelantal.es\/en\/product\/ajedrez-osm36\/"]}]},{"@type":"ImageObject","inLanguage":"en-US","@id":"https:\/\/edicionesdelantal.es\/en\/product\/ajedrez-osm36\/#primaryimage","url":"https:\/\/edicionesdelantal.es\/wp-content\/uploads\/2023\/05\/Captura-de-Pantalla-2023-05-20-a-las-19.30.59-e1684625580985.png","contentUrl":"https:\/\/edicionesdelantal.es\/wp-content\/uploads\/2023\/05\/Captura-de-Pantalla-2023-05-20-a-las-19.30.59-e1684625580985.png","width":1230,"height":1230},{"@type":"BreadcrumbList","@id":"https:\/\/edicionesdelantal.es\/en\/product\/ajedrez-osm36\/#breadcrumb","itemListElement":[{"@type":"ListItem","position":1,"name":"Portada","item":"https:\/\/edicionesdelantal.es\/en\/"},{"@type":"ListItem","position":2,"name":"Tienda de Partituras","item":"https:\/\/edicionesdelantal.es\/tienda\/"},{"@type":"ListItem","position":3,"name":"Ajedrez (violin + violoncello)"}]},{"@type":"WebSite","@id":"https:\/\/edicionesdelantal.es\/#website","url":"https:\/\/edicionesdelantal.es\/","name":"EdicionesDelantal","description":"Composer Sonia Meg\u00edas&#039; publishing company","publisher":{"@id":"https:\/\/edicionesdelantal.es\/#organization"},"potentialAction":[{"@type":"SearchAction","target":{"@type":"EntryPoint","urlTemplate":"https:\/\/edicionesdelantal.es\/?s={search_term_string}"},"query-input":{"@type":"PropertyValueSpecification","valueRequired":true,"valueName":"search_term_string"}}],"inLanguage":"en-US"},{"@type":"Organization","@id":"https:\/\/edicionesdelantal.es\/#organization","name":"EdicionesDelantal","url":"https:\/\/edicionesdelantal.es\/","logo":{"@type":"ImageObject","inLanguage":"en-US","@id":"https:\/\/edicionesdelantal.es\/#\/schema\/logo\/image\/","url":"https:\/\/edicionesdelantal.es\/wp-content\/uploads\/2017\/11\/a-EdicionesDelantal_LOGOCUADRADO.jpg","contentUrl":"https:\/\/edicionesdelantal.es\/wp-content\/uploads\/2017\/11\/a-EdicionesDelantal_LOGOCUADRADO.jpg","width":948,"height":948,"caption":"EdicionesDelantal"},"image":{"@id":"https:\/\/edicionesdelantal.es\/#\/schema\/logo\/image\/"}}]}},"uagb_featured_image_src":{"full":["https:\/\/edicionesdelantal.es\/wp-content\/uploads\/2023\/05\/Captura-de-Pantalla-2023-05-20-a-las-19.30.59-e1684625580985.png",1230,1230,false],"thumbnail":["https:\/\/edicionesdelantal.es\/wp-content\/uploads\/2023\/05\/Captura-de-Pantalla-2023-05-20-a-las-19.30.59-150x150.png",150,150,true],"medium":["https:\/\/edicionesdelantal.es\/wp-content\/uploads\/2023\/05\/Captura-de-Pantalla-2023-05-20-a-las-19.30.59-300x300.png",300,300,true],"medium_large":["https:\/\/edicionesdelantal.es\/wp-content\/uploads\/2023\/05\/Captura-de-Pantalla-2023-05-20-a-las-19.30.59-768x768.png",768,768,true],"large":["https:\/\/edicionesdelantal.es\/wp-content\/uploads\/2023\/05\/Captura-de-Pantalla-2023-05-20-a-las-19.30.59-1024x1024.png",980,980,true],"1536x1536":["https:\/\/edicionesdelantal.es\/wp-content\/uploads\/2023\/05\/Captura-de-Pantalla-2023-05-20-a-las-19.30.59-e1684625580985.png",1230,1230,false],"2048x2048":["https:\/\/edicionesdelantal.es\/wp-content\/uploads\/2023\/05\/Captura-de-Pantalla-2023-05-20-a-las-19.30.59-e1684625580985.png",1230,1230,false],"woocommerce_thumbnail":["https:\/\/edicionesdelantal.es\/wp-content\/uploads\/2023\/05\/Captura-de-Pantalla-2023-05-20-a-las-19.30.59-324x324.png",324,324,true],"woocommerce_single":["https:\/\/edicionesdelantal.es\/wp-content\/uploads\/2023\/05\/Captura-de-Pantalla-2023-05-20-a-las-19.30.59-416x416.png",416,416,true],"woocommerce_gallery_thumbnail":["https:\/\/edicionesdelantal.es\/wp-content\/uploads\/2023\/05\/Captura-de-Pantalla-2023-05-20-a-las-19.30.59-100x100.png",100,100,true]},"uagb_author_info":{"display_name":"Sonia Meg\u00edas","author_link":"https:\/\/edicionesdelantal.es\/en\/author\/"},"uagb_comment_info":0,"uagb_excerpt":"There's no parts. Both performers read from the general score.","jetpack_sharing_enabled":true,"_links":{"self":[{"href":"https:\/\/edicionesdelantal.es\/en\/wp-json\/wp\/v2\/product\/6306","targetHints":{"allow":["GET"]}}],"collection":[{"href":"https:\/\/edicionesdelantal.es\/en\/wp-json\/wp\/v2\/product"}],"about":[{"href":"https:\/\/edicionesdelantal.es\/en\/wp-json\/wp\/v2\/types\/product"}],"wp:featuredmedia":[{"embeddable":true,"href":"https:\/\/edicionesdelantal.es\/en\/wp-json\/wp\/v2\/media\/6308"}],"wp:attachment":[{"href":"https:\/\/edicionesdelantal.es\/en\/wp-json\/wp\/v2\/media?parent=6306"}],"wp:term":[{"taxonomy":"product_brand","embeddable":true,"href":"https:\/\/edicionesdelantal.es\/en\/wp-json\/wp\/v2\/product_brand?post=6306"},{"taxonomy":"product_cat","embeddable":true,"href":"https:\/\/edicionesdelantal.es\/en\/wp-json\/wp\/v2\/product_cat?post=6306"},{"taxonomy":"product_tag","embeddable":true,"href":"https:\/\/edicionesdelantal.es\/en\/wp-json\/wp\/v2\/product_tag?post=6306"}],"curies":[{"name":"wp","href":"https:\/\/api.w.org\/{rel}","templated":true}]}}